{"id":1690,"date":"2019-01-12T18:46:36","date_gmt":"2019-01-12T18:46:36","guid":{"rendered":"https:\/\/saunagrow.com\/mentorzy\/boleslaw-drapella\/"},"modified":"2025-04-02T12:55:47","modified_gmt":"2025-04-02T12:55:47","slug":"boleslaw-drapella","status":"publish","type":"page","link":"https:\/\/saunagrow.com\/pl\/mentorzy\/boleslaw-drapella\/","title":{"rendered":"Boles\u0142aw Drapella &#8211; Mentor"},"content":{"rendered":"\n<style type=\"text\/css\" data-created_by=\"avia_inline_auto\" id=\"style-css-av-imq5o-e4bb3020281d529dcdb84d1e9fcedec4\">\n.avia-section.av-imq5o-e4bb3020281d529dcdb84d1e9fcedec4 .av-parallax .av-parallax-inner{\nbackground-repeat:no-repeat;\nbackground-image:url(https:\/\/saunagrow.com\/wp-content\/uploads\/2025\/03\/1-241-1030x686.jpg);\nbackground-position:50% 50%;\nbackground-attachment:scroll;\n}\n<\/style>\n<div id='av_section_1'  class='avia-section av-imq5o-e4bb3020281d529dcdb84d1e9fcedec4 main_color avia-section-default avia-no-shadow  avia-builder-el-0  el_before_av_one_fifth  avia-builder-el-first  avia-full-stretch av-parallax-section avia-bg-style-parallax container_wrap sidebar_right'  data-section-bg-repeat='stretch'><div class='av-parallax' data-avia-parallax-ratio='0.3' ><div class='av-parallax-inner main_color avia-full-stretch'><\/div><\/div><div class='container av-section-cont-open' ><main  role=\"main\" itemprop=\"mainContentOfPage\"  class='template-page content  av-content-small alpha units'><div class='post-entry post-entry-type-page post-entry-1690'><div class='entry-content-wrapper clearfix'>\n\n<style type=\"text\/css\" data-created_by=\"avia_inline_auto\" id=\"style-css-av-jr4wbjxa-eb76958d6661d1ec105f59e4f8022c5d\">\n#top .av-special-heading.av-jr4wbjxa-eb76958d6661d1ec105f59e4f8022c5d{\npadding-bottom:0px;\ncolor:#ffffff;\nfont-size:60px;\n}\nbody .av-special-heading.av-jr4wbjxa-eb76958d6661d1ec105f59e4f8022c5d .av-special-heading-tag .heading-char{\nfont-size:25px;\n}\n#top #wrap_all .av-special-heading.av-jr4wbjxa-eb76958d6661d1ec105f59e4f8022c5d .av-special-heading-tag{\nfont-size:60px;\n}\n.av-special-heading.av-jr4wbjxa-eb76958d6661d1ec105f59e4f8022c5d .special-heading-inner-border{\nborder-color:#ffffff;\n}\n.av-special-heading.av-jr4wbjxa-eb76958d6661d1ec105f59e4f8022c5d .av-subheading{\nfont-size:18px;\n}\n<\/style>\n<div  class='av-special-heading av-jr4wbjxa-eb76958d6661d1ec105f59e4f8022c5d av-special-heading-h1 custom-color-heading blockquote modern-quote  avia-builder-el-1  avia-builder-el-no-sibling  av-thin-font av-inherit-size'><h1 class='av-special-heading-tag'  itemprop=\"headline\"  >Poznaj naszego <strong>Mentora<\/strong><\/h1><div class='av_custom_color av-subheading av-subheading_below'><p>i um\u00f3w si\u0119 z nim na spotkanie w saunie<\/p>\n<\/div><div class=\"special-heading-border\"><div class=\"special-heading-inner-border\"><\/div><\/div><\/div>\n<\/div><\/div><\/main><!-- close content main element --><\/div><\/div><div id='after_section_1'  class='main_color av_default_container_wrap container_wrap sidebar_right'  ><div class='container av-section-cont-open' ><div class='template-page content  av-content-small alpha units'><div class='post-entry post-entry-type-page post-entry-1690'><div class='entry-content-wrapper clearfix'>\n\n<style type=\"text\/css\" data-created_by=\"avia_inline_auto\" id=\"style-css-av-4ndk-cd0d919f444a6e2384aaa174bd312a6d\">\n.flex_column.av-4ndk-cd0d919f444a6e2384aaa174bd312a6d{\nborder-radius:0px 0px 0px 0px;\n-webkit-border-radius:0px 0px 0px 0px;\n-moz-border-radius:0px 0px 0px 0px;\n}\n<\/style>\n<div class='flex_column av-4ndk-cd0d919f444a6e2384aaa174bd312a6d av_one_fifth  avia-builder-el-2  el_after_av_section  el_before_av_two_fifth  avia-builder-el-first  first flex_column_div av-zero-column-padding '   ><section  class='avia-team-member av-jqrumq8s-1413b0910400bcb190d78a8af8d3186b  avia-builder-el-3  avia-builder-el-no-sibling '  itemscope=\"itemscope\" itemtype=\"https:\/\/schema.org\/Person\" ><div class=\"team-img-container\"><img decoding=\"async\" width=\"411\" height=\"615\" class='wp-image-7781 avia-img-lazy-loading-not-7781 avia_image avia_image_team' src=\"https:\/\/saunagrow.com\/wp-content\/uploads\/2022\/07\/bolek_male.jpg\" alt='Boles\u0142aw Drapella'  itemprop=\"image\" srcset=\"https:\/\/saunagrow.com\/wp-content\/uploads\/2022\/07\/bolek_male.jpg 411w, https:\/\/saunagrow.com\/wp-content\/uploads\/2022\/07\/bolek_male-200x300.jpg 200w\" sizes=\"(max-width: 411px) 100vw, 411px\" \/><\/div><h3 class='team-member-name '  itemprop=\"name\" >Boles\u0142aw Drapella<\/h3><div class='team-member-job-title '  itemprop=\"jobTitle\" >PRZEDSI\u0118BIORCA<\/div><span class='hidden team-member-affiliation'  itemprop=\"affiliation\" >SaunaGrow.com<\/span><\/section><\/div>\n\n<style type=\"text\/css\" data-created_by=\"avia_inline_auto\" id=\"style-css-av-26ze9o-7cccc3177e80d04d182fbd23f2bcfccc\">\n.flex_column.av-26ze9o-7cccc3177e80d04d182fbd23f2bcfccc{\nborder-radius:0px 0px 0px 0px;\n-webkit-border-radius:0px 0px 0px 0px;\n-moz-border-radius:0px 0px 0px 0px;\n}\n<\/style>\n<div class='flex_column av-26ze9o-7cccc3177e80d04d182fbd23f2bcfccc av_two_fifth  avia-builder-el-4  el_after_av_one_fifth  el_before_av_two_fifth  flex_column_div av-zero-column-padding '   ><p>\n<style type=\"text\/css\" data-created_by=\"avia_inline_auto\" id=\"style-css-av-2j1fey-6fff97a8319fa8ce15befd083a3a68c7\">\n#top .av-special-heading.av-2j1fey-6fff97a8319fa8ce15befd083a3a68c7{\npadding-bottom:10px;\n}\nbody .av-special-heading.av-2j1fey-6fff97a8319fa8ce15befd083a3a68c7 .av-special-heading-tag .heading-char{\nfont-size:25px;\n}\n.av-special-heading.av-2j1fey-6fff97a8319fa8ce15befd083a3a68c7 .av-subheading{\nfont-size:15px;\n}\n<\/style>\n<div  class='av-special-heading av-2j1fey-6fff97a8319fa8ce15befd083a3a68c7 av-special-heading-h3  avia-builder-el-5  el_before_av_textblock  avia-builder-el-first  av-thin-font'><h3 class='av-special-heading-tag'  itemprop=\"headline\"  >WI\u0118CEJ O <strong>BOLES\u0141AWIE<\/strong><\/h3><div class=\"special-heading-border\"><div class=\"special-heading-inner-border\"><\/div><\/div><\/div><br \/>\n<section  class='av_textblock_section av-4c7r0a-0bc41d397b4b00779eecd1b82bc9ad0e'  itemscope=\"itemscope\" itemtype=\"https:\/\/schema.org\/CreativeWork\" ><div class='avia_textblock'  itemprop=\"text\" ><p><span style=\"font-weight: 400;\">Pomaga firmom rosn\u0105\u0107 m\u0105drze, przy zachowaniu ludzkiej twarzy w biznesie. Do\u015bwiadczony i skuteczny manager, inwestor, founder i przedsi\u0119biorca, cz\u0142onek rad nadzorczych i eksperckich.\u00a0\u00a0\u00a0<\/span><\/p>\n<p><span style=\"font-weight: 400;\">Specjalizuje si\u0119 w sektorach online, bran\u017cy lotniczej, turystyczno-hotelarskiej, wellness, e-commerce oraz w bran\u017cy nieruchomo\u015bci. Za\u0142o\u017cyciel i prezes Saunowego Stawu &#8211; zielonego spa w sercu Kaszub, kt\u00f3re holistycznie pomaga w walce ze stresem przy zaawansowanym wykorzystaniu saun. By\u0142y Prezes Morizon SA i AirHelp Poland oraz COO w Grupie AirHelp \u2013 odpowiedzialny za rozw\u00f3j i ekspansj\u0119 firmy od 50 do 750 os\u00f3b zatrudnionych na ca\u0142ym \u015bwiecie. Znajomo\u015b\u0107 zar\u00f3wno polskiego jak i zagranicznych \u015brodowisk pracy pozwala mu patrze\u0107 holistycznie na wyzwania organizacji. Inwestor i Limited Partner <\/span><span style=\"font-weight: 400;\">w Black Pearls VC.\u00a0\u00a0<\/span><\/p>\n<p><span style=\"font-weight: 400;\">Za\u0142o\u017cyciel SaunaGrow \u2013 miejsca kreatywnych spotka\u0144 biznesowych, gdzie \u0142\u0105czy wiedz\u0119 <\/span><span style=\"font-weight: 400;\">i do\u015bwiadczenie z pasj\u0105 szerzenia kultury saunowania oraz wsparciem charytatywnym. Jako mentor SaunaGrow wspiera przedsi\u0119biorc\u00f3w w zakresie modelu biznesowego, skalowania organizacji i marketingu.\u00a0<\/span><\/p>\n<p><span style=\"font-weight: 400;\">Prywatnie ojciec gromadki dzieci, masa\u017cysta, saunamistrz, zielarz, fitoterapeuta i mi\u0119dzynarodowy s\u0119dzia saunowy.\u00a0<\/span><\/p>\n<\/div><\/section><\/p><\/div><div class='flex_column av-4iv4s-e01aa2a1c8ef56588c99679faf399684 av_two_fifth  avia-builder-el-7  el_after_av_two_fifth  el_before_av_section  avia-builder-el-last  flex_column_div '   ><p>\n<style type=\"text\/css\" data-created_by=\"avia_inline_auto\" id=\"style-css-av-jr52fchr-7968b9bfa095cec6a93a1d8a4c46715a\">\n#top .av-special-heading.av-jr52fchr-7968b9bfa095cec6a93a1d8a4c46715a{\npadding-bottom:10px;\n}\nbody .av-special-heading.av-jr52fchr-7968b9bfa095cec6a93a1d8a4c46715a .av-special-heading-tag .heading-char{\nfont-size:25px;\n}\n.av-special-heading.av-jr52fchr-7968b9bfa095cec6a93a1d8a4c46715a .av-subheading{\nfont-size:15px;\n}\n<\/style>\n<div  class='av-special-heading av-jr52fchr-7968b9bfa095cec6a93a1d8a4c46715a av-special-heading-h3  avia-builder-el-8  el_before_av_textblock  avia-builder-el-first  av-thin-font'><h3 class='av-special-heading-tag'  itemprop=\"headline\"  >UM\u00d3W <strong>SPOTKANIE<\/strong><\/h3><div class=\"special-heading-border\"><div class=\"special-heading-inner-border\"><\/div><\/div><\/div><br \/>\n<section  class='av_textblock_section av-jqtsktie-b256b62d1277f98d3f4ee90070566a07'  itemscope=\"itemscope\" itemtype=\"https:\/\/schema.org\/CreativeWork\" ><div class='avia_textblock'  itemprop=\"text\" >\n<div class=\"wpcf7 no-js\" id=\"wpcf7-f1745-o1\" lang=\"pl-PL\" dir=\"ltr\" data-wpcf7-id=\"1745\">\n<div class=\"screen-reader-response\"><p role=\"status\" aria-live=\"polite\" aria-atomic=\"true\"><\/p> <ul><\/ul><\/div>\n<form action=\"\/pl\/wp-json\/wp\/v2\/pages\/1690#wpcf7-f1745-o1\" method=\"post\" class=\"wpcf7-form init wpcf7-acceptance-as-validation\" aria-label=\"Formularz kontaktowy\" novalidate=\"novalidate\" data-status=\"init\">\n<fieldset class=\"hidden-fields-container\"><input type=\"hidden\" name=\"_wpcf7\" value=\"1745\" \/><input type=\"hidden\" name=\"_wpcf7_version\" value=\"6.1.5\" \/><input type=\"hidden\" name=\"_wpcf7_locale\" value=\"pl_PL\" \/><input type=\"hidden\" name=\"_wpcf7_unit_tag\" value=\"wpcf7-f1745-o1\" \/><input type=\"hidden\" name=\"_wpcf7_container_post\" value=\"0\" \/><input type=\"hidden\" name=\"_wpcf7_posted_data_hash\" value=\"\" \/><input type=\"hidden\" name=\"_wpcf7_recaptcha_response\" value=\"\" \/>\n<\/fieldset>\n<div class=\"wpcf7-response-output\" aria-hidden=\"true\"><\/div>\n<p><label> Imi\u0119 i nazwisko*<br \/>\n<span class=\"wpcf7-form-control-wrap\" data-name=\"your-name\"><input size=\"40\" maxlength=\"400\" class=\"wpcf7-form-control wpcf7-text wpcf7-validates-as-required\" aria-required=\"true\" aria-invalid=\"false\" value=\"\" type=\"text\" name=\"your-name\" \/><\/span> <\/label>\n<\/p>\n<p><label> E-Mail*<br \/>\n<span class=\"wpcf7-form-control-wrap\" data-name=\"your-email\"><input size=\"40\" maxlength=\"400\" class=\"wpcf7-form-control wpcf7-email wpcf7-validates-as-required wpcf7-text wpcf7-validates-as-email\" aria-required=\"true\" aria-invalid=\"false\" value=\"\" type=\"email\" name=\"your-email\" \/><\/span> <\/label>\n<\/p>\n<p><label> Numer telefonu*<br \/>\n<span class=\"wpcf7-form-control-wrap\" data-name=\"tel-982\"><input size=\"40\" maxlength=\"400\" class=\"wpcf7-form-control wpcf7-tel wpcf7-validates-as-required wpcf7-text wpcf7-validates-as-tel\" aria-required=\"true\" aria-invalid=\"false\" value=\"\" type=\"tel\" name=\"tel-982\" \/><\/span> <\/label>\n<\/p>\n<p><label> Nazwa firmy i adres WWW *<br \/>\n<span class=\"wpcf7-form-control-wrap\" data-name=\"business-name\"><input size=\"40\" maxlength=\"400\" class=\"wpcf7-form-control wpcf7-text wpcf7-validates-as-required\" aria-required=\"true\" aria-invalid=\"false\" value=\"\" type=\"text\" name=\"business-name\" \/><\/span> <\/label>\n<\/p>\n<p><label> Wiadomo\u015b\u0107 \/ opisz wyzwanie *<br \/>\n<span class=\"wpcf7-form-control-wrap\" data-name=\"your-message\"><textarea cols=\"40\" rows=\"10\" maxlength=\"2000\" class=\"wpcf7-form-control wpcf7-textarea wpcf7-validates-as-required\" aria-required=\"true\" aria-invalid=\"false\" name=\"your-message\"><\/textarea><\/span> <\/label>\n<\/p>\n<p><span class=\"wpcf7-form-control-wrap\" data-name=\"rodo\"><span class=\"wpcf7-form-control wpcf7-acceptance\"><span class=\"wpcf7-list-item\"><label><input type=\"checkbox\" name=\"rodo\" value=\"1\" aria-invalid=\"false\" \/><span class=\"wpcf7-list-item-label\">Wyra\u017cam zgod\u0119 na przetwarzanie moich danych osobowych zgodnie z ustaw\u0105 o ochronie danych osobowych w zwi\u0105zku z wys\u0142aniem zapytania. <a title=\"Podanie danych jest dobrowolne, ale niezb\u0119dne do przetworzenia zapytania. Zosta\u0142em \/am poinformowany \/a, \u017ce przys\u0142uguje mi prawo dost\u0119pu do swoich danych, mo\u017cliwo\u015bci ich poprawiania, \u017c\u0105dania zaprzestania ich przetwarzania. Administratorem danych osobowych jest RoomAuction.com Ltd z siedzib\u0105 w UK\" href=\"\/pl\/rodo\/\">Polityka prywatno\u015bci<\/a><\/span><\/label><\/span><\/span><\/span>\n<\/p>\n\n<p><input class=\"wpcf7-form-control wpcf7-submit has-spinner\" type=\"submit\" value=\"Popro\u015b o spotkanie\" \/>\n<\/p>\n<\/form>\n<\/div>\n\n<\/div><\/section><\/p><\/div><\/p>\n<\/div><\/div><\/div><!-- close content main div --><\/div><\/div><div id='av_section_2'  class='avia-section av-8b1g4-0fa384a977ea5dd0ec8d0d8dd74c2402 alternate_color avia-section-default avia-no-shadow  avia-builder-el-10  el_after_av_two_fifth  avia-builder-el-last  avia-bg-style-scroll container_wrap sidebar_right'  ><div class='container av-section-cont-open' ><div class='template-page content  av-content-small alpha units'><div class='post-entry post-entry-type-page post-entry-1690'><div class='entry-content-wrapper clearfix'>\n<div class='flex_column av-78xm0-52c07cf14a9bb2aebd47642f2a0809be av_one_half  avia-builder-el-11  el_before_av_one_half  avia-builder-el-first  first flex_column_div '   ><p>\n<style type=\"text\/css\" data-created_by=\"avia_inline_auto\" id=\"style-css-av-2n7gne-4156b2339945a7c6d5a03d214dcf79e2\">\n#top .av-special-heading.av-2n7gne-4156b2339945a7c6d5a03d214dcf79e2{\npadding-bottom:10px;\n}\nbody .av-special-heading.av-2n7gne-4156b2339945a7c6d5a03d214dcf79e2 .av-special-heading-tag .heading-char{\nfont-size:25px;\n}\n.av-special-heading.av-2n7gne-4156b2339945a7c6d5a03d214dcf79e2 .av-subheading{\nfont-size:15px;\n}\n<\/style>\n<div  class='av-special-heading av-2n7gne-4156b2339945a7c6d5a03d214dcf79e2 av-special-heading-h1  avia-builder-el-12  el_before_av_textblock  avia-builder-el-first  av-thin-font'><h1 class='av-special-heading-tag'  itemprop=\"headline\"  >Jak to <strong>dzia\u0142a<\/strong>?<\/h1><div class=\"special-heading-border\"><div class=\"special-heading-inner-border\"><\/div><\/div><\/div><br \/>\n<section  class='av_textblock_section av-65fjk-540afb229e1716415a5984ab38e3c61b'  itemscope=\"itemscope\" itemtype=\"https:\/\/schema.org\/CreativeWork\" ><div class='avia_textblock'  itemprop=\"text\" ><p>Idea SaunaGrow pozwala przedsi\u0119biorcom na pierwsze, niezobowi\u0105zuj\u0105ce spotkanie z Mentorami w przyjaznej i kreatywnej atmosferze, kt\u00f3re jednocze\u015bnie wspiera cel charytatywny. Poni\u017cej przedstawiono kroki jakie musisz wykona\u0107, aby skorzysta\u0107 ze spotka\u0144 w ramach SaunaGrow.<\/p>\n<blockquote>\n<ol>\n<li>Wybierz\u00a0<a href=\"https:\/\/saunagrow.com\/pl\/mentorzy\/\">Mentora<\/a>\u00a0z naszej listy.<\/li>\n<li>Zap\u0142a\u0107 100 EUR + VAT, kt\u00f3re przeka\u017cemy na ruch hospicyjny.<\/li>\n<li>Ustal czas spotkania w saunie z Mentorem.<\/li>\n<li>Korzystaj z efekt\u00f3w spotkania.<\/li>\n<\/ol>\n<\/blockquote>\n<\/div><\/section><\/p><\/div><div class='flex_column av-78xm0-0c6513f95b822daaead2039931b8c27b av_one_half  avia-builder-el-14  el_after_av_one_half  avia-builder-el-last  flex_column_div '   ><div  class='avia-video av-kp82262e-212a6d2066ed8b5d720b438ce582dfdf avia-video-16-9 av-lazyload-immediate av-lazyload-video-embed'  itemprop=\"video\" itemtype=\"https:\/\/schema.org\/VideoObject\"  data-original_url='https:\/\/youtu.be\/9ICXrSS6GHM'><script type='text\/html' class='av-video-tmpl'><div class='avia-iframe-wrap'><iframe loading=\"lazy\" title=\"Jak dzia\u0142a SaunaGrow?\" width=\"1500\" height=\"844\" src=\"https:\/\/www.youtube.com\/embed\/9ICXrSS6GHM?feature=oembed&autoplay=0&loop=0&controls=1&mute=0\" frameborder=\"0\" allow=\"accelerometer; autoplay; clipboard-write; encrypted-media; gyroscope; picture-in-picture\" allowfullscreen><\/iframe><\/div><\/script><div class='av-click-to-play-overlay'><div class=\"avia_playpause_icon\"><\/div><\/div><\/div><\/div>\n<\/div><\/div><\/div><!-- close content main div --><\/div><\/div><div id='after_section_2'  class='main_color av_default_container_wrap container_wrap sidebar_right'  ><div class='container av-section-cont-open' ><div class='template-page content  av-content-small alpha units'><div class='post-entry post-entry-type-page post-entry-1690'><div class='entry-content-wrapper clearfix'>\n","protected":false},"excerpt":{"rendered":"","protected":false},"author":1,"featured_media":0,"parent":1688,"menu_order":0,"comment_status":"open","ping_status":"open","template":"","meta":{"footnotes":""},"class_list":["post-1690","page","type-page","status-publish","hentry"],"yoast_head":"<!-- This site is optimized with the Yoast SEO plugin v27.4 - https:\/\/yoast.com\/product\/yoast-seo-wordpress\/ -->\n<title>Boles\u0142aw Drapella - Mentor - SaunaGrow.com<\/title>\n<meta name=\"robots\" content=\"index, follow, max-snippet:-1, max-image-preview:large, max-video-preview:-1\" \/>\n<link rel=\"canonical\" href=\"https:\/\/saunagrow.com\/pl\/mentorzy\/boleslaw-drapella\/\" \/>\n<meta property=\"og:locale\" content=\"pl_PL\" \/>\n<meta property=\"og:type\" content=\"article\" \/>\n<meta property=\"og:title\" content=\"Boles\u0142aw Drapella - Mentor - SaunaGrow.com\" \/>\n<meta property=\"og:url\" content=\"https:\/\/saunagrow.com\/pl\/mentorzy\/boleslaw-drapella\/\" \/>\n<meta property=\"og:site_name\" content=\"SaunaGrow.com\" \/>\n<meta property=\"article:modified_time\" content=\"2025-04-02T12:55:47+00:00\" \/>\n<meta property=\"og:image\" content=\"https:\/\/saunagrow.com\/wp-content\/uploads\/2019\/01\/fotografia_wnetrz_sauna_aqua_reda_czarna_zebra_male-2-1.jpg\" \/>\n\t<meta property=\"og:image:width\" content=\"1500\" \/>\n\t<meta property=\"og:image:height\" content=\"1000\" \/>\n\t<meta property=\"og:image:type\" content=\"image\/jpeg\" \/>\n<meta name=\"twitter:card\" content=\"summary_large_image\" \/>\n<meta name=\"twitter:label1\" content=\"Szacowany czas czytania\" \/>\n\t<meta name=\"twitter:data1\" content=\"3 minuty\" \/>\n<script type=\"application\/ld+json\" class=\"yoast-schema-graph\">{\"@context\":\"https:\\\/\\\/schema.org\",\"@graph\":[{\"@type\":\"WebPage\",\"@id\":\"https:\\\/\\\/saunagrow.com\\\/pl\\\/mentorzy\\\/boleslaw-drapella\\\/\",\"url\":\"https:\\\/\\\/saunagrow.com\\\/pl\\\/mentorzy\\\/boleslaw-drapella\\\/\",\"name\":\"Boles\u0142aw Drapella - Mentor - SaunaGrow.com\",\"isPartOf\":{\"@id\":\"https:\\\/\\\/saunagrow.com\\\/pl\\\/#website\"},\"datePublished\":\"2019-01-12T18:46:36+00:00\",\"dateModified\":\"2025-04-02T12:55:47+00:00\",\"breadcrumb\":{\"@id\":\"https:\\\/\\\/saunagrow.com\\\/pl\\\/mentorzy\\\/boleslaw-drapella\\\/#breadcrumb\"},\"inLanguage\":\"pl-PL\",\"potentialAction\":[{\"@type\":\"ReadAction\",\"target\":[\"https:\\\/\\\/saunagrow.com\\\/pl\\\/mentorzy\\\/boleslaw-drapella\\\/\"]}]},{\"@type\":\"BreadcrumbList\",\"@id\":\"https:\\\/\\\/saunagrow.com\\\/pl\\\/mentorzy\\\/boleslaw-drapella\\\/#breadcrumb\",\"itemListElement\":[{\"@type\":\"ListItem\",\"position\":1,\"name\":\"Home\",\"item\":\"https:\\\/\\\/saunagrow.com\\\/pl\\\/misja\\\/\"},{\"@type\":\"ListItem\",\"position\":2,\"name\":\"Mentorzy\",\"item\":\"https:\\\/\\\/saunagrow.com\\\/pl\\\/mentorzy\\\/\"},{\"@type\":\"ListItem\",\"position\":3,\"name\":\"Boles\u0142aw Drapella &#8211; Mentor\"}]},{\"@type\":\"WebSite\",\"@id\":\"https:\\\/\\\/saunagrow.com\\\/pl\\\/#website\",\"url\":\"https:\\\/\\\/saunagrow.com\\\/pl\\\/\",\"name\":\"SaunaGrow.com\",\"description\":\"Meet in Sauna. Grow your Business. Support Charity\",\"potentialAction\":[{\"@type\":\"SearchAction\",\"target\":{\"@type\":\"EntryPoint\",\"urlTemplate\":\"https:\\\/\\\/saunagrow.com\\\/pl\\\/?s={search_term_string}\"},\"query-input\":{\"@type\":\"PropertyValueSpecification\",\"valueRequired\":true,\"valueName\":\"search_term_string\"}}],\"inLanguage\":\"pl-PL\"}]}<\/script>\n<!-- \/ Yoast SEO plugin. -->","yoast_head_json":{"title":"Boles\u0142aw Drapella - Mentor - SaunaGrow.com","robots":{"index":"index","follow":"follow","max-snippet":"max-snippet:-1","max-image-preview":"max-image-preview:large","max-video-preview":"max-video-preview:-1"},"canonical":"https:\/\/saunagrow.com\/pl\/mentorzy\/boleslaw-drapella\/","og_locale":"pl_PL","og_type":"article","og_title":"Boles\u0142aw Drapella - Mentor - SaunaGrow.com","og_url":"https:\/\/saunagrow.com\/pl\/mentorzy\/boleslaw-drapella\/","og_site_name":"SaunaGrow.com","article_modified_time":"2025-04-02T12:55:47+00:00","og_image":[{"width":1500,"height":1000,"url":"https:\/\/saunagrow.com\/wp-content\/uploads\/2019\/01\/fotografia_wnetrz_sauna_aqua_reda_czarna_zebra_male-2-1.jpg","type":"image\/jpeg"}],"twitter_card":"summary_large_image","twitter_misc":{"Szacowany czas czytania":"3 minuty"},"schema":{"@context":"https:\/\/schema.org","@graph":[{"@type":"WebPage","@id":"https:\/\/saunagrow.com\/pl\/mentorzy\/boleslaw-drapella\/","url":"https:\/\/saunagrow.com\/pl\/mentorzy\/boleslaw-drapella\/","name":"Boles\u0142aw Drapella - Mentor - SaunaGrow.com","isPartOf":{"@id":"https:\/\/saunagrow.com\/pl\/#website"},"datePublished":"2019-01-12T18:46:36+00:00","dateModified":"2025-04-02T12:55:47+00:00","breadcrumb":{"@id":"https:\/\/saunagrow.com\/pl\/mentorzy\/boleslaw-drapella\/#breadcrumb"},"inLanguage":"pl-PL","potentialAction":[{"@type":"ReadAction","target":["https:\/\/saunagrow.com\/pl\/mentorzy\/boleslaw-drapella\/"]}]},{"@type":"BreadcrumbList","@id":"https:\/\/saunagrow.com\/pl\/mentorzy\/boleslaw-drapella\/#breadcrumb","itemListElement":[{"@type":"ListItem","position":1,"name":"Home","item":"https:\/\/saunagrow.com\/pl\/misja\/"},{"@type":"ListItem","position":2,"name":"Mentorzy","item":"https:\/\/saunagrow.com\/pl\/mentorzy\/"},{"@type":"ListItem","position":3,"name":"Boles\u0142aw Drapella &#8211; Mentor"}]},{"@type":"WebSite","@id":"https:\/\/saunagrow.com\/pl\/#website","url":"https:\/\/saunagrow.com\/pl\/","name":"SaunaGrow.com","description":"Meet in Sauna. Grow your Business. Support Charity","potentialAction":[{"@type":"SearchAction","target":{"@type":"EntryPoint","urlTemplate":"https:\/\/saunagrow.com\/pl\/?s={search_term_string}"},"query-input":{"@type":"PropertyValueSpecification","valueRequired":true,"valueName":"search_term_string"}}],"inLanguage":"pl-PL"}]}},"_links":{"self":[{"href":"https:\/\/saunagrow.com\/pl\/wp-json\/wp\/v2\/pages\/1690","targetHints":{"allow":["GET"]}}],"collection":[{"href":"https:\/\/saunagrow.com\/pl\/wp-json\/wp\/v2\/pages"}],"about":[{"href":"https:\/\/saunagrow.com\/pl\/wp-json\/wp\/v2\/types\/page"}],"author":[{"embeddable":true,"href":"https:\/\/saunagrow.com\/pl\/wp-json\/wp\/v2\/users\/1"}],"replies":[{"embeddable":true,"href":"https:\/\/saunagrow.com\/pl\/wp-json\/wp\/v2\/comments?post=1690"}],"version-history":[{"count":26,"href":"https:\/\/saunagrow.com\/pl\/wp-json\/wp\/v2\/pages\/1690\/revisions"}],"predecessor-version":[{"id":9797,"href":"https:\/\/saunagrow.com\/pl\/wp-json\/wp\/v2\/pages\/1690\/revisions\/9797"}],"up":[{"embeddable":true,"href":"https:\/\/saunagrow.com\/pl\/wp-json\/wp\/v2\/pages\/1688"}],"wp:attachment":[{"href":"https:\/\/saunagrow.com\/pl\/wp-json\/wp\/v2\/media?parent=1690"}],"curies":[{"name":"wp","href":"https:\/\/api.w.org\/{rel}","templated":true}]}}