{"id":1693,"date":"2019-01-12T18:47:29","date_gmt":"2019-01-12T18:47:29","guid":{"rendered":"https:\/\/saunagrow.com\/mentorzy\/natalia-laskowska-2\/"},"modified":"2025-03-21T13:46:26","modified_gmt":"2025-03-21T13:46:26","slug":"natalia-laskowska","status":"publish","type":"page","link":"https:\/\/saunagrow.com\/pl\/mentorzy\/natalia-laskowska\/","title":{"rendered":"Natalia Laskowska &#8211; Mentor"},"content":{"rendered":"\n<style type=\"text\/css\" data-created_by=\"avia_inline_auto\" id=\"style-css-av-imq5o-e4bb3020281d529dcdb84d1e9fcedec4\">\n.avia-section.av-imq5o-e4bb3020281d529dcdb84d1e9fcedec4 .av-parallax .av-parallax-inner{\nbackground-repeat:no-repeat;\nbackground-image:url(https:\/\/saunagrow.com\/wp-content\/uploads\/2025\/03\/1-241-1030x686.jpg);\nbackground-position:50% 50%;\nbackground-attachment:scroll;\n}\n<\/style>\n<div id='av_section_1'  class='avia-section av-imq5o-e4bb3020281d529dcdb84d1e9fcedec4 main_color avia-section-default avia-no-shadow  avia-builder-el-0  el_before_av_one_fifth  avia-builder-el-first  avia-full-stretch av-parallax-section avia-bg-style-parallax container_wrap sidebar_right'  data-section-bg-repeat='stretch'><div class='av-parallax' data-avia-parallax-ratio='0.3' ><div class='av-parallax-inner main_color avia-full-stretch'><\/div><\/div><div class='container av-section-cont-open' ><main  role=\"main\" itemprop=\"mainContentOfPage\"  class='template-page content  av-content-small alpha units'><div class='post-entry post-entry-type-page post-entry-1693'><div class='entry-content-wrapper clearfix'>\n\n<style type=\"text\/css\" data-created_by=\"avia_inline_auto\" id=\"style-css-av-jr51u1zp-619536639b9a90303d2b3e2c5f17523a\">\n#top .av-special-heading.av-jr51u1zp-619536639b9a90303d2b3e2c5f17523a{\npadding-bottom:0px;\ncolor:#ffffff;\nfont-size:60px;\n}\nbody .av-special-heading.av-jr51u1zp-619536639b9a90303d2b3e2c5f17523a .av-special-heading-tag .heading-char{\nfont-size:25px;\n}\n#top #wrap_all .av-special-heading.av-jr51u1zp-619536639b9a90303d2b3e2c5f17523a .av-special-heading-tag{\nfont-size:60px;\n}\n.av-special-heading.av-jr51u1zp-619536639b9a90303d2b3e2c5f17523a .special-heading-inner-border{\nborder-color:#ffffff;\n}\n.av-special-heading.av-jr51u1zp-619536639b9a90303d2b3e2c5f17523a .av-subheading{\nfont-size:18px;\n}\n<\/style>\n<div  class='av-special-heading av-jr51u1zp-619536639b9a90303d2b3e2c5f17523a av-special-heading-h1 custom-color-heading blockquote modern-quote  avia-builder-el-1  avia-builder-el-no-sibling  av-thin-font av-inherit-size'><h1 class='av-special-heading-tag'  itemprop=\"headline\"  >Poznaj nasz\u0105 <strong>Mentork\u0119<\/strong><\/h1><div class='av_custom_color av-subheading av-subheading_below'><p>i um\u00f3w si\u0119 z ni\u0105 na spotkanie w saunie<\/p>\n<\/div><div class=\"special-heading-border\"><div class=\"special-heading-inner-border\"><\/div><\/div><\/div>\n<\/div><\/div><\/main><!-- close content main element --><\/div><\/div><div id='after_section_1'  class='main_color av_default_container_wrap container_wrap sidebar_right'  ><div class='container av-section-cont-open' ><div class='template-page content  av-content-small alpha units'><div class='post-entry post-entry-type-page post-entry-1693'><div class='entry-content-wrapper clearfix'>\n\n<style type=\"text\/css\" data-created_by=\"avia_inline_auto\" id=\"style-css-av-ro8g-0c3b6d6a67dca7600598930842e159bf\">\n.flex_column.av-ro8g-0c3b6d6a67dca7600598930842e159bf{\nborder-radius:0px 0px 0px 0px;\n-webkit-border-radius:0px 0px 0px 0px;\n-moz-border-radius:0px 0px 0px 0px;\n}\n<\/style>\n<div class='flex_column av-ro8g-0c3b6d6a67dca7600598930842e159bf av_one_fifth  avia-builder-el-2  el_after_av_section  el_before_av_two_fifth  avia-builder-el-first  first flex_column_div av-zero-column-padding '   ><section  class='avia-team-member av-jqrumq8s-aeada0d1451733b3be98af5e8101d7f8  avia-builder-el-3  avia-builder-el-no-sibling '  itemscope=\"itemscope\" itemtype=\"https:\/\/schema.org\/Person\" ><div class=\"team-img-container\"><img decoding=\"async\" width=\"513\" height=\"768\" class='wp-image-7789 avia-img-lazy-loading-not-7789 avia_image avia_image_team' src=\"https:\/\/saunagrow.com\/wp-content\/uploads\/2022\/07\/natalia_male.jpg\" alt='Natalia Laskowska'  itemprop=\"image\" srcset=\"https:\/\/saunagrow.com\/wp-content\/uploads\/2022\/07\/natalia_male.jpg 513w, https:\/\/saunagrow.com\/wp-content\/uploads\/2022\/07\/natalia_male-200x300.jpg 200w, https:\/\/saunagrow.com\/wp-content\/uploads\/2022\/07\/natalia_male-471x705.jpg 471w\" sizes=\"(max-width: 513px) 100vw, 513px\" \/><\/div><h3 class='team-member-name '  itemprop=\"name\" >Natalia Laskowska<\/h3><div class='team-member-job-title '  itemprop=\"jobTitle\" >DORADCA OPERACYJNY<\/div><span class='hidden team-member-affiliation'  itemprop=\"affiliation\" >SaunaGrow.com<\/span><\/section><\/div>\n<div class='flex_column av-4iv4s-e01aa2a1c8ef56588c99679faf399684 av_two_fifth  avia-builder-el-4  el_after_av_one_fifth  el_before_av_two_fifth  flex_column_div '   ><p>\n<style type=\"text\/css\" data-created_by=\"avia_inline_auto\" id=\"style-css-av-p431-bef5d5133f3a276ab9e04afccdfe9471\">\n#top .av-special-heading.av-p431-bef5d5133f3a276ab9e04afccdfe9471{\npadding-bottom:10px;\n}\nbody .av-special-heading.av-p431-bef5d5133f3a276ab9e04afccdfe9471 .av-special-heading-tag .heading-char{\nfont-size:25px;\n}\n.av-special-heading.av-p431-bef5d5133f3a276ab9e04afccdfe9471 .av-subheading{\nfont-size:15px;\n}\n<\/style>\n<div  class='av-special-heading av-p431-bef5d5133f3a276ab9e04afccdfe9471 av-special-heading-h3  avia-builder-el-5  el_before_av_textblock  avia-builder-el-first  av-thin-font'><h3 class='av-special-heading-tag'  itemprop=\"headline\"  >WI\u0118CEJ O <strong>NATALII<\/strong> <\/h3><div class=\"special-heading-border\"><div class=\"special-heading-inner-border\"><\/div><\/div><\/div><br \/>\n<section  class='av_textblock_section av-jr523pq5-6731c592f6984e083e01e5fd9c07b0af'  itemscope=\"itemscope\" itemtype=\"https:\/\/schema.org\/CreativeWork\" ><div class='avia_textblock'  itemprop=\"text\" ><p>Ekspertka od optymalizacji i zarz\u0105dzania zespo\u0142ami. Kieruje si\u0119 danymi, koncentruje si\u0119 na efektywno\u015bci pracownik\u00f3w i doskona\u0142o\u015bci operacyjnej. Jest fank\u0105 koncepcji LEAN, dba o redukcj\u0119 koszt\u00f3w i popraw\u0119 wydajno\u015bci pracy. Uwa\u017ca, \u017ce najwa\u017cniejsi w biznesie s\u0105 ludzie.<\/p>\n<p>Jako v-ce prezes ds. Operacji w AirHelp, zbudowa\u0142a Zesp\u00f3\u0142 Operacji od zera do 450 pracownik\u00f3w, skutecznie adresuj\u0105c wyzwania szybko rosn\u0105cej organizacji. Swoje do\u015bwiadczenia wykorzystuje do wspierania za\u0142o\u017cycieli i manager\u00f3w w budowaniu strategii i realizacji cel\u00f3w. Pomaga w zarz\u0105dzaniu organizacjami i dba o zapewnienie odpowiedniej efektywno\u015bci dzia\u0142a\u0144, pe\u0142ni\u0105c m.in. role Dyrektora Operacyjnego (COO) czy te\u017c Chief of Staff.<\/p>\n<p>Jako mentorka SaunaGrow wspiera Zarz\u0105dy i manager\u00f3w w rozwoju i zarz\u0105dzaniu organizacj\u0105, budowaniu i optymalizacji proces\u00f3w oraz definiowaniu i tworzeniu kultury organizacyjnej, szczeg\u00f3lnie w aspekcie r\u00f3\u017cnorodno\u015bci.<\/p>\n<p>Prywatnie mama bli\u017aniaczek i by\u0142a pi\u0142karka r\u0119czna.<\/p>\n<\/div><\/section><\/p><\/div>\n<div class='flex_column av-4iv4s-e01aa2a1c8ef56588c99679faf399684 av_two_fifth  avia-builder-el-7  el_after_av_two_fifth  el_before_av_section  avia-builder-el-last  flex_column_div '   ><p>\n<style type=\"text\/css\" data-created_by=\"avia_inline_auto\" id=\"style-css-av-jr52ge1s-47799542c9ef14a5358c1c4aaab8966c\">\n#top .av-special-heading.av-jr52ge1s-47799542c9ef14a5358c1c4aaab8966c{\npadding-bottom:10px;\n}\nbody .av-special-heading.av-jr52ge1s-47799542c9ef14a5358c1c4aaab8966c .av-special-heading-tag .heading-char{\nfont-size:25px;\n}\n.av-special-heading.av-jr52ge1s-47799542c9ef14a5358c1c4aaab8966c .av-subheading{\nfont-size:15px;\n}\n<\/style>\n<div  class='av-special-heading av-jr52ge1s-47799542c9ef14a5358c1c4aaab8966c av-special-heading-h3  avia-builder-el-8  el_before_av_textblock  avia-builder-el-first  av-thin-font'><h3 class='av-special-heading-tag'  itemprop=\"headline\"  >UM\u00d3W <strong>SPOTKANIE<\/strong><\/h3><div class=\"special-heading-border\"><div class=\"special-heading-inner-border\"><\/div><\/div><\/div><br \/>\n<section  class='av_textblock_section av-jqtsktie-b256b62d1277f98d3f4ee90070566a07'  itemscope=\"itemscope\" itemtype=\"https:\/\/schema.org\/CreativeWork\" ><div class='avia_textblock'  itemprop=\"text\" >\n<div class=\"wpcf7 no-js\" id=\"wpcf7-f1742-o1\" lang=\"pl-PL\" dir=\"ltr\" data-wpcf7-id=\"1742\">\n<div class=\"screen-reader-response\"><p role=\"status\" aria-live=\"polite\" aria-atomic=\"true\"><\/p> <ul><\/ul><\/div>\n<form action=\"\/pl\/wp-json\/wp\/v2\/pages\/1693#wpcf7-f1742-o1\" method=\"post\" class=\"wpcf7-form init wpcf7-acceptance-as-validation\" aria-label=\"Formularz kontaktowy\" novalidate=\"novalidate\" data-status=\"init\">\n<fieldset class=\"hidden-fields-container\"><input type=\"hidden\" name=\"_wpcf7\" value=\"1742\" \/><input type=\"hidden\" name=\"_wpcf7_version\" value=\"6.1.5\" \/><input type=\"hidden\" name=\"_wpcf7_locale\" value=\"pl_PL\" \/><input type=\"hidden\" name=\"_wpcf7_unit_tag\" value=\"wpcf7-f1742-o1\" \/><input type=\"hidden\" name=\"_wpcf7_container_post\" value=\"0\" \/><input type=\"hidden\" name=\"_wpcf7_posted_data_hash\" value=\"\" \/><input type=\"hidden\" name=\"_wpcf7_recaptcha_response\" value=\"\" \/>\n<\/fieldset>\n<div class=\"wpcf7-response-output\" aria-hidden=\"true\"><\/div>\n<p><label> Imi\u0119 i nazwisko*<br \/>\n<span class=\"wpcf7-form-control-wrap\" data-name=\"your-name\"><input size=\"40\" maxlength=\"400\" class=\"wpcf7-form-control wpcf7-text wpcf7-validates-as-required\" aria-required=\"true\" aria-invalid=\"false\" value=\"\" type=\"text\" name=\"your-name\" \/><\/span> <\/label>\n<\/p>\n<p><label> E-Mail*<br \/>\n<span class=\"wpcf7-form-control-wrap\" data-name=\"your-email\"><input size=\"40\" maxlength=\"400\" class=\"wpcf7-form-control wpcf7-email wpcf7-validates-as-required wpcf7-text wpcf7-validates-as-email\" aria-required=\"true\" aria-invalid=\"false\" value=\"\" type=\"email\" name=\"your-email\" \/><\/span> <\/label>\n<\/p>\n<p><label> Numer telefonu*<br \/>\n<span class=\"wpcf7-form-control-wrap\" data-name=\"tel-982\"><input size=\"40\" maxlength=\"400\" class=\"wpcf7-form-control wpcf7-tel wpcf7-validates-as-required wpcf7-text wpcf7-validates-as-tel\" aria-required=\"true\" aria-invalid=\"false\" value=\"\" type=\"tel\" name=\"tel-982\" \/><\/span> <\/label>\n<\/p>\n<p><label> Nazwa firmy i adres WWW *<br \/>\n<span class=\"wpcf7-form-control-wrap\" data-name=\"business-name\"><input size=\"40\" maxlength=\"400\" class=\"wpcf7-form-control wpcf7-text wpcf7-validates-as-required\" aria-required=\"true\" aria-invalid=\"false\" value=\"\" type=\"text\" name=\"business-name\" \/><\/span> <\/label>\n<\/p>\n<p><label> Wiadomo\u015b\u0107 \/ opisz wyzwanie *<br \/>\n<span class=\"wpcf7-form-control-wrap\" data-name=\"your-message\"><textarea cols=\"40\" rows=\"10\" maxlength=\"2000\" class=\"wpcf7-form-control wpcf7-textarea wpcf7-validates-as-required\" aria-required=\"true\" aria-invalid=\"false\" name=\"your-message\"><\/textarea><\/span> <\/label>\n<\/p>\n<p><span class=\"wpcf7-form-control-wrap\" data-name=\"rodo\"><span class=\"wpcf7-form-control wpcf7-acceptance\"><span class=\"wpcf7-list-item\"><label><input type=\"checkbox\" name=\"rodo\" value=\"1\" aria-invalid=\"false\" \/><span class=\"wpcf7-list-item-label\">Wyra\u017cam zgod\u0119 na przetwarzanie moich danych osobowych zgodnie z ustaw\u0105 o ochronie danych osobowych w zwi\u0105zku z wys\u0142aniem zapytania. <a title=\"Podanie danych jest dobrowolne, ale niezb\u0119dne do przetworzenia zapytania. Zosta\u0142em \/am poinformowany \/a, \u017ce przys\u0142uguje mi prawo dost\u0119pu do swoich danych, mo\u017cliwo\u015bci ich poprawiania, \u017c\u0105dania zaprzestania ich przetwarzania. Administratorem danych osobowych jest RoomAuction.com Ltd z siedzib\u0105 w UK\" href=\"\/pl\/rodo\/\">Polityka prywatno\u015bci<\/a><\/span><\/label><\/span><\/span><\/span>\n<\/p>\n\n<p><input class=\"wpcf7-form-control wpcf7-submit has-spinner\" type=\"submit\" value=\"Popro\u015b o spotkanie\" \/>\n<\/p>\n<\/form>\n<\/div>\n\n<\/div><\/section><\/p><\/div>\n<\/div><\/div><\/div><!-- close content main div --><\/div><\/div><div id='av_section_2'  class='avia-section av-8b1g4-0fa384a977ea5dd0ec8d0d8dd74c2402 alternate_color avia-section-default avia-no-shadow  avia-builder-el-10  el_after_av_two_fifth  avia-builder-el-last  avia-bg-style-scroll container_wrap sidebar_right'  ><div class='container av-section-cont-open' ><div class='template-page content  av-content-small alpha units'><div class='post-entry post-entry-type-page post-entry-1693'><div class='entry-content-wrapper clearfix'>\n<div class='flex_column av-78xm0-52c07cf14a9bb2aebd47642f2a0809be av_one_half  avia-builder-el-11  el_before_av_one_half  avia-builder-el-first  first flex_column_div '   ><p>\n<style type=\"text\/css\" data-created_by=\"avia_inline_auto\" id=\"style-css-av-2fmm4d-1b289308f1ff3f281713772f89345f97\">\n#top .av-special-heading.av-2fmm4d-1b289308f1ff3f281713772f89345f97{\npadding-bottom:10px;\n}\nbody .av-special-heading.av-2fmm4d-1b289308f1ff3f281713772f89345f97 .av-special-heading-tag .heading-char{\nfont-size:25px;\n}\n.av-special-heading.av-2fmm4d-1b289308f1ff3f281713772f89345f97 .av-subheading{\nfont-size:15px;\n}\n<\/style>\n<div  class='av-special-heading av-2fmm4d-1b289308f1ff3f281713772f89345f97 av-special-heading-h1  avia-builder-el-12  el_before_av_textblock  avia-builder-el-first  av-thin-font'><h1 class='av-special-heading-tag'  itemprop=\"headline\"  >Jak to <strong>dzia\u0142a<\/strong>?<\/h1><div class=\"special-heading-border\"><div class=\"special-heading-inner-border\"><\/div><\/div><\/div><br \/>\n<section  class='av_textblock_section av-65fjk-540afb229e1716415a5984ab38e3c61b'  itemscope=\"itemscope\" itemtype=\"https:\/\/schema.org\/CreativeWork\" ><div class='avia_textblock'  itemprop=\"text\" ><p>Idea SaunaGrow pozwala przedsi\u0119biorcom na pierwsze, niezobowi\u0105zuj\u0105ce spotkanie z Mentorami w przyjaznej i kreatywnej atmosferze, kt\u00f3re jednocze\u015bnie wspiera cel charytatywny. Poni\u017cej przedstawiono kroki jakie musisz wykona\u0107, aby skorzysta\u0107 ze spotka\u0144 w ramach SaunaGrow.<\/p>\n<blockquote>\n<ol>\n<li>Wybierz\u00a0<a href=\"https:\/\/saunagrow.com\/pl\/mentorzy\/\">Mentora<\/a>\u00a0z naszej listy.<\/li>\n<li>Zap\u0142a\u0107 100 EUR + VAT, kt\u00f3re przeka\u017cemy na ruch hospicyjny.<\/li>\n<li>Ustal czas spotkania w saunie z Mentorem.<\/li>\n<li>Korzystaj z efekt\u00f3w spotkania.<\/li>\n<\/ol>\n<\/blockquote>\n<\/div><\/section><\/p><\/div><div class='flex_column av-78xm0-0c6513f95b822daaead2039931b8c27b av_one_half  avia-builder-el-14  el_after_av_one_half  avia-builder-el-last  flex_column_div '   ><div  class='avia-video av-kp82abtj-d072d0aaddac566608f98f80bd07da35 avia-video-16-9 av-lazyload-immediate av-lazyload-video-embed'  itemprop=\"video\" itemtype=\"https:\/\/schema.org\/VideoObject\"  data-original_url='https:\/\/youtu.be\/9ICXrSS6GHM'><script type='text\/html' class='av-video-tmpl'><div class='avia-iframe-wrap'><iframe loading=\"lazy\" title=\"Jak dzia\u0142a SaunaGrow?\" width=\"1500\" height=\"844\" src=\"https:\/\/www.youtube.com\/embed\/9ICXrSS6GHM?feature=oembed&autoplay=0&loop=0&controls=1&mute=0\" frameborder=\"0\" allow=\"accelerometer; autoplay; clipboard-write; encrypted-media; gyroscope; picture-in-picture\" allowfullscreen><\/iframe><\/div><\/script><div class='av-click-to-play-overlay'><div class=\"avia_playpause_icon\"><\/div><\/div><\/div><\/div>\n<\/div><\/div><\/div><!-- close content main div --><\/div><\/div><div id='after_section_2'  class='main_color av_default_container_wrap container_wrap sidebar_right'  ><div class='container av-section-cont-open' ><div class='template-page content  av-content-small alpha units'><div class='post-entry post-entry-type-page post-entry-1693'><div class='entry-content-wrapper clearfix'>\n","protected":false},"excerpt":{"rendered":"","protected":false},"author":1,"featured_media":0,"parent":1688,"menu_order":0,"comment_status":"open","ping_status":"open","template":"","meta":{"footnotes":""},"class_list":["post-1693","page","type-page","status-publish","hentry"],"yoast_head":"<!-- This site is optimized with the Yoast SEO plugin v27.5 - https:\/\/yoast.com\/product\/yoast-seo-wordpress\/ -->\n<title>Natalia Laskowska - Mentor - SaunaGrow.com<\/title>\n<meta name=\"robots\" content=\"index, follow, max-snippet:-1, max-image-preview:large, max-video-preview:-1\" \/>\n<link rel=\"canonical\" href=\"https:\/\/saunagrow.com\/pl\/mentorzy\/natalia-laskowska\/\" \/>\n<meta property=\"og:locale\" content=\"pl_PL\" \/>\n<meta property=\"og:type\" content=\"article\" \/>\n<meta property=\"og:title\" content=\"Natalia Laskowska - Mentor - SaunaGrow.com\" \/>\n<meta property=\"og:url\" content=\"https:\/\/saunagrow.com\/pl\/mentorzy\/natalia-laskowska\/\" \/>\n<meta property=\"og:site_name\" content=\"SaunaGrow.com\" \/>\n<meta property=\"article:modified_time\" content=\"2025-03-21T13:46:26+00:00\" \/>\n<meta property=\"og:image\" content=\"https:\/\/saunagrow.com\/wp-content\/uploads\/2019\/01\/fotografia_wnetrz_sauna_aqua_reda_czarna_zebra_male-2-1.jpg\" \/>\n\t<meta property=\"og:image:width\" content=\"1500\" \/>\n\t<meta property=\"og:image:height\" content=\"1000\" \/>\n\t<meta property=\"og:image:type\" content=\"image\/jpeg\" \/>\n<meta name=\"twitter:card\" content=\"summary_large_image\" \/>\n<meta name=\"twitter:label1\" content=\"Szacowany czas czytania\" \/>\n\t<meta name=\"twitter:data1\" content=\"3 minuty\" \/>\n<script type=\"application\/ld+json\" class=\"yoast-schema-graph\">{\"@context\":\"https:\\\/\\\/schema.org\",\"@graph\":[{\"@type\":\"WebPage\",\"@id\":\"https:\\\/\\\/saunagrow.com\\\/pl\\\/mentorzy\\\/natalia-laskowska\\\/\",\"url\":\"https:\\\/\\\/saunagrow.com\\\/pl\\\/mentorzy\\\/natalia-laskowska\\\/\",\"name\":\"Natalia Laskowska - Mentor - SaunaGrow.com\",\"isPartOf\":{\"@id\":\"https:\\\/\\\/saunagrow.com\\\/pl\\\/#website\"},\"datePublished\":\"2019-01-12T18:47:29+00:00\",\"dateModified\":\"2025-03-21T13:46:26+00:00\",\"breadcrumb\":{\"@id\":\"https:\\\/\\\/saunagrow.com\\\/pl\\\/mentorzy\\\/natalia-laskowska\\\/#breadcrumb\"},\"inLanguage\":\"pl-PL\",\"potentialAction\":[{\"@type\":\"ReadAction\",\"target\":[\"https:\\\/\\\/saunagrow.com\\\/pl\\\/mentorzy\\\/natalia-laskowska\\\/\"]}]},{\"@type\":\"BreadcrumbList\",\"@id\":\"https:\\\/\\\/saunagrow.com\\\/pl\\\/mentorzy\\\/natalia-laskowska\\\/#breadcrumb\",\"itemListElement\":[{\"@type\":\"ListItem\",\"position\":1,\"name\":\"Home\",\"item\":\"https:\\\/\\\/saunagrow.com\\\/pl\\\/misja\\\/\"},{\"@type\":\"ListItem\",\"position\":2,\"name\":\"Mentorzy\",\"item\":\"https:\\\/\\\/saunagrow.com\\\/pl\\\/mentorzy\\\/\"},{\"@type\":\"ListItem\",\"position\":3,\"name\":\"Natalia Laskowska &#8211; Mentor\"}]},{\"@type\":\"WebSite\",\"@id\":\"https:\\\/\\\/saunagrow.com\\\/pl\\\/#website\",\"url\":\"https:\\\/\\\/saunagrow.com\\\/pl\\\/\",\"name\":\"SaunaGrow.com\",\"description\":\"Meet in Sauna. Grow your Business. Support Charity\",\"potentialAction\":[{\"@type\":\"SearchAction\",\"target\":{\"@type\":\"EntryPoint\",\"urlTemplate\":\"https:\\\/\\\/saunagrow.com\\\/pl\\\/?s={search_term_string}\"},\"query-input\":{\"@type\":\"PropertyValueSpecification\",\"valueRequired\":true,\"valueName\":\"search_term_string\"}}],\"inLanguage\":\"pl-PL\"}]}<\/script>\n<!-- \/ Yoast SEO plugin. -->","yoast_head_json":{"title":"Natalia Laskowska - Mentor - SaunaGrow.com","robots":{"index":"index","follow":"follow","max-snippet":"max-snippet:-1","max-image-preview":"max-image-preview:large","max-video-preview":"max-video-preview:-1"},"canonical":"https:\/\/saunagrow.com\/pl\/mentorzy\/natalia-laskowska\/","og_locale":"pl_PL","og_type":"article","og_title":"Natalia Laskowska - Mentor - SaunaGrow.com","og_url":"https:\/\/saunagrow.com\/pl\/mentorzy\/natalia-laskowska\/","og_site_name":"SaunaGrow.com","article_modified_time":"2025-03-21T13:46:26+00:00","og_image":[{"width":1500,"height":1000,"url":"https:\/\/saunagrow.com\/wp-content\/uploads\/2019\/01\/fotografia_wnetrz_sauna_aqua_reda_czarna_zebra_male-2-1.jpg","type":"image\/jpeg"}],"twitter_card":"summary_large_image","twitter_misc":{"Szacowany czas czytania":"3 minuty"},"schema":{"@context":"https:\/\/schema.org","@graph":[{"@type":"WebPage","@id":"https:\/\/saunagrow.com\/pl\/mentorzy\/natalia-laskowska\/","url":"https:\/\/saunagrow.com\/pl\/mentorzy\/natalia-laskowska\/","name":"Natalia Laskowska - Mentor - SaunaGrow.com","isPartOf":{"@id":"https:\/\/saunagrow.com\/pl\/#website"},"datePublished":"2019-01-12T18:47:29+00:00","dateModified":"2025-03-21T13:46:26+00:00","breadcrumb":{"@id":"https:\/\/saunagrow.com\/pl\/mentorzy\/natalia-laskowska\/#breadcrumb"},"inLanguage":"pl-PL","potentialAction":[{"@type":"ReadAction","target":["https:\/\/saunagrow.com\/pl\/mentorzy\/natalia-laskowska\/"]}]},{"@type":"BreadcrumbList","@id":"https:\/\/saunagrow.com\/pl\/mentorzy\/natalia-laskowska\/#breadcrumb","itemListElement":[{"@type":"ListItem","position":1,"name":"Home","item":"https:\/\/saunagrow.com\/pl\/misja\/"},{"@type":"ListItem","position":2,"name":"Mentorzy","item":"https:\/\/saunagrow.com\/pl\/mentorzy\/"},{"@type":"ListItem","position":3,"name":"Natalia Laskowska &#8211; Mentor"}]},{"@type":"WebSite","@id":"https:\/\/saunagrow.com\/pl\/#website","url":"https:\/\/saunagrow.com\/pl\/","name":"SaunaGrow.com","description":"Meet in Sauna. Grow your Business. Support Charity","potentialAction":[{"@type":"SearchAction","target":{"@type":"EntryPoint","urlTemplate":"https:\/\/saunagrow.com\/pl\/?s={search_term_string}"},"query-input":{"@type":"PropertyValueSpecification","valueRequired":true,"valueName":"search_term_string"}}],"inLanguage":"pl-PL"}]}},"_links":{"self":[{"href":"https:\/\/saunagrow.com\/pl\/wp-json\/wp\/v2\/pages\/1693","targetHints":{"allow":["GET"]}}],"collection":[{"href":"https:\/\/saunagrow.com\/pl\/wp-json\/wp\/v2\/pages"}],"about":[{"href":"https:\/\/saunagrow.com\/pl\/wp-json\/wp\/v2\/types\/page"}],"author":[{"embeddable":true,"href":"https:\/\/saunagrow.com\/pl\/wp-json\/wp\/v2\/users\/1"}],"replies":[{"embeddable":true,"href":"https:\/\/saunagrow.com\/pl\/wp-json\/wp\/v2\/comments?post=1693"}],"version-history":[{"count":18,"href":"https:\/\/saunagrow.com\/pl\/wp-json\/wp\/v2\/pages\/1693\/revisions"}],"predecessor-version":[{"id":9750,"href":"https:\/\/saunagrow.com\/pl\/wp-json\/wp\/v2\/pages\/1693\/revisions\/9750"}],"up":[{"embeddable":true,"href":"https:\/\/saunagrow.com\/pl\/wp-json\/wp\/v2\/pages\/1688"}],"wp:attachment":[{"href":"https:\/\/saunagrow.com\/pl\/wp-json\/wp\/v2\/media?parent=1693"}],"curies":[{"name":"wp","href":"https:\/\/api.w.org\/{rel}","templated":true}]}}