{"id":1717,"date":"2019-01-13T11:02:29","date_gmt":"2019-01-13T11:02:29","guid":{"rendered":"https:\/\/saunagrow.com\/?p=1717"},"modified":"2022-07-15T12:57:19","modified_gmt":"2022-07-15T12:57:19","slug":"faq-all-youd-like-to-ask","status":"publish","type":"page","link":"https:\/\/saunagrow.com\/pl\/baza-wiedzy\/faq-all-youd-like-to-ask\/","title":{"rendered":"FAQ &#8211; wszystko o co chcesz spyta\u0107"},"content":{"rendered":"\n<style type=\"text\/css\" data-created_by=\"avia_inline_auto\" id=\"style-css-av-78i8l8-52fd8b4918d30a8abd9c6de2d9209e2f\">\n.flex_column.av-78i8l8-52fd8b4918d30a8abd9c6de2d9209e2f{\nborder-radius:0px 0px 0px 0px;\n-webkit-border-radius:0px 0px 0px 0px;\n-moz-border-radius:0px 0px 0px 0px;\n}\n<\/style>\n<div class='flex_column av-78i8l8-52fd8b4918d30a8abd9c6de2d9209e2f av_one_full  avia-builder-el-0  avia-builder-el-no-sibling  first flex_column_div av-zero-column-padding '   ><div  class='avia-icon-list-container av-jqso7jdu-e994f08ef003820161ebd3ad6063411b  avia-builder-el-1  avia-builder-el-no-sibling '><ul class='avia-icon-list avia_animate_when_almost_visible avia-icon-list-left av-iconlist-big av-jqso7jdu-e994f08ef003820161ebd3ad6063411b avia-iconlist-animate'>\n<li><div class='iconlist_icon av-5xuxth-88179ac9120c35cbc1ba92cffe41b797 avia-font-entypo-fontello'><span class='iconlist-char' aria-hidden='true' data-av_icon='\ue806' data-av_iconfont='entypo-fontello'><\/span><\/div><article class=\"article-icon-entry \"  itemscope=\"itemscope\" itemtype=\"https:\/\/schema.org\/CreativeWork\" ><div class=\"iconlist_content_wrap\"><header class=\"entry-content-header\"><h4 class='av_iconlist_title iconlist_title  '  itemprop=\"headline\" >Dlaczego 100% idzie na cel charytatywny? <\/h4><\/header><div class='iconlist_content '  itemprop=\"text\" ><p><strong>Chcemy dzieli\u0107 si\u0119 dobrem<\/strong> i dlatego ca\u0142y przych\u00f3d uzyskany z pierwszego spotkania w ramach SaunaGrow jest przekazywany na ruch hospicyjny. Ka\u017cde nast\u0119pne spotkanie (je\u015bli strony uznaj\u0105, \u017ce b\u0119dzie w nim warto\u015b\u0107 dodana) b\u0119dzie ustalane i wyceniane bezpo\u015brednio przez strony.<\/p>\n<\/div><\/div><footer class=\"entry-footer\"><\/footer><\/article><div class=\"iconlist-timeline\"><\/div><\/li>\n<li><div class='iconlist_icon av-3ywpnp-ff87194c90628271f0556004a2fcf435 avia-font-entypo-fontello'><span class='iconlist-char' aria-hidden='true' data-av_icon='\ue8ce' data-av_iconfont='entypo-fontello'><\/span><\/div><article class=\"article-icon-entry \"  itemscope=\"itemscope\" itemtype=\"https:\/\/schema.org\/CreativeWork\" ><div class=\"iconlist_content_wrap\"><header class=\"entry-content-header\"><h4 class='av_iconlist_title iconlist_title  '  itemprop=\"headline\" >Nie mog\u0119 lub nie chc\u0119 i\u015b\u0107 do sauny<\/h4><\/header><div class='iconlist_content '  itemprop=\"text\" ><p><strong>Nie ma sprawy<\/strong>. Jest to preferowana forma spotka\u0144, ale mo\u017cemy r\u00f3wnie\u017c spotka\u0107 si\u0119 wirtualnie za po\u015brednictwem ZOOM-a, je\u015bli tak jest lepiej dla Ciebie. Kluczowym tu jest wsparcie celu charytatywnego oraz realna pomoc Mentora dla Twojego biznesu. Sauna jest miejscem, kt\u00f3re kochamy, bo wierzymy \u017ce wspiera ona proces kreatywny. Nie jest to jednak konieczno\u015b\u0107.<\/p>\n<\/div><\/div><footer class=\"entry-footer\"><\/footer><\/article><div class=\"iconlist-timeline\"><\/div><\/li>\n<li><div class='iconlist_icon av-2kkxw5-5d1d0ea4a3a2396909725b6a5975e000 avia-font-entypo-fontello'><span class='iconlist-char' aria-hidden='true' data-av_icon='\ue80b' data-av_iconfont='entypo-fontello'><\/span><\/div><article class=\"article-icon-entry \"  itemscope=\"itemscope\" itemtype=\"https:\/\/schema.org\/CreativeWork\" ><div class=\"iconlist_content_wrap\"><header class=\"entry-content-header\"><h4 class='av_iconlist_title iconlist_title  '  itemprop=\"headline\" >Czy takie spotkanie nie b\u0119dzie przeszkadza\u0142o innym osobom w saunie?<\/h4><\/header><div class='iconlist_content '  itemprop=\"text\" ><p><strong>Upewniamy si\u0119, aby nie przeszkadza\u0142o<\/strong>. Za\u0142o\u017cyciel SaunaGrow sam jest Saunamistrzem i bardzo zale\u017cy mu na przestrzeganiu zasad poprawnego saunowania. Jedn\u0105 z zasad saunowej etykiety jest to, aby ew. dyskusje odbywa\u0142y si\u0119 tylko wtedy, gdy w saunie w danym momencie nie ma os\u00f3b postronnych. Na szcz\u0119\u015bcie Saunarium Aqua Spa ma wiele dost\u0119pnych saun i zawsze mo\u017cna znale\u017a\u0107 odpowiednie miejsce do gor\u0105cej i kreatywnej dyskusji.<\/p>\n<\/div><\/div><footer class=\"entry-footer\"><\/footer><\/article><div class=\"iconlist-timeline\"><\/div><\/li>\n<li><div class='iconlist_icon av-6berjp-2d96023a96be3f7921f85a08a1812de8 avia-font-entypo-fontello'><span class='iconlist-char' aria-hidden='true' data-av_icon='\ue80c' data-av_iconfont='entypo-fontello'><\/span><\/div><article class=\"article-icon-entry \"  itemscope=\"itemscope\" itemtype=\"https:\/\/schema.org\/CreativeWork\" ><div class=\"iconlist_content_wrap\"><header class=\"entry-content-header\"><h4 class='av_iconlist_title iconlist_title  '  itemprop=\"headline\" >Kim s\u0105 Mentorzy SaunaGrow?<\/h4><\/header><div class='iconlist_content '  itemprop=\"text\" ><p>Wsp\u00f3\u0142pracujemy z <a href=\"https:\/\/saunagrow.com\/pl\/mentorzy\/\">Mentorami<\/a> o bogatym do\u015bwiadczeniu w poszczeg\u00f3lnych, komplementarnych obszarach. Wsp\u00f3lnie posiadaj\u0105 oni umiej\u0119tno\u015bci niezb\u0119dne do rozwoju i wyskalowania biznesu. Rozw\u00f3j globalny i du\u017ce wzrosty &#8211; to jest co\u015b, co ka\u017cdy z nich robi i robi\u0142 w przesz\u0142o\u015bci. Dlatego to w\u0142a\u015bnie oni mog\u0105 wesprze\u0107 tak\u017ce Twoj\u0105 drog\u0119 do sukcesu.<\/p>\n<\/div><\/div><footer class=\"entry-footer\"><\/footer><\/article><div class=\"iconlist-timeline\"><\/div><\/li>\n<li><div class='iconlist_icon av-4v06vp-34eeb04a4942824aa485a69e94efdbe8 avia-font-entypo-fontello'><span class='iconlist-char' aria-hidden='true' data-av_icon='\ue8b1' data-av_iconfont='entypo-fontello'><\/span><\/div><article class=\"article-icon-entry \"  itemscope=\"itemscope\" itemtype=\"https:\/\/schema.org\/CreativeWork\" ><div class=\"iconlist_content_wrap\"><header class=\"entry-content-header\"><h4 class='av_iconlist_title iconlist_title  '  itemprop=\"headline\" >W czym si\u0119 specjalizujecie?<\/h4><\/header><div class='iconlist_content '  itemprop=\"text\" ><p>G\u0142\u00f3wny fokus skierowany jest na <strong>skalowaniu organizacji<\/strong> od etapu osi\u0105gania przychodu a\u017c do ekspansji mi\u0119dzynarodowej. Mo\u017cemy r\u00f3wnie\u017c pom\u00f3c w aspektach zwi\u0105zanych z\u00a0<strong>rozwojem i motywacj\u0105 zespo\u0142u,<\/strong>\u00a0jak r\u00f3wnie\u017c w\u00a0<strong>kwestiach prawnych<\/strong>\u00a0prowadzenia rosn\u0105cego biznesu. Cz\u0119sto zaspokajan\u0105 potrzeb\u0105 jest tak\u017ce\u00a0<strong>wsparcie w zakresie technologicznym<\/strong>\u00a0(procesy, d\u0142ug technologiczny, rozw\u00f3j aplikacji).<\/p>\n<\/div><\/div><footer class=\"entry-footer\"><\/footer><\/article><div class=\"iconlist-timeline\"><\/div><\/li>\n<li><div class='iconlist_icon av-2wfw9h-f7a03ff5095e5169b79f032ee442c19a avia-font-entypo-fontello'><span class='iconlist-char' aria-hidden='true' data-av_icon='\ue81d' data-av_iconfont='entypo-fontello'><\/span><\/div><article class=\"article-icon-entry \"  itemscope=\"itemscope\" itemtype=\"https:\/\/schema.org\/CreativeWork\" ><div class=\"iconlist_content_wrap\"><header class=\"entry-content-header\"><h4 class='av_iconlist_title iconlist_title  '  itemprop=\"headline\" >Masz wi\u0119cej pyta\u0144?<\/h4><\/header><div class='iconlist_content '  itemprop=\"text\" ><p><a href=\"https:\/\/saunagrow.com\/pl\/kontakt\/\">Skontaktuj<\/a> si\u0119 z nami, ch\u0119tnie odpowiemy na dalsze pytania.<\/p>\n<\/div><\/div><footer class=\"entry-footer\"><\/footer><\/article><div class=\"iconlist-timeline\"><\/div><\/li>\n<\/ul><\/div><\/div>\n","protected":false},"excerpt":{"rendered":"","protected":false},"author":1,"featured_media":602,"parent":5865,"menu_order":0,"comment_status":"open","ping_status":"open","template":"","meta":{"footnotes":""},"class_list":["post-1717","page","type-page","status-publish","has-post-thumbnail","hentry"],"yoast_head":"<!-- This site is optimized with the Yoast SEO plugin v27.5 - https:\/\/yoast.com\/product\/yoast-seo-wordpress\/ -->\n<title>FAQ - wszystko o co chcesz spyta\u0107 - SaunaGrow.com<\/title>\n<meta name=\"robots\" content=\"index, follow, max-snippet:-1, max-image-preview:large, max-video-preview:-1\" \/>\n<link rel=\"canonical\" href=\"https:\/\/saunagrow.com\/pl\/baza-wiedzy\/faq-all-youd-like-to-ask\/\" \/>\n<meta property=\"og:locale\" content=\"pl_PL\" \/>\n<meta property=\"og:type\" content=\"article\" \/>\n<meta property=\"og:title\" content=\"FAQ - wszystko o co chcesz spyta\u0107 - SaunaGrow.com\" \/>\n<meta property=\"og:url\" content=\"https:\/\/saunagrow.com\/pl\/baza-wiedzy\/faq-all-youd-like-to-ask\/\" \/>\n<meta property=\"og:site_name\" content=\"SaunaGrow.com\" \/>\n<meta property=\"article:modified_time\" content=\"2022-07-15T12:57:19+00:00\" \/>\n<meta property=\"og:image\" content=\"https:\/\/saunagrow.com\/wp-content\/uploads\/2019\/01\/fotografia_wnetrz_sauna_aqua_reda_czarna_zebra_male-14.jpg\" \/>\n\t<meta property=\"og:image:width\" content=\"1500\" \/>\n\t<meta property=\"og:image:height\" content=\"1000\" \/>\n\t<meta property=\"og:image:type\" content=\"image\/jpeg\" \/>\n<meta name=\"twitter:card\" content=\"summary_large_image\" \/>\n<meta name=\"twitter:label1\" content=\"Szacowany czas czytania\" \/>\n\t<meta name=\"twitter:data1\" content=\"2 minuty\" \/>\n<script type=\"application\/ld+json\" class=\"yoast-schema-graph\">{\"@context\":\"https:\\\/\\\/schema.org\",\"@graph\":[{\"@type\":\"WebPage\",\"@id\":\"https:\\\/\\\/saunagrow.com\\\/pl\\\/baza-wiedzy\\\/faq-all-youd-like-to-ask\\\/\",\"url\":\"https:\\\/\\\/saunagrow.com\\\/pl\\\/baza-wiedzy\\\/faq-all-youd-like-to-ask\\\/\",\"name\":\"FAQ - wszystko o co chcesz spyta\u0107 - SaunaGrow.com\",\"isPartOf\":{\"@id\":\"https:\\\/\\\/saunagrow.com\\\/pl\\\/#website\"},\"primaryImageOfPage\":{\"@id\":\"https:\\\/\\\/saunagrow.com\\\/pl\\\/baza-wiedzy\\\/faq-all-youd-like-to-ask\\\/#primaryimage\"},\"image\":{\"@id\":\"https:\\\/\\\/saunagrow.com\\\/pl\\\/baza-wiedzy\\\/faq-all-youd-like-to-ask\\\/#primaryimage\"},\"thumbnailUrl\":\"https:\\\/\\\/saunagrow.com\\\/wp-content\\\/uploads\\\/2019\\\/01\\\/fotografia_wnetrz_sauna_aqua_reda_czarna_zebra_male-14.jpg\",\"datePublished\":\"2019-01-13T11:02:29+00:00\",\"dateModified\":\"2022-07-15T12:57:19+00:00\",\"breadcrumb\":{\"@id\":\"https:\\\/\\\/saunagrow.com\\\/pl\\\/baza-wiedzy\\\/faq-all-youd-like-to-ask\\\/#breadcrumb\"},\"inLanguage\":\"pl-PL\",\"potentialAction\":[{\"@type\":\"ReadAction\",\"target\":[\"https:\\\/\\\/saunagrow.com\\\/pl\\\/baza-wiedzy\\\/faq-all-youd-like-to-ask\\\/\"]}]},{\"@type\":\"ImageObject\",\"inLanguage\":\"pl-PL\",\"@id\":\"https:\\\/\\\/saunagrow.com\\\/pl\\\/baza-wiedzy\\\/faq-all-youd-like-to-ask\\\/#primaryimage\",\"url\":\"https:\\\/\\\/saunagrow.com\\\/wp-content\\\/uploads\\\/2019\\\/01\\\/fotografia_wnetrz_sauna_aqua_reda_czarna_zebra_male-14.jpg\",\"contentUrl\":\"https:\\\/\\\/saunagrow.com\\\/wp-content\\\/uploads\\\/2019\\\/01\\\/fotografia_wnetrz_sauna_aqua_reda_czarna_zebra_male-14.jpg\",\"width\":1500,\"height\":1000,\"caption\":\"Aqua Spa in Reda - Official Partner of SaunaGrow\"},{\"@type\":\"BreadcrumbList\",\"@id\":\"https:\\\/\\\/saunagrow.com\\\/pl\\\/baza-wiedzy\\\/faq-all-youd-like-to-ask\\\/#breadcrumb\",\"itemListElement\":[{\"@type\":\"ListItem\",\"position\":1,\"name\":\"Home\",\"item\":\"https:\\\/\\\/saunagrow.com\\\/pl\\\/misja\\\/\"},{\"@type\":\"ListItem\",\"position\":2,\"name\":\"Baza wiedzy\",\"item\":\"https:\\\/\\\/saunagrow.com\\\/pl\\\/baza-wiedzy\\\/\"},{\"@type\":\"ListItem\",\"position\":3,\"name\":\"FAQ &#8211; wszystko o co chcesz spyta\u0107\"}]},{\"@type\":\"WebSite\",\"@id\":\"https:\\\/\\\/saunagrow.com\\\/pl\\\/#website\",\"url\":\"https:\\\/\\\/saunagrow.com\\\/pl\\\/\",\"name\":\"SaunaGrow.com\",\"description\":\"Meet in Sauna. Grow your Business. Support Charity\",\"potentialAction\":[{\"@type\":\"SearchAction\",\"target\":{\"@type\":\"EntryPoint\",\"urlTemplate\":\"https:\\\/\\\/saunagrow.com\\\/pl\\\/?s={search_term_string}\"},\"query-input\":{\"@type\":\"PropertyValueSpecification\",\"valueRequired\":true,\"valueName\":\"search_term_string\"}}],\"inLanguage\":\"pl-PL\"}]}<\/script>\n<!-- \/ Yoast SEO plugin. -->","yoast_head_json":{"title":"FAQ - wszystko o co chcesz spyta\u0107 - SaunaGrow.com","robots":{"index":"index","follow":"follow","max-snippet":"max-snippet:-1","max-image-preview":"max-image-preview:large","max-video-preview":"max-video-preview:-1"},"canonical":"https:\/\/saunagrow.com\/pl\/baza-wiedzy\/faq-all-youd-like-to-ask\/","og_locale":"pl_PL","og_type":"article","og_title":"FAQ - wszystko o co chcesz spyta\u0107 - SaunaGrow.com","og_url":"https:\/\/saunagrow.com\/pl\/baza-wiedzy\/faq-all-youd-like-to-ask\/","og_site_name":"SaunaGrow.com","article_modified_time":"2022-07-15T12:57:19+00:00","og_image":[{"width":1500,"height":1000,"url":"https:\/\/saunagrow.com\/wp-content\/uploads\/2019\/01\/fotografia_wnetrz_sauna_aqua_reda_czarna_zebra_male-14.jpg","type":"image\/jpeg"}],"twitter_card":"summary_large_image","twitter_misc":{"Szacowany czas czytania":"2 minuty"},"schema":{"@context":"https:\/\/schema.org","@graph":[{"@type":"WebPage","@id":"https:\/\/saunagrow.com\/pl\/baza-wiedzy\/faq-all-youd-like-to-ask\/","url":"https:\/\/saunagrow.com\/pl\/baza-wiedzy\/faq-all-youd-like-to-ask\/","name":"FAQ - wszystko o co chcesz spyta\u0107 - SaunaGrow.com","isPartOf":{"@id":"https:\/\/saunagrow.com\/pl\/#website"},"primaryImageOfPage":{"@id":"https:\/\/saunagrow.com\/pl\/baza-wiedzy\/faq-all-youd-like-to-ask\/#primaryimage"},"image":{"@id":"https:\/\/saunagrow.com\/pl\/baza-wiedzy\/faq-all-youd-like-to-ask\/#primaryimage"},"thumbnailUrl":"https:\/\/saunagrow.com\/wp-content\/uploads\/2019\/01\/fotografia_wnetrz_sauna_aqua_reda_czarna_zebra_male-14.jpg","datePublished":"2019-01-13T11:02:29+00:00","dateModified":"2022-07-15T12:57:19+00:00","breadcrumb":{"@id":"https:\/\/saunagrow.com\/pl\/baza-wiedzy\/faq-all-youd-like-to-ask\/#breadcrumb"},"inLanguage":"pl-PL","potentialAction":[{"@type":"ReadAction","target":["https:\/\/saunagrow.com\/pl\/baza-wiedzy\/faq-all-youd-like-to-ask\/"]}]},{"@type":"ImageObject","inLanguage":"pl-PL","@id":"https:\/\/saunagrow.com\/pl\/baza-wiedzy\/faq-all-youd-like-to-ask\/#primaryimage","url":"https:\/\/saunagrow.com\/wp-content\/uploads\/2019\/01\/fotografia_wnetrz_sauna_aqua_reda_czarna_zebra_male-14.jpg","contentUrl":"https:\/\/saunagrow.com\/wp-content\/uploads\/2019\/01\/fotografia_wnetrz_sauna_aqua_reda_czarna_zebra_male-14.jpg","width":1500,"height":1000,"caption":"Aqua Spa in Reda - Official Partner of SaunaGrow"},{"@type":"BreadcrumbList","@id":"https:\/\/saunagrow.com\/pl\/baza-wiedzy\/faq-all-youd-like-to-ask\/#breadcrumb","itemListElement":[{"@type":"ListItem","position":1,"name":"Home","item":"https:\/\/saunagrow.com\/pl\/misja\/"},{"@type":"ListItem","position":2,"name":"Baza wiedzy","item":"https:\/\/saunagrow.com\/pl\/baza-wiedzy\/"},{"@type":"ListItem","position":3,"name":"FAQ &#8211; wszystko o co chcesz spyta\u0107"}]},{"@type":"WebSite","@id":"https:\/\/saunagrow.com\/pl\/#website","url":"https:\/\/saunagrow.com\/pl\/","name":"SaunaGrow.com","description":"Meet in Sauna. Grow your Business. Support Charity","potentialAction":[{"@type":"SearchAction","target":{"@type":"EntryPoint","urlTemplate":"https:\/\/saunagrow.com\/pl\/?s={search_term_string}"},"query-input":{"@type":"PropertyValueSpecification","valueRequired":true,"valueName":"search_term_string"}}],"inLanguage":"pl-PL"}]}},"_links":{"self":[{"href":"https:\/\/saunagrow.com\/pl\/wp-json\/wp\/v2\/pages\/1717","targetHints":{"allow":["GET"]}}],"collection":[{"href":"https:\/\/saunagrow.com\/pl\/wp-json\/wp\/v2\/pages"}],"about":[{"href":"https:\/\/saunagrow.com\/pl\/wp-json\/wp\/v2\/types\/page"}],"author":[{"embeddable":true,"href":"https:\/\/saunagrow.com\/pl\/wp-json\/wp\/v2\/users\/1"}],"replies":[{"embeddable":true,"href":"https:\/\/saunagrow.com\/pl\/wp-json\/wp\/v2\/comments?post=1717"}],"version-history":[{"count":9,"href":"https:\/\/saunagrow.com\/pl\/wp-json\/wp\/v2\/pages\/1717\/revisions"}],"predecessor-version":[{"id":7888,"href":"https:\/\/saunagrow.com\/pl\/wp-json\/wp\/v2\/pages\/1717\/revisions\/7888"}],"up":[{"embeddable":true,"href":"https:\/\/saunagrow.com\/pl\/wp-json\/wp\/v2\/pages\/5865"}],"wp:featuredmedia":[{"embeddable":true,"href":"https:\/\/saunagrow.com\/pl\/wp-json\/wp\/v2\/media\/602"}],"wp:attachment":[{"href":"https:\/\/saunagrow.com\/pl\/wp-json\/wp\/v2\/media?parent=1717"}],"curies":[{"name":"wp","href":"https:\/\/api.w.org\/{rel}","templated":true}]}}