{"id":4029,"date":"2021-03-18T10:41:39","date_gmt":"2021-03-18T10:41:39","guid":{"rendered":"https:\/\/saunagrow.com\/?page_id=4029"},"modified":"2021-03-18T16:51:28","modified_gmt":"2021-03-18T16:51:28","slug":"ultra-way","status":"publish","type":"page","link":"https:\/\/saunagrow.com\/pl\/ultra-way\/","title":{"rendered":"Ultra Way"},"content":{"rendered":"\n<style type=\"text\/css\" data-created_by=\"avia_inline_auto\" id=\"style-css-av-imq5o-f6682b8f12bdb27e32b7e1ee83f56b73\">\n.avia-section.av-imq5o-f6682b8f12bdb27e32b7e1ee83f56b73 .av-parallax .av-parallax-inner{\nbackground-repeat:no-repeat;\nbackground-image:url(https:\/\/saunagrow.com\/wp-content\/uploads\/2021\/03\/Screenshot-2021-03-18-at-12.15.13.png);\nbackground-position:50% 100%;\nbackground-attachment:scroll;\n}\n<\/style>\n<div id='av_section_1'  class='avia-section av-imq5o-f6682b8f12bdb27e32b7e1ee83f56b73 main_color avia-section-default avia-no-shadow  avia-builder-el-0  el_before_av_one_half  avia-builder-el-first  avia-full-stretch av-parallax-section avia-bg-style-parallax container_wrap sidebar_right'  data-section-bg-repeat='stretch'><div class='av-parallax' data-avia-parallax-ratio='0.3' ><div class='av-parallax-inner main_color avia-full-stretch'><\/div><\/div><div class='container av-section-cont-open' ><main  role=\"main\" itemprop=\"mainContentOfPage\"  class='template-page content  av-content-small alpha units'><div class='post-entry post-entry-type-page post-entry-4029'><div class='entry-content-wrapper clearfix'>\n\n<style type=\"text\/css\" data-created_by=\"avia_inline_auto\" id=\"style-css-av-jqut9baa-cb46440970a80ebe4f8ad30f550ff930\">\n#top .av-special-heading.av-jqut9baa-cb46440970a80ebe4f8ad30f550ff930{\npadding-bottom:0px;\ncolor:#ffffff;\nfont-size:60px;\n}\nbody .av-special-heading.av-jqut9baa-cb46440970a80ebe4f8ad30f550ff930 .av-special-heading-tag .heading-char{\nfont-size:25px;\n}\n#top #wrap_all .av-special-heading.av-jqut9baa-cb46440970a80ebe4f8ad30f550ff930 .av-special-heading-tag{\nfont-size:60px;\n}\n.av-special-heading.av-jqut9baa-cb46440970a80ebe4f8ad30f550ff930 .special-heading-inner-border{\nborder-color:#ffffff;\n}\n.av-special-heading.av-jqut9baa-cb46440970a80ebe4f8ad30f550ff930 .av-subheading{\nfont-size:18px;\n}\n<\/style>\n<div  class='av-special-heading av-jqut9baa-cb46440970a80ebe4f8ad30f550ff930 av-special-heading-h1 custom-color-heading blockquote modern-quote  avia-builder-el-1  avia-builder-el-no-sibling  av-thin-font av-inherit-size av-linked-heading'><h1 class='av-special-heading-tag'  itemprop=\"headline\"  >Wygraj <strong>ULTRA WAY z SaunaGrow<\/strong><\/h1><div class=\"special-heading-border\"><div class=\"special-heading-inner-border\"><\/div><\/div><\/div>\n<\/div><\/div><\/main><!-- close content main element --><\/div><\/div><div id='after_section_1'  class='main_color av_default_container_wrap container_wrap sidebar_right'  ><div class='container av-section-cont-open' ><div class='template-page content  av-content-small alpha units'><div class='post-entry post-entry-type-page post-entry-4029'><div class='entry-content-wrapper clearfix'>\n\n<style type=\"text\/css\" data-created_by=\"avia_inline_auto\" id=\"style-css-av-4ndk-cd0d919f444a6e2384aaa174bd312a6d\">\n.flex_column.av-4ndk-cd0d919f444a6e2384aaa174bd312a6d{\nborder-radius:0px 0px 0px 0px;\n-webkit-border-radius:0px 0px 0px 0px;\n-moz-border-radius:0px 0px 0px 0px;\n}\n<\/style>\n<div class='flex_column av-4ndk-cd0d919f444a6e2384aaa174bd312a6d av_one_half  avia-builder-el-2  el_after_av_section  el_before_av_one_half  avia-builder-el-first  first flex_column_div av-zero-column-padding '   ><section  class='av_textblock_section av-5a7xk-537d798ea727a8388ed794b7de5ae611'  itemscope=\"itemscope\" itemtype=\"https:\/\/schema.org\/CreativeWork\" ><div class='avia_textblock'  itemprop=\"text\" ><div><\/div>\n<h1>BIZNES TO NIE SPRINT<\/h1>\n<div><\/div>\n<div>Ka\u017cde przedsi\u0119wzi\u0119cie biznesowe to bieg d\u0142ugodystansowy. Czasem 'tylko&#8217; maraton, czasem znacznie wi\u0119cej. Je\u015bli masz to, co potrzebne aby uko\u0144czy\u0107 sw\u00f3j za\u0142o\u017cony dystans, wytrwa\u0142o\u015b\u0107, determinacj\u0119, zaplanowanie i organizacj\u0119 &#8211; masz r\u00f3wnie\u017c szanse na sukces w biznesie.<\/div>\n<\/div><\/section><br \/>\n<div  class='hr av-jqvjave2-f3c9984780a315107bf6161c4c914f06 hr-short  avia-builder-el-4  el_after_av_textblock  el_before_av_textblock  hr-center'><span class='hr-inner '><span class=\"hr-inner-style\"><\/span><\/span><\/div><br \/>\n<section  class='av_textblock_section av-65fjk-5ff6345b9350c62fcbb961716eb7b253'  itemscope=\"itemscope\" itemtype=\"https:\/\/schema.org\/CreativeWork\" ><div class='avia_textblock'  itemprop=\"text\" ><blockquote>\n<p>po\u0142\u0105cz si\u0142y z SaunaGrow<\/p>\n<\/blockquote>\n<p>Tylko dla Finisher\u00f3w ULTRA WAY 2021 (dowolny dystans) przygotowali\u015bmy specjalnie a\u017c 6 spotka\u0144 z <a href=\"https:\/\/saunagrow.com\/pl\/mentorzy\/\">Mentorami SaunaGrow<\/a>. Trzy zostan\u0105 rozlosowane spo\u015br\u00f3d zg\u0142oszonych w formularzu Finisher\u00f3w, a trzy kolejne wybrane przez Mentor\u00f3w SaunaGrow na podstawie opisanych przez uczestnik\u00f3w zg\u0142osze\u0144.<\/p>\n<\/div><\/section><br \/>\n<div  class='hr av-1ymybh-55f7e6cfc8d1ead2c64621a9d29c1e86 hr-short  avia-builder-el-6  el_after_av_textblock  el_before_av_textblock  hr-center'><span class='hr-inner '><span class=\"hr-inner-style\"><\/span><\/span><\/div><br \/>\n<section  class='av_textblock_section av-kmerch3z-9e20853ffcb4a43ef7bba97dd1565661'  itemscope=\"itemscope\" itemtype=\"https:\/\/schema.org\/CreativeWork\" ><div class='avia_textblock'  itemprop=\"text\" ><blockquote>\n<p>dla kogo jest ten konkurs?<\/p>\n<\/blockquote>\n<p>Je\u015bli \u0142\u0105czysz wyzwania biegowe z prowadzeniem firmy, masz ju\u017c biznes kt\u00f3ry ma swoje wyzwania i chcesz je z konsultowa\u0107 z do\u015bwiadczonym mentorem &#8211; to jest miejsce dla Ciebie. W SaunaGrow pracuj\u0105 przedsi\u0119biorcy, managerowie, inwestorzy &#8211; ludzie, kt\u00f3rzy stworzyli i rozwin\u0119li nie jeden biznes. Oni wiedz\u0105, \u017ce biznes to nie sprint. Oni byli\/s\u0105 ju\u017c tam, gdzie Ty chcesz do\u015b\u0107.<\/p>\n<div  class='hr av-4horv1-165ca7c9308c301273cefd31d9fa7f77 hr-short  avia-builder-el-8  avia-builder-el-no-sibling  hr-center'><span class='hr-inner '><span class=\"hr-inner-style\"><\/span><\/span><\/div>\n<p><center><img loading=\"lazy\" decoding=\"async\" class=\"alignnone wp-image-4087 size-full\" src=\"https:\/\/saunagrow.com\/wp-content\/uploads\/2021\/03\/ultraway-fb.jpg\" alt=\"\" width=\"1134\" height=\"850\" srcset=\"https:\/\/saunagrow.com\/wp-content\/uploads\/2021\/03\/ultraway-fb.jpg 1134w, https:\/\/saunagrow.com\/wp-content\/uploads\/2021\/03\/ultraway-fb-600x450.jpg 600w\" sizes=\"auto, (max-width: 1134px) 100vw, 1134px\" \/><\/center><center><\/center><center><\/center><center>SaunaGrow jest Partnerem biegu <a href=\"https:\/\/ultra-way.pl\/\">ULTRA WAY.<\/a><br \/>\nRazem mo\u017cemy osi\u0105gn\u0105\u0107 znacznie wi\u0119cej.<\/center><\/p>\n<\/div><\/section><br \/>\n<div  class='hr av-2pqlrx-016baa0ef9ca5c48ee7fc2fb58cec5b8 hr-short  avia-builder-el-9  el_after_av_textblock  avia-builder-el-last  hr-center'><span class='hr-inner '><span class=\"hr-inner-style\"><\/span><\/span><\/div><\/p><\/div><div class='flex_column av-4iv4s-e01aa2a1c8ef56588c99679faf399684 av_one_half  avia-builder-el-10  el_after_av_one_half  el_before_av_section  avia-builder-el-last  flex_column_div '   ><p>\n<style type=\"text\/css\" data-created_by=\"avia_inline_auto\" id=\"style-css-av-90zhus-7fd0f9ad1ded7fdb910d9bb08a309434\">\n#top .av-special-heading.av-90zhus-7fd0f9ad1ded7fdb910d9bb08a309434{\npadding-bottom:10px;\n}\nbody .av-special-heading.av-90zhus-7fd0f9ad1ded7fdb910d9bb08a309434 .av-special-heading-tag .heading-char{\nfont-size:25px;\n}\n.av-special-heading.av-90zhus-7fd0f9ad1ded7fdb910d9bb08a309434 .av-subheading{\nfont-size:15px;\n}\n<\/style>\n<div  class='av-special-heading av-90zhus-7fd0f9ad1ded7fdb910d9bb08a309434 av-special-heading-h2  avia-builder-el-11  el_before_av_textblock  avia-builder-el-first  av-thin-font av-linked-heading'><h2 class='av-special-heading-tag'  itemprop=\"headline\"  >Startujesz w ULTRA WAY?<br \/>\n<strong>Opisz wyzwanie biznesowe<\/strong><br \/>\n&amp; zg\u0142o\u015b si\u0119 do SaunaGrow<\/h2><div class=\"special-heading-border\"><div class=\"special-heading-inner-border\"><\/div><\/div><\/div><br \/>\n<section  class='av_textblock_section av-jqvjaa7v-461cf261ffa8b8623caee67b1226960f'  itemscope=\"itemscope\" itemtype=\"https:\/\/schema.org\/CreativeWork\" ><div class='avia_textblock'  itemprop=\"text\" >\n<div class=\"wpcf7 no-js\" id=\"wpcf7-f4034-o1\" lang=\"pl-PL\" dir=\"ltr\" data-wpcf7-id=\"4034\">\n<div class=\"screen-reader-response\"><p role=\"status\" aria-live=\"polite\" aria-atomic=\"true\"><\/p> <ul><\/ul><\/div>\n<form action=\"\/pl\/wp-json\/wp\/v2\/pages\/4029#wpcf7-f4034-o1\" method=\"post\" class=\"wpcf7-form init wpcf7-acceptance-as-validation\" aria-label=\"Formularz kontaktowy\" novalidate=\"novalidate\" data-status=\"init\">\n<fieldset class=\"hidden-fields-container\"><input type=\"hidden\" name=\"_wpcf7\" value=\"4034\" \/><input type=\"hidden\" name=\"_wpcf7_version\" value=\"6.1.5\" \/><input type=\"hidden\" name=\"_wpcf7_locale\" value=\"pl_PL\" \/><input type=\"hidden\" name=\"_wpcf7_unit_tag\" value=\"wpcf7-f4034-o1\" \/><input type=\"hidden\" name=\"_wpcf7_container_post\" value=\"0\" \/><input type=\"hidden\" name=\"_wpcf7_posted_data_hash\" value=\"\" \/><input type=\"hidden\" name=\"_wpcf7_recaptcha_response\" value=\"\" \/>\n<\/fieldset>\n<div class=\"wpcf7-response-output\" aria-hidden=\"true\"><\/div>\n<p><label> Imi\u0119 i nazwisko*<br \/>\n<span class=\"wpcf7-form-control-wrap\" data-name=\"your-name\"><input size=\"40\" maxlength=\"400\" class=\"wpcf7-form-control wpcf7-text wpcf7-validates-as-required\" aria-required=\"true\" aria-invalid=\"false\" value=\"\" type=\"text\" name=\"your-name\" \/><\/span> <\/label>\n<\/p>\n<p><label> E-Mail*<br \/>\n<span class=\"wpcf7-form-control-wrap\" data-name=\"your-email\"><input size=\"40\" maxlength=\"400\" class=\"wpcf7-form-control wpcf7-email wpcf7-validates-as-required wpcf7-text wpcf7-validates-as-email\" aria-required=\"true\" aria-invalid=\"false\" value=\"\" type=\"email\" name=\"your-email\" \/><\/span> <\/label>\n<\/p>\n<p><label> Numer telefonu*<br \/>\n<span class=\"wpcf7-form-control-wrap\" data-name=\"tel-982\"><input size=\"40\" maxlength=\"400\" class=\"wpcf7-form-control wpcf7-tel wpcf7-validates-as-required wpcf7-text wpcf7-validates-as-tel\" aria-required=\"true\" aria-invalid=\"false\" value=\"\" type=\"tel\" name=\"tel-982\" \/><\/span> <\/label>\n<\/p>\n<p><label> Nazwa firmy i adres WWW *<br \/>\n<span class=\"wpcf7-form-control-wrap\" data-name=\"business-name\"><input size=\"40\" maxlength=\"400\" class=\"wpcf7-form-control wpcf7-text wpcf7-validates-as-required\" aria-required=\"true\" aria-invalid=\"false\" value=\"\" type=\"text\" name=\"business-name\" \/><\/span> <\/label>\n<\/p>\n<p><label> Koniecznie opisz swoje biznesowe wyzwanie *<br \/>\n<span class=\"wpcf7-form-control-wrap\" data-name=\"your-message\"><textarea cols=\"40\" rows=\"10\" maxlength=\"2000\" class=\"wpcf7-form-control wpcf7-textarea wpcf7-validates-as-required\" aria-required=\"true\" aria-invalid=\"false\" name=\"your-message\"><\/textarea><\/span> <\/label>\n<\/p>\n<p><span class=\"wpcf7-form-control-wrap\" data-name=\"rodo\"><span class=\"wpcf7-form-control wpcf7-acceptance\"><span class=\"wpcf7-list-item\"><label><input type=\"checkbox\" name=\"rodo\" value=\"1\" aria-invalid=\"false\" \/><span class=\"wpcf7-list-item-label\">Wyra\u017cam zgod\u0119 na przetwarzanie moich danych osobowych zgodnie z ustaw\u0105 o ochronie danych osobowych w zwi\u0105zku z wys\u0142aniem zapytania. <a title=\"Podanie danych jest dobrowolne, ale niezb\u0119dne do przetworzenia zapytania. Zosta\u0142em \/am poinformowany \/a, \u017ce przys\u0142uguje mi prawo dost\u0119pu do swoich danych, mo\u017cliwo\u015bci ich poprawiania, \u017c\u0105dania zaprzestania ich przetwarzania. Administratorem danych osobowych jest RoomAuction.com Ltd z siedzib\u0105 w UK\" href=\"\/pl\/rodo\/\">Polityka prywatno\u015bci<\/a><\/span><\/label><\/span><\/span><\/span>\n<\/p>\n\n<p><input class=\"wpcf7-form-control wpcf7-submit has-spinner\" type=\"submit\" value=\"Wy\u015blij\" \/>\n<\/p>\n<\/form>\n<\/div>\n\n<\/div><\/section><\/p><\/div><\/p>\n<\/div><\/div><\/div><!-- close content main div --><\/div><\/div><div id='av_section_2'  class='avia-section av-843aok-184d9e89eefd35c453ea6eedeaa19bfe alternate_color avia-section-default avia-no-border-styling  avia-builder-el-13  el_after_av_one_half  avia-builder-el-last  avia-bg-style-scroll container_wrap sidebar_right'  ><div class='container av-section-cont-open' ><div class='template-page content  av-content-small alpha units'><div class='post-entry post-entry-type-page post-entry-4029'><div class='entry-content-wrapper clearfix'>\n\n<style type=\"text\/css\" data-created_by=\"avia_inline_auto\" id=\"style-css-av-5m1wv8-ac0ab654b7222a6d3398f2dcb991b7d3\">\n.flex_column.av-5m1wv8-ac0ab654b7222a6d3398f2dcb991b7d3{\nborder-radius:0px 0px 0px 0px;\n-webkit-border-radius:0px 0px 0px 0px;\n-moz-border-radius:0px 0px 0px 0px;\n}\n<\/style>\n<div class='flex_column av-5m1wv8-ac0ab654b7222a6d3398f2dcb991b7d3 av_one_fourth  avia-builder-el-14  el_before_av_one_half  avia-builder-el-first  first flex_column_div av-zero-column-padding '   ><\/div>\n<style type=\"text\/css\" data-created_by=\"avia_inline_auto\" id=\"style-css-av-3zn2pg-c56aba5848c631b80cd74de33dce4a36\">\n.flex_column.av-3zn2pg-c56aba5848c631b80cd74de33dce4a36{\nborder-radius:0px 0px 0px 0px;\n-webkit-border-radius:0px 0px 0px 0px;\n-moz-border-radius:0px 0px 0px 0px;\n}\n<\/style>\n<div class='flex_column av-3zn2pg-c56aba5848c631b80cd74de33dce4a36 av_one_half  avia-builder-el-15  el_after_av_one_fourth  avia-builder-el-last  flex_column_div av-zero-column-padding '   ><p>\n<style type=\"text\/css\" data-created_by=\"avia_inline_auto\" id=\"style-css-av-2j0s9g-77f76d68bed472e5e2218739d4b947e2\">\n#top .av-special-heading.av-2j0s9g-77f76d68bed472e5e2218739d4b947e2{\npadding-bottom:10px;\n}\nbody .av-special-heading.av-2j0s9g-77f76d68bed472e5e2218739d4b947e2 .av-special-heading-tag .heading-char{\nfont-size:25px;\n}\n.av-special-heading.av-2j0s9g-77f76d68bed472e5e2218739d4b947e2 .av-subheading{\nfont-size:15px;\n}\n<\/style>\n<div  class='av-special-heading av-2j0s9g-77f76d68bed472e5e2218739d4b947e2 av-special-heading-h2  avia-builder-el-16  el_before_av_mailchimp  avia-builder-el-first  av-thin-font'><h2 class='av-special-heading-tag'  itemprop=\"headline\"  >Zapisz si\u0119 do <strong>newslettera<\/strong><\/h2><div class=\"special-heading-border\"><div class=\"special-heading-inner-border\"><\/div><\/div><\/div><br \/>\n<form action=\"https:\/\/saunagrow.com\/pl\/ultra-way\/\" method=\"post\"  data-av-custom-send='mailchimp_send' class=\"avia_ajax_form av-form-labels-visible   avia-builder-el-17  el_after_av_heading  avia-builder-el-last   avia-mailchimp-form \" data-avia-form-id=\"1\" data-avia-redirect='' ><fieldset><p class='  first_form  form_element form_fullwidth' id='element_avia_0_1'><label for=\"avia_0_1\">E-mail <abbr class=\"required\" title=\"required\">*<\/abbr><\/label> <input name=\"avia_0_1\" class=\"text_input is_email\" type=\"text\" id=\"avia_0_1\" value=\"\" \/><\/p><p class=\"form_element  first_form  form_element form_fullwidth av-last-visible-form-element modified_width\"><input type=\"hidden\" value=\"1\" name=\"avia_generated_form1\" \/><input type=\"submit\" value=\"Zapisz si\u0119\" class=\"button\"  data-sending-label=\"Trwa wysy\u0142anie...\"\/><\/p><p class=\"hidden\"><input type=\"text\" name=\"avia_avia_username_1\" class=\"hidden \" id=\"avia_avia_username_1\" value=\"\" \/><\/p><\/fieldset><\/form><div id=\"ajaxresponse_1\" class=\"ajaxresponse ajaxresponse_1 hidden\"><\/div><\/p><\/div>\n<\/div><\/div><\/div><!-- close content main div --><\/div><\/div><div id='after_section_2'  class='main_color av_default_container_wrap container_wrap sidebar_right'  ><div class='container av-section-cont-open' ><div class='template-page content  av-content-small alpha units'><div class='post-entry post-entry-type-page post-entry-4029'><div class='entry-content-wrapper clearfix'>\n","protected":false},"excerpt":{"rendered":"","protected":false},"author":1,"featured_media":0,"parent":0,"menu_order":0,"comment_status":"closed","ping_status":"closed","template":"","meta":{"footnotes":""},"class_list":["post-4029","page","type-page","status-publish","hentry"],"yoast_head":"<!-- This site is optimized with the Yoast SEO plugin v27.5 - https:\/\/yoast.com\/product\/yoast-seo-wordpress\/ -->\n<title>Ultra Way - SaunaGrow.com<\/title>\n<meta name=\"robots\" content=\"index, follow, max-snippet:-1, max-image-preview:large, max-video-preview:-1\" \/>\n<link rel=\"canonical\" href=\"https:\/\/saunagrow.com\/pl\/ultra-way\/\" \/>\n<meta property=\"og:locale\" content=\"pl_PL\" \/>\n<meta property=\"og:type\" content=\"article\" \/>\n<meta property=\"og:title\" content=\"Ultra Way - SaunaGrow.com\" \/>\n<meta property=\"og:url\" content=\"https:\/\/saunagrow.com\/pl\/ultra-way\/\" \/>\n<meta property=\"og:site_name\" content=\"SaunaGrow.com\" \/>\n<meta property=\"article:modified_time\" content=\"2021-03-18T16:51:28+00:00\" \/>\n<meta property=\"og:image\" content=\"https:\/\/saunagrow.com\/wp-content\/uploads\/2021\/03\/ultraway-sg.jpg\" \/>\n\t<meta property=\"og:image:width\" content=\"2120\" \/>\n\t<meta property=\"og:image:height\" content=\"1388\" \/>\n\t<meta property=\"og:image:type\" content=\"image\/jpeg\" \/>\n<meta name=\"twitter:card\" content=\"summary_large_image\" \/>\n<meta name=\"twitter:image\" content=\"https:\/\/saunagrow.com\/wp-content\/uploads\/2021\/03\/ultraway-sg.jpg\" \/>\n<meta name=\"twitter:label1\" content=\"Szacowany czas czytania\" \/>\n\t<meta name=\"twitter:data1\" content=\"4 minuty\" \/>\n<script type=\"application\/ld+json\" class=\"yoast-schema-graph\">{\"@context\":\"https:\\\/\\\/schema.org\",\"@graph\":[{\"@type\":\"WebPage\",\"@id\":\"https:\\\/\\\/saunagrow.com\\\/pl\\\/ultra-way\\\/\",\"url\":\"https:\\\/\\\/saunagrow.com\\\/pl\\\/ultra-way\\\/\",\"name\":\"Ultra Way - SaunaGrow.com\",\"isPartOf\":{\"@id\":\"https:\\\/\\\/saunagrow.com\\\/pl\\\/#website\"},\"primaryImageOfPage\":{\"@id\":\"https:\\\/\\\/saunagrow.com\\\/pl\\\/ultra-way\\\/#primaryimage\"},\"image\":{\"@id\":\"https:\\\/\\\/saunagrow.com\\\/pl\\\/ultra-way\\\/#primaryimage\"},\"thumbnailUrl\":\"https:\\\/\\\/saunagrow.com\\\/wp-content\\\/uploads\\\/2021\\\/03\\\/ultraway-fb.jpg\",\"datePublished\":\"2021-03-18T10:41:39+00:00\",\"dateModified\":\"2021-03-18T16:51:28+00:00\",\"breadcrumb\":{\"@id\":\"https:\\\/\\\/saunagrow.com\\\/pl\\\/ultra-way\\\/#breadcrumb\"},\"inLanguage\":\"pl-PL\",\"potentialAction\":[{\"@type\":\"ReadAction\",\"target\":[\"https:\\\/\\\/saunagrow.com\\\/pl\\\/ultra-way\\\/\"]}]},{\"@type\":\"ImageObject\",\"inLanguage\":\"pl-PL\",\"@id\":\"https:\\\/\\\/saunagrow.com\\\/pl\\\/ultra-way\\\/#primaryimage\",\"url\":\"https:\\\/\\\/saunagrow.com\\\/wp-content\\\/uploads\\\/2021\\\/03\\\/ultraway-fb.jpg\",\"contentUrl\":\"https:\\\/\\\/saunagrow.com\\\/wp-content\\\/uploads\\\/2021\\\/03\\\/ultraway-fb.jpg\"},{\"@type\":\"BreadcrumbList\",\"@id\":\"https:\\\/\\\/saunagrow.com\\\/pl\\\/ultra-way\\\/#breadcrumb\",\"itemListElement\":[{\"@type\":\"ListItem\",\"position\":1,\"name\":\"Home\",\"item\":\"https:\\\/\\\/saunagrow.com\\\/pl\\\/misja\\\/\"},{\"@type\":\"ListItem\",\"position\":2,\"name\":\"Ultra Way\"}]},{\"@type\":\"WebSite\",\"@id\":\"https:\\\/\\\/saunagrow.com\\\/pl\\\/#website\",\"url\":\"https:\\\/\\\/saunagrow.com\\\/pl\\\/\",\"name\":\"SaunaGrow.com\",\"description\":\"Meet in Sauna. Grow your Business. Support Charity\",\"potentialAction\":[{\"@type\":\"SearchAction\",\"target\":{\"@type\":\"EntryPoint\",\"urlTemplate\":\"https:\\\/\\\/saunagrow.com\\\/pl\\\/?s={search_term_string}\"},\"query-input\":{\"@type\":\"PropertyValueSpecification\",\"valueRequired\":true,\"valueName\":\"search_term_string\"}}],\"inLanguage\":\"pl-PL\"}]}<\/script>\n<!-- \/ Yoast SEO plugin. -->","yoast_head_json":{"title":"Ultra Way - SaunaGrow.com","robots":{"index":"index","follow":"follow","max-snippet":"max-snippet:-1","max-image-preview":"max-image-preview:large","max-video-preview":"max-video-preview:-1"},"canonical":"https:\/\/saunagrow.com\/pl\/ultra-way\/","og_locale":"pl_PL","og_type":"article","og_title":"Ultra Way - SaunaGrow.com","og_url":"https:\/\/saunagrow.com\/pl\/ultra-way\/","og_site_name":"SaunaGrow.com","article_modified_time":"2021-03-18T16:51:28+00:00","og_image":[{"width":2120,"height":1388,"url":"https:\/\/saunagrow.com\/wp-content\/uploads\/2021\/03\/ultraway-sg.jpg","type":"image\/jpeg"}],"twitter_card":"summary_large_image","twitter_image":"https:\/\/saunagrow.com\/wp-content\/uploads\/2021\/03\/ultraway-sg.jpg","twitter_misc":{"Szacowany czas czytania":"4 minuty"},"schema":{"@context":"https:\/\/schema.org","@graph":[{"@type":"WebPage","@id":"https:\/\/saunagrow.com\/pl\/ultra-way\/","url":"https:\/\/saunagrow.com\/pl\/ultra-way\/","name":"Ultra Way - SaunaGrow.com","isPartOf":{"@id":"https:\/\/saunagrow.com\/pl\/#website"},"primaryImageOfPage":{"@id":"https:\/\/saunagrow.com\/pl\/ultra-way\/#primaryimage"},"image":{"@id":"https:\/\/saunagrow.com\/pl\/ultra-way\/#primaryimage"},"thumbnailUrl":"https:\/\/saunagrow.com\/wp-content\/uploads\/2021\/03\/ultraway-fb.jpg","datePublished":"2021-03-18T10:41:39+00:00","dateModified":"2021-03-18T16:51:28+00:00","breadcrumb":{"@id":"https:\/\/saunagrow.com\/pl\/ultra-way\/#breadcrumb"},"inLanguage":"pl-PL","potentialAction":[{"@type":"ReadAction","target":["https:\/\/saunagrow.com\/pl\/ultra-way\/"]}]},{"@type":"ImageObject","inLanguage":"pl-PL","@id":"https:\/\/saunagrow.com\/pl\/ultra-way\/#primaryimage","url":"https:\/\/saunagrow.com\/wp-content\/uploads\/2021\/03\/ultraway-fb.jpg","contentUrl":"https:\/\/saunagrow.com\/wp-content\/uploads\/2021\/03\/ultraway-fb.jpg"},{"@type":"BreadcrumbList","@id":"https:\/\/saunagrow.com\/pl\/ultra-way\/#breadcrumb","itemListElement":[{"@type":"ListItem","position":1,"name":"Home","item":"https:\/\/saunagrow.com\/pl\/misja\/"},{"@type":"ListItem","position":2,"name":"Ultra Way"}]},{"@type":"WebSite","@id":"https:\/\/saunagrow.com\/pl\/#website","url":"https:\/\/saunagrow.com\/pl\/","name":"SaunaGrow.com","description":"Meet in Sauna. Grow your Business. Support Charity","potentialAction":[{"@type":"SearchAction","target":{"@type":"EntryPoint","urlTemplate":"https:\/\/saunagrow.com\/pl\/?s={search_term_string}"},"query-input":{"@type":"PropertyValueSpecification","valueRequired":true,"valueName":"search_term_string"}}],"inLanguage":"pl-PL"}]}},"_links":{"self":[{"href":"https:\/\/saunagrow.com\/pl\/wp-json\/wp\/v2\/pages\/4029","targetHints":{"allow":["GET"]}}],"collection":[{"href":"https:\/\/saunagrow.com\/pl\/wp-json\/wp\/v2\/pages"}],"about":[{"href":"https:\/\/saunagrow.com\/pl\/wp-json\/wp\/v2\/types\/page"}],"author":[{"embeddable":true,"href":"https:\/\/saunagrow.com\/pl\/wp-json\/wp\/v2\/users\/1"}],"replies":[{"embeddable":true,"href":"https:\/\/saunagrow.com\/pl\/wp-json\/wp\/v2\/comments?post=4029"}],"version-history":[{"count":12,"href":"https:\/\/saunagrow.com\/pl\/wp-json\/wp\/v2\/pages\/4029\/revisions"}],"predecessor-version":[{"id":4086,"href":"https:\/\/saunagrow.com\/pl\/wp-json\/wp\/v2\/pages\/4029\/revisions\/4086"}],"wp:attachment":[{"href":"https:\/\/saunagrow.com\/pl\/wp-json\/wp\/v2\/media?parent=4029"}],"curies":[{"name":"wp","href":"https:\/\/api.w.org\/{rel}","templated":true}]}}