{"id":5865,"date":"2022-05-27T18:46:26","date_gmt":"2022-05-27T18:46:26","guid":{"rendered":"https:\/\/saunagrow.com\/?p=5865"},"modified":"2025-03-21T12:42:07","modified_gmt":"2025-03-21T12:42:07","slug":"baza-wiedzy","status":"publish","type":"page","link":"https:\/\/saunagrow.com\/pl\/baza-wiedzy\/","title":{"rendered":"Baza wiedzy"},"content":{"rendered":"\n<style type=\"text\/css\" data-created_by=\"avia_inline_auto\" id=\"style-css-av-l3pwrixx-d996c58169df51587d0e0ede9b139ed0\">\n.avia-section.av-l3pwrixx-d996c58169df51587d0e0ede9b139ed0 .av-parallax .av-parallax-inner{\nbackground-repeat:no-repeat;\nbackground-image:url(https:\/\/saunagrow.com\/wp-content\/uploads\/2025\/02\/sauna-1-1030x579-1.png);\nbackground-position:50% 50%;\nbackground-attachment:scroll;\n}\n<\/style>\n<div id='av_section_1'  class='avia-section av-l3pwrixx-d996c58169df51587d0e0ede9b139ed0 main_color avia-section-default avia-no-border-styling  avia-builder-el-0  el_before_av_one_third  avia-builder-el-first  avia-full-stretch av-parallax-section avia-bg-style-parallax container_wrap sidebar_right'  data-section-bg-repeat='stretch'><div class='av-parallax' data-avia-parallax-ratio='0.3' ><div class='av-parallax-inner main_color avia-full-stretch'><\/div><\/div><div class='container av-section-cont-open' ><main  role=\"main\" itemprop=\"mainContentOfPage\"  class='template-page content  av-content-small alpha units'><div class='post-entry post-entry-type-page post-entry-5865'><div class='entry-content-wrapper clearfix'>\n<div class='flex_column av-33hjjt-c252a172ec39f64eb3f2635fc42b2032 av_one_full  avia-builder-el-1  avia-builder-el-no-sibling  first flex_column_div '   ><style type=\"text\/css\" data-created_by=\"avia_inline_auto\" id=\"style-css-av-l3px412c-aa08134534091803c8526b7de0785857\">\n#top .av_textblock_section.av-l3px412c-aa08134534091803c8526b7de0785857 .avia_textblock{\ncolor:#ffffff;\n}\n<\/style>\n<section  class='av_textblock_section av-l3px412c-aa08134534091803c8526b7de0785857'  itemscope=\"itemscope\" itemtype=\"https:\/\/schema.org\/CreativeWork\" ><div class='avia_textblock av_inherit_color'  itemprop=\"text\" ><h1 class=\"av-special-heading-tag\" style=\"text-align: right;\">Baza wiedzy SaunaGrow<\/h1>\n<\/div><\/section><\/div><\/div><\/div><\/main><!-- close content main element --><\/div><\/div><div id='after_section_1'  class='main_color av_default_container_wrap container_wrap sidebar_right'  ><div class='container av-section-cont-open' ><div class='template-page content  av-content-small alpha units'><div class='post-entry post-entry-type-page post-entry-5865'><div class='entry-content-wrapper clearfix'>\n<style type=\"text\/css\" data-created_by=\"avia_inline_auto\" id=\"style-css-av-92qiv8-2019d2ad7e4e30696630261ea878e91a\">\n.flex_column.av-92qiv8-2019d2ad7e4e30696630261ea878e91a{\nborder-radius:0px 0px 0px 0px;\n-webkit-border-radius:0px 0px 0px 0px;\n-moz-border-radius:0px 0px 0px 0px;\n}\n<\/style>\n<div class='flex_column av-92qiv8-2019d2ad7e4e30696630261ea878e91a av_one_third  avia-builder-el-3  el_after_av_section  el_before_av_one_third  avia-builder-el-first  first flex_column_div av-zero-column-padding '   ><p>\n<style type=\"text\/css\" data-created_by=\"avia_inline_auto\" id=\"style-css-av-l4e4iyn0-e1fad10af31c029b27ed1ac8c875044b\">\n.av_font_icon.av-l4e4iyn0-e1fad10af31c029b27ed1ac8c875044b .av-icon-char{\nfont-size:40px;\nline-height:40px;\nwidth:40px;\n}\n<\/style>\n<span  class='av_font_icon av-l4e4iyn0-e1fad10af31c029b27ed1ac8c875044b avia_animate_when_visible av-icon-style-border avia-icon-pos-center av-no-color avia-icon-animate'><a href='https:\/\/saunagrow.com\/pl\/rozmowy\/'  class='av-icon-char' aria-hidden='true' data-av_icon='\ue801' data-av_iconfont='entypo-fontello' ><\/a><\/span><br \/>\n<section  class='av_textblock_section av-l3osti3n-53f02f07ba71f00271b90214bc680fab'  itemscope=\"itemscope\" itemtype=\"https:\/\/schema.org\/CreativeWork\" ><div class='avia_textblock'  itemprop=\"text\" ><h3><\/h3>\n<h3 style=\"text-align: center;\"><a href=\"https:\/\/saunagrow.com\/pl\/rozmowy\/\">PODCAST<\/a><\/h3>\n<p style=\"text-align: center;\">To cykliczne podcasty zainspirowane spotkaniami mentorskimi, w ramach projektu SaunaGrow.com, kt\u00f3re odbywaj\u0105 si\u0119 w najprawdziwszych saunach i pomagaj\u0105 przedsi\u0119biorcom m\u0105drze rozwija\u0107 swoje biznesy.<\/p>\n<\/div><\/section><\/p><\/div><\/p>\n\n<style type=\"text\/css\" data-created_by=\"avia_inline_auto\" id=\"style-css-av-3q1fy1-94522bb56208e69d2826b5301f2c33a3\">\n.flex_column.av-3q1fy1-94522bb56208e69d2826b5301f2c33a3{\nborder-radius:0px 0px 0px 0px;\n-webkit-border-radius:0px 0px 0px 0px;\n-moz-border-radius:0px 0px 0px 0px;\n}\n<\/style>\n<div class='flex_column av-3q1fy1-94522bb56208e69d2826b5301f2c33a3 av_one_third  avia-builder-el-6  el_after_av_one_third  el_before_av_one_third  flex_column_div av-zero-column-padding '   ><p>\n<style type=\"text\/css\" data-created_by=\"avia_inline_auto\" id=\"style-css-av-l4e4orus-dd685bca91ebe97639ec0c6b2922f546\">\n.av_font_icon.av-l4e4orus-dd685bca91ebe97639ec0c6b2922f546 .av-icon-char{\nfont-size:40px;\nline-height:40px;\nwidth:40px;\n}\n<\/style>\n<span  class='av_font_icon av-l4e4orus-dd685bca91ebe97639ec0c6b2922f546 avia_animate_when_visible av-icon-style-border avia-icon-pos-center av-no-color avia-icon-animate'><a href='https:\/\/saunagrow.com\/pl\/blog\/'  class='av-icon-char' aria-hidden='true' data-av_icon='\ue84e' data-av_iconfont='entypo-fontello' ><\/a><\/span><br \/>\n<section  class='av_textblock_section av-l4e4unap-70dd194dcaa66fb139293ee188eb77c1'  itemscope=\"itemscope\" itemtype=\"https:\/\/schema.org\/CreativeWork\" ><div class='avia_textblock'  itemprop=\"text\" ><h3><\/h3>\n<h3 style=\"text-align: center;\"><a href=\"https:\/\/saunagrow.com\/pl\/blog\/\">BLOG<\/a><\/h3>\n<p style=\"text-align: center;\">Lubisz czyta\u0107? W tej zak\u0142adce znajdziesz artyku\u0142y (nie tylko) o biznesie, transkrypcje podcast\u00f3w, zasady poprawnego saunowania oraz relacje z wydarze\u0144 .<\/p>\n<\/div><\/section><\/p><\/div>\n\n<style type=\"text\/css\" data-created_by=\"avia_inline_auto\" id=\"style-css-av-1xxwyh-10b23a57ef80950ecb1ce1d4c4217773\">\n.flex_column.av-1xxwyh-10b23a57ef80950ecb1ce1d4c4217773{\nborder-radius:0px 0px 0px 0px;\n-webkit-border-radius:0px 0px 0px 0px;\n-moz-border-radius:0px 0px 0px 0px;\n}\n<\/style>\n<div class='flex_column av-1xxwyh-10b23a57ef80950ecb1ce1d4c4217773 av_one_third  avia-builder-el-9  el_after_av_one_third  avia-builder-el-last  flex_column_div av-zero-column-padding '   ><p>\n<style type=\"text\/css\" data-created_by=\"avia_inline_auto\" id=\"style-css-av-l4e4y37i-a3dea6e626eeaccdee2d4170de7aa391\">\n.av_font_icon.av-l4e4y37i-a3dea6e626eeaccdee2d4170de7aa391 .av-icon-char{\nfont-size:40px;\nline-height:40px;\nwidth:40px;\n}\n<\/style>\n<span  class='av_font_icon av-l4e4y37i-a3dea6e626eeaccdee2d4170de7aa391 avia_animate_when_visible av-icon-style-border avia-icon-pos-center av-no-color avia-icon-animate'><a href='https:\/\/saunagrow.com\/pl\/faq-all-youd-like-to-ask\/'  class='av-icon-char' aria-hidden='true' data-av_icon='\ue81c' data-av_iconfont='entypo-fontello' ><\/a><\/span><br \/>\n<section  class='av_textblock_section av-l4e4xdev-91dd5572007fdc6de0af880a7376e9ee'  itemscope=\"itemscope\" itemtype=\"https:\/\/schema.org\/CreativeWork\" ><div class='avia_textblock'  itemprop=\"text\" ><h3><\/h3>\n<h3 style=\"text-align: center;\"><a href=\"https:\/\/saunagrow.com\/pl\/faq-all-youd-like-to-ask\/\">FAQ<\/a><\/h3>\n<p style=\"text-align: center;\">Wszystko o co chcesz zapyta\u0107 lub potrzebujesz wiedzie\u0107 przed spotkaniem z nami.<\/p>\n<\/div><\/section><\/p><\/div>\n","protected":false},"excerpt":{"rendered":"","protected":false},"author":6,"featured_media":0,"parent":0,"menu_order":0,"comment_status":"open","ping_status":"open","template":"","meta":{"footnotes":""},"class_list":["post-5865","page","type-page","status-publish","hentry"],"yoast_head":"<!-- This site is optimized with the Yoast SEO plugin v27.4 - https:\/\/yoast.com\/product\/yoast-seo-wordpress\/ -->\n<title>Baza wiedzy - SaunaGrow.com<\/title>\n<meta name=\"description\" content=\"Podcast SaunaGrow, to rozmowy zainspirowane spotkaniami mentorskimi w ramach projektu SaunaGrow.com, kt\u00f3re pomagaj\u0105 przedsi\u0119biorcom m\u0105drze rozwija\u0107 swoje biznesy. Boles\u0142aw Drapella - za\u0142o\u017cyciel, Jego go\u015bcie oraz Mentorzy SaunaGrow, opowiadaj\u0105 o wyzwaniach za\u0142o\u017cycieli, manager\u00f3w oraz pracownik\u00f3w firm.\" \/>\n<meta name=\"robots\" content=\"index, follow, max-snippet:-1, max-image-preview:large, max-video-preview:-1\" \/>\n<link rel=\"canonical\" href=\"https:\/\/saunagrow.com\/pl\/baza-wiedzy\/\" \/>\n<meta property=\"og:locale\" content=\"pl_PL\" \/>\n<meta property=\"og:type\" content=\"article\" \/>\n<meta property=\"og:title\" content=\"Baza wiedzy - SaunaGrow.com\" \/>\n<meta property=\"og:description\" content=\"Podcast SaunaGrow, to rozmowy zainspirowane spotkaniami mentorskimi w ramach projektu SaunaGrow.com, kt\u00f3re pomagaj\u0105 przedsi\u0119biorcom m\u0105drze rozwija\u0107 swoje biznesy. Boles\u0142aw Drapella - za\u0142o\u017cyciel, Jego go\u015bcie oraz Mentorzy SaunaGrow, opowiadaj\u0105 o wyzwaniach za\u0142o\u017cycieli, manager\u00f3w oraz pracownik\u00f3w firm.\" \/>\n<meta property=\"og:url\" content=\"https:\/\/saunagrow.com\/pl\/baza-wiedzy\/\" \/>\n<meta property=\"og:site_name\" content=\"SaunaGrow.com\" \/>\n<meta property=\"article:modified_time\" content=\"2025-03-21T12:42:07+00:00\" \/>\n<meta property=\"og:image\" content=\"https:\/\/saunagrow.com\/wp-content\/uploads\/2019\/01\/fotografia_wnetrz_sauna_aqua_reda_czarna_zebra_male-2-1.jpg\" \/>\n\t<meta property=\"og:image:width\" content=\"1500\" \/>\n\t<meta property=\"og:image:height\" content=\"1000\" \/>\n\t<meta property=\"og:image:type\" content=\"image\/jpeg\" \/>\n<meta name=\"twitter:card\" content=\"summary_large_image\" \/>\n<meta name=\"twitter:label1\" content=\"Szacowany czas czytania\" \/>\n\t<meta name=\"twitter:data1\" content=\"3 minuty\" \/>\n<script type=\"application\/ld+json\" class=\"yoast-schema-graph\">{\"@context\":\"https:\\\/\\\/schema.org\",\"@graph\":[{\"@type\":\"WebPage\",\"@id\":\"https:\\\/\\\/saunagrow.com\\\/pl\\\/baza-wiedzy\\\/\",\"url\":\"https:\\\/\\\/saunagrow.com\\\/pl\\\/baza-wiedzy\\\/\",\"name\":\"Baza wiedzy - SaunaGrow.com\",\"isPartOf\":{\"@id\":\"https:\\\/\\\/saunagrow.com\\\/pl\\\/#website\"},\"datePublished\":\"2022-05-27T18:46:26+00:00\",\"dateModified\":\"2025-03-21T12:42:07+00:00\",\"description\":\"Podcast SaunaGrow, to rozmowy zainspirowane spotkaniami mentorskimi w ramach projektu SaunaGrow.com, kt\u00f3re pomagaj\u0105 przedsi\u0119biorcom m\u0105drze rozwija\u0107 swoje biznesy. Boles\u0142aw Drapella - za\u0142o\u017cyciel, Jego go\u015bcie oraz Mentorzy SaunaGrow, opowiadaj\u0105 o wyzwaniach za\u0142o\u017cycieli, manager\u00f3w oraz pracownik\u00f3w firm.\",\"breadcrumb\":{\"@id\":\"https:\\\/\\\/saunagrow.com\\\/pl\\\/baza-wiedzy\\\/#breadcrumb\"},\"inLanguage\":\"pl-PL\",\"potentialAction\":[{\"@type\":\"ReadAction\",\"target\":[\"https:\\\/\\\/saunagrow.com\\\/pl\\\/baza-wiedzy\\\/\"]}]},{\"@type\":\"BreadcrumbList\",\"@id\":\"https:\\\/\\\/saunagrow.com\\\/pl\\\/baza-wiedzy\\\/#breadcrumb\",\"itemListElement\":[{\"@type\":\"ListItem\",\"position\":1,\"name\":\"Home\",\"item\":\"https:\\\/\\\/saunagrow.com\\\/pl\\\/misja\\\/\"},{\"@type\":\"ListItem\",\"position\":2,\"name\":\"Baza wiedzy\"}]},{\"@type\":\"WebSite\",\"@id\":\"https:\\\/\\\/saunagrow.com\\\/pl\\\/#website\",\"url\":\"https:\\\/\\\/saunagrow.com\\\/pl\\\/\",\"name\":\"SaunaGrow.com\",\"description\":\"Meet in Sauna. Grow your Business. Support Charity\",\"potentialAction\":[{\"@type\":\"SearchAction\",\"target\":{\"@type\":\"EntryPoint\",\"urlTemplate\":\"https:\\\/\\\/saunagrow.com\\\/pl\\\/?s={search_term_string}\"},\"query-input\":{\"@type\":\"PropertyValueSpecification\",\"valueRequired\":true,\"valueName\":\"search_term_string\"}}],\"inLanguage\":\"pl-PL\"}]}<\/script>\n<!-- \/ Yoast SEO plugin. -->","yoast_head_json":{"title":"Baza wiedzy - SaunaGrow.com","description":"Podcast SaunaGrow, to rozmowy zainspirowane spotkaniami mentorskimi w ramach projektu SaunaGrow.com, kt\u00f3re pomagaj\u0105 przedsi\u0119biorcom m\u0105drze rozwija\u0107 swoje biznesy. Boles\u0142aw Drapella - za\u0142o\u017cyciel, Jego go\u015bcie oraz Mentorzy SaunaGrow, opowiadaj\u0105 o wyzwaniach za\u0142o\u017cycieli, manager\u00f3w oraz pracownik\u00f3w firm.","robots":{"index":"index","follow":"follow","max-snippet":"max-snippet:-1","max-image-preview":"max-image-preview:large","max-video-preview":"max-video-preview:-1"},"canonical":"https:\/\/saunagrow.com\/pl\/baza-wiedzy\/","og_locale":"pl_PL","og_type":"article","og_title":"Baza wiedzy - SaunaGrow.com","og_description":"Podcast SaunaGrow, to rozmowy zainspirowane spotkaniami mentorskimi w ramach projektu SaunaGrow.com, kt\u00f3re pomagaj\u0105 przedsi\u0119biorcom m\u0105drze rozwija\u0107 swoje biznesy. Boles\u0142aw Drapella - za\u0142o\u017cyciel, Jego go\u015bcie oraz Mentorzy SaunaGrow, opowiadaj\u0105 o wyzwaniach za\u0142o\u017cycieli, manager\u00f3w oraz pracownik\u00f3w firm.","og_url":"https:\/\/saunagrow.com\/pl\/baza-wiedzy\/","og_site_name":"SaunaGrow.com","article_modified_time":"2025-03-21T12:42:07+00:00","og_image":[{"width":1500,"height":1000,"url":"https:\/\/saunagrow.com\/wp-content\/uploads\/2019\/01\/fotografia_wnetrz_sauna_aqua_reda_czarna_zebra_male-2-1.jpg","type":"image\/jpeg"}],"twitter_card":"summary_large_image","twitter_misc":{"Szacowany czas czytania":"3 minuty"},"schema":{"@context":"https:\/\/schema.org","@graph":[{"@type":"WebPage","@id":"https:\/\/saunagrow.com\/pl\/baza-wiedzy\/","url":"https:\/\/saunagrow.com\/pl\/baza-wiedzy\/","name":"Baza wiedzy - SaunaGrow.com","isPartOf":{"@id":"https:\/\/saunagrow.com\/pl\/#website"},"datePublished":"2022-05-27T18:46:26+00:00","dateModified":"2025-03-21T12:42:07+00:00","description":"Podcast SaunaGrow, to rozmowy zainspirowane spotkaniami mentorskimi w ramach projektu SaunaGrow.com, kt\u00f3re pomagaj\u0105 przedsi\u0119biorcom m\u0105drze rozwija\u0107 swoje biznesy. Boles\u0142aw Drapella - za\u0142o\u017cyciel, Jego go\u015bcie oraz Mentorzy SaunaGrow, opowiadaj\u0105 o wyzwaniach za\u0142o\u017cycieli, manager\u00f3w oraz pracownik\u00f3w firm.","breadcrumb":{"@id":"https:\/\/saunagrow.com\/pl\/baza-wiedzy\/#breadcrumb"},"inLanguage":"pl-PL","potentialAction":[{"@type":"ReadAction","target":["https:\/\/saunagrow.com\/pl\/baza-wiedzy\/"]}]},{"@type":"BreadcrumbList","@id":"https:\/\/saunagrow.com\/pl\/baza-wiedzy\/#breadcrumb","itemListElement":[{"@type":"ListItem","position":1,"name":"Home","item":"https:\/\/saunagrow.com\/pl\/misja\/"},{"@type":"ListItem","position":2,"name":"Baza wiedzy"}]},{"@type":"WebSite","@id":"https:\/\/saunagrow.com\/pl\/#website","url":"https:\/\/saunagrow.com\/pl\/","name":"SaunaGrow.com","description":"Meet in Sauna. Grow your Business. Support Charity","potentialAction":[{"@type":"SearchAction","target":{"@type":"EntryPoint","urlTemplate":"https:\/\/saunagrow.com\/pl\/?s={search_term_string}"},"query-input":{"@type":"PropertyValueSpecification","valueRequired":true,"valueName":"search_term_string"}}],"inLanguage":"pl-PL"}]}},"_links":{"self":[{"href":"https:\/\/saunagrow.com\/pl\/wp-json\/wp\/v2\/pages\/5865","targetHints":{"allow":["GET"]}}],"collection":[{"href":"https:\/\/saunagrow.com\/pl\/wp-json\/wp\/v2\/pages"}],"about":[{"href":"https:\/\/saunagrow.com\/pl\/wp-json\/wp\/v2\/types\/page"}],"author":[{"embeddable":true,"href":"https:\/\/saunagrow.com\/pl\/wp-json\/wp\/v2\/users\/6"}],"replies":[{"embeddable":true,"href":"https:\/\/saunagrow.com\/pl\/wp-json\/wp\/v2\/comments?post=5865"}],"version-history":[{"count":49,"href":"https:\/\/saunagrow.com\/pl\/wp-json\/wp\/v2\/pages\/5865\/revisions"}],"predecessor-version":[{"id":9704,"href":"https:\/\/saunagrow.com\/pl\/wp-json\/wp\/v2\/pages\/5865\/revisions\/9704"}],"wp:attachment":[{"href":"https:\/\/saunagrow.com\/pl\/wp-json\/wp\/v2\/media?parent=5865"}],"curies":[{"name":"wp","href":"https:\/\/api.w.org\/{rel}","templated":true}]}}