{"id":7216,"date":"2022-06-15T14:54:17","date_gmt":"2022-06-15T14:54:17","guid":{"rendered":"https:\/\/saunagrow.com\/?page_id=7216"},"modified":"2025-05-03T19:33:27","modified_gmt":"2025-05-03T19:33:27","slug":"cennik","status":"publish","type":"page","link":"https:\/\/saunagrow.com\/pl\/cennik\/","title":{"rendered":"Cennik"},"content":{"rendered":"\n<style type=\"text\/css\" data-created_by=\"avia_inline_auto\" id=\"style-css-av-imq5o-514389295d5e2c5831b65a9507973d5f\">\n.avia-section.av-imq5o-514389295d5e2c5831b65a9507973d5f .av-parallax .av-parallax-inner{\nbackground-repeat:no-repeat;\nbackground-image:url(https:\/\/saunagrow.com\/wp-content\/uploads\/2025\/02\/sauna-pirts-1030x687-1.png);\nbackground-position:50% 50%;\nbackground-attachment:scroll;\n}\n<\/style>\n<div id='av_section_1'  class='avia-section av-imq5o-514389295d5e2c5831b65a9507973d5f main_color avia-section-default avia-no-shadow  avia-builder-el-0  el_before_av_one_full  avia-builder-el-first  avia-full-stretch av-parallax-section avia-bg-style-parallax container_wrap sidebar_right'  data-section-bg-repeat='stretch'><div class='av-parallax' data-avia-parallax-ratio='0.3' ><div class='av-parallax-inner main_color avia-full-stretch'><\/div><\/div><div class='container av-section-cont-open' ><main  role=\"main\" itemprop=\"mainContentOfPage\"  class='template-page content  av-content-small alpha units'><div class='post-entry post-entry-type-page post-entry-7216'><div class='entry-content-wrapper clearfix'>\n\n<style type=\"text\/css\" data-created_by=\"avia_inline_auto\" id=\"style-css-av-37d76w-52abd3ed606284da27506639f024df4b\">\n#top .av-special-heading.av-37d76w-52abd3ed606284da27506639f024df4b{\npadding-bottom:0px;\ncolor:#ffffff;\nfont-size:60px;\n}\nbody .av-special-heading.av-37d76w-52abd3ed606284da27506639f024df4b .av-special-heading-tag .heading-char{\nfont-size:25px;\n}\n#top #wrap_all .av-special-heading.av-37d76w-52abd3ed606284da27506639f024df4b .av-special-heading-tag{\nfont-size:60px;\n}\n.av-special-heading.av-37d76w-52abd3ed606284da27506639f024df4b .special-heading-inner-border{\nborder-color:#ffffff;\n}\n.av-special-heading.av-37d76w-52abd3ed606284da27506639f024df4b .av-subheading{\nfont-size:18px;\n}\n<\/style>\n<div  class='av-special-heading av-37d76w-52abd3ed606284da27506639f024df4b av-special-heading-h1 custom-color-heading blockquote modern-quote  avia-builder-el-1  avia-builder-el-no-sibling  av-thin-font av-inherit-size av-linked-heading'><h1 class='av-special-heading-tag'  itemprop=\"headline\"  > <strong>CENNIK<\/strong><\/h1><div class=\"special-heading-border\"><div class=\"special-heading-inner-border\"><\/div><\/div><\/div>\n<\/div><\/div><\/main><!-- close content main element --><\/div><\/div><div id='after_section_1'  class='main_color av_default_container_wrap container_wrap sidebar_right'  ><div class='container av-section-cont-open' ><div class='template-page content  av-content-small alpha units'><div class='post-entry post-entry-type-page post-entry-7216'><div class='entry-content-wrapper clearfix'>\n<div class='flex_column av-35ndio-11f7e895abbc774e29d8233eaf4b5135 av_one_full  avia-builder-el-2  el_after_av_section  el_before_av_one_fourth  avia-builder-el-first  first flex_column_div '   ><section  class='av_textblock_section av-l4phgqq3-c6de117ca483e56bcfc2c848d1d8e3e6'  itemscope=\"itemscope\" itemtype=\"https:\/\/schema.org\/CreativeWork\" ><div class='avia_textblock'  itemprop=\"text\" ><h3>Praca z mentorami SaunaGrow mo\u017ce mie\u0107 r\u00f3\u017cne wymiary:<\/h3>\n<ul>\n<li><strong>spotkania ad-hoc<\/strong> &#8211; pierwsze w promocyjnej cenie, a dodatkowo 100% przychodu z takiego spotkania wspiera ruch hospicyjny<\/li>\n<li><strong>sta\u0142e miesi\u0119czne pakiety<\/strong> &#8211; zyskujesz dzi\u0119ki nim ni\u017csz\u0105 stawk\u0119 za godzin\u0119 pracy dowolnego z Mentor\u00f3w (czas rozliczamy co 15 min.), a Ty masz pe\u0142n\u0105 kontrol\u0119 nad wykorzystanym czasem<\/li>\n<li><strong>interim management<\/strong> &#8211; zdefiniowane w czasie i zakresie dzia\u0142ania realizowane przez Mentora wewn\u0105trz Twojej organizacji &#8211; nakierowane na osi\u0105gni\u0119cie konkretnych, ustalonych rezultat\u00f3w biznesowych<\/li>\n<\/ul>\n<\/div><\/section><\/div>\n<div class='flex_column av-enjpk0-7d0bfbf75bc130783798f9be32cea62c av_one_fourth  avia-builder-el-4  el_after_av_one_full  el_before_av_one_fourth  first flex_column_div column-top-margin'   ><p>\n<style type=\"text\/css\" data-created_by=\"avia_inline_auto\" id=\"style-css-av-l60iaqyt-73757a16e36cc1fba181246809c23c59\">\n.avia-image-container.av-l60iaqyt-73757a16e36cc1fba181246809c23c59 .av-image-caption-overlay-center{\ncolor:#ffffff;\n}\n<\/style>\n<div  class='avia-image-container av-l60iaqyt-73757a16e36cc1fba181246809c23c59 av-styling- avia-align-center  avia-builder-el-5  el_before_av_textblock  avia-builder-el-first '  itemprop=\"image\" itemscope=\"itemscope\" itemtype=\"https:\/\/schema.org\/ImageObject\" ><div class=\"avia-image-container-inner\"><div class=\"avia-image-overlay-wrap\"><a href=\"https:\/\/saunagrow.com\/pl\/shop\/poznajmy-sie-1-godzinne-spotkanie-dostepne-tylko-jeden-raz\/\" class='avia_image' ><img decoding=\"async\" width=\"300\" height=\"300\" class='wp-image-7672 avia-img-lazy-loading-not-7672 avia_image' src=\"https:\/\/saunagrow.com\/wp-content\/uploads\/2022\/07\/RBM_1-300x300.png\" alt='' title='RBM_1'  itemprop=\"thumbnailUrl\" srcset=\"https:\/\/saunagrow.com\/wp-content\/uploads\/2022\/07\/RBM_1-300x300.png 300w, https:\/\/saunagrow.com\/wp-content\/uploads\/2022\/07\/RBM_1-1030x1030.png 1030w, https:\/\/saunagrow.com\/wp-content\/uploads\/2022\/07\/RBM_1-80x80.png 80w, https:\/\/saunagrow.com\/wp-content\/uploads\/2022\/07\/RBM_1-768x768.png 768w, https:\/\/saunagrow.com\/wp-content\/uploads\/2022\/07\/RBM_1-36x36.png 36w, https:\/\/saunagrow.com\/wp-content\/uploads\/2022\/07\/RBM_1-180x180.png 180w, https:\/\/saunagrow.com\/wp-content\/uploads\/2022\/07\/RBM_1-705x705.png 705w, https:\/\/saunagrow.com\/wp-content\/uploads\/2022\/07\/RBM_1-100x100.png 100w, https:\/\/saunagrow.com\/wp-content\/uploads\/2022\/07\/RBM_1-600x600.png 600w, https:\/\/saunagrow.com\/wp-content\/uploads\/2022\/07\/RBM_1.png 1200w\" sizes=\"(max-width: 300px) 100vw, 300px\" \/><\/a><\/div><\/div><\/div><br \/>\n<section  class='av_textblock_section av-l60iccnr-14985923e841fe80b3ee80bc33c982cb'  itemscope=\"itemscope\" itemtype=\"https:\/\/schema.org\/CreativeWork\" ><div class='avia_textblock'  itemprop=\"text\" ><h3 class=\"team-member-name \" style=\"text-align: center;\">PIERWSZE SPOTKANIE<\/h3>\n<p style=\"text-align: center;\">450 z\u0142\/h<\/p>\n<\/div><\/section><br \/>\n<div  class='avia-buttonrow-wrap av-jqttst7p-828f3f9618d7f1fc49a4131c3a5f1cf9 avia-buttonrow-center  avia-builder-el-7  el_after_av_textblock  avia-builder-el-last '>\n\n<style type=\"text\/css\" data-created_by=\"avia_inline_auto\" id=\"style-css-av-5y6314-4311909dd1ab8b69b6aaf28ee62687ff\">\n#top #wrap_all .avia-button.av-5y6314-4311909dd1ab8b69b6aaf28ee62687ff{\nmargin-bottom:5px;\nmargin-right:3px;\nmargin-left:3px;\n}\n<\/style>\n<a href='https:\/\/saunagrow.com\/pl\/shop\/poznajmy-sie-1-godzinne-spotkanie-dostepne-tylko-jeden-raz\/'  class='avia-button av-5y6314-4311909dd1ab8b69b6aaf28ee62687ff avia-icon_select-yes-left-icon avia-size-small avia-color-theme-color'  ><span class='avia_button_icon avia_button_icon_left ' aria-hidden='true' data-av_icon='\ue80b' data-av_iconfont='entypo-fontello'><\/span><span class='avia_iconbox_title' >wybierz mentora<\/span><\/a>\n<\/div><\/p><\/div>\n<div class='flex_column av-d6721c-ff84ce5e710e26a2fc7c2a3371fe7a4c av_one_fourth  avia-builder-el-8  el_after_av_one_fourth  el_before_av_one_fourth  flex_column_div column-top-margin'   ><p>\n<style type=\"text\/css\" data-created_by=\"avia_inline_auto\" id=\"style-css-av-l60ik5sn-1c2abfb25956ebec46bf252c02258a9a\">\n.avia-image-container.av-l60ik5sn-1c2abfb25956ebec46bf252c02258a9a .av-image-caption-overlay-center{\ncolor:#ffffff;\n}\n<\/style>\n<div  class='avia-image-container av-l60ik5sn-1c2abfb25956ebec46bf252c02258a9a av-styling- avia-align-center  avia-builder-el-9  el_before_av_textblock  avia-builder-el-first '  itemprop=\"image\" itemscope=\"itemscope\" itemtype=\"https:\/\/schema.org\/ImageObject\" ><div class=\"avia-image-container-inner\"><div class=\"avia-image-overlay-wrap\"><a href=\"https:\/\/saunagrow.com\/pl\/shop\/1-godzinne-spotkanie-poza-pakietem\/\" class='avia_image' ><img decoding=\"async\" width=\"300\" height=\"300\" class='wp-image-4124 avia-img-lazy-loading-not-4124 avia_image' src=\"https:\/\/saunagrow.com\/wp-content\/uploads\/2021\/03\/sauna_grow_woocommerce_1200x1200_PL_RBM_M-300x300.png\" alt='' title='sauna_grow_woocommerce_1200x1200_PL_RBM_M'  itemprop=\"thumbnailUrl\" srcset=\"https:\/\/saunagrow.com\/wp-content\/uploads\/2021\/03\/sauna_grow_woocommerce_1200x1200_PL_RBM_M-300x300.png 300w, https:\/\/saunagrow.com\/wp-content\/uploads\/2021\/03\/sauna_grow_woocommerce_1200x1200_PL_RBM_M-100x100.png 100w, https:\/\/saunagrow.com\/wp-content\/uploads\/2021\/03\/sauna_grow_woocommerce_1200x1200_PL_RBM_M-600x600.png 600w, https:\/\/saunagrow.com\/wp-content\/uploads\/2021\/03\/sauna_grow_woocommerce_1200x1200_PL_RBM_M-1030x1030.png 1030w, https:\/\/saunagrow.com\/wp-content\/uploads\/2021\/03\/sauna_grow_woocommerce_1200x1200_PL_RBM_M-80x80.png 80w, https:\/\/saunagrow.com\/wp-content\/uploads\/2021\/03\/sauna_grow_woocommerce_1200x1200_PL_RBM_M-768x768.png 768w, https:\/\/saunagrow.com\/wp-content\/uploads\/2021\/03\/sauna_grow_woocommerce_1200x1200_PL_RBM_M-36x36.png 36w, https:\/\/saunagrow.com\/wp-content\/uploads\/2021\/03\/sauna_grow_woocommerce_1200x1200_PL_RBM_M-180x180.png 180w, https:\/\/saunagrow.com\/wp-content\/uploads\/2021\/03\/sauna_grow_woocommerce_1200x1200_PL_RBM_M-705x705.png 705w, https:\/\/saunagrow.com\/wp-content\/uploads\/2021\/03\/sauna_grow_woocommerce_1200x1200_PL_RBM_M.png 1200w\" sizes=\"(max-width: 300px) 100vw, 300px\" \/><\/a><\/div><\/div><\/div><br \/>\n<section  class='av_textblock_section av-l60ies8j-704b25cc38551899c8f38ac997347753'  itemscope=\"itemscope\" itemtype=\"https:\/\/schema.org\/CreativeWork\" ><div class='avia_textblock'  itemprop=\"text\" ><h3 class=\"team-member-name \" style=\"text-align: center;\">GODZINY POZA PAKIETEM<\/h3>\n<p style=\"text-align: center;\">900 z\u0142\/h<\/p>\n<\/div><\/section><br \/>\n<div  class='avia-buttonrow-wrap av-l4fobwdd-0be7f5d0f78423bcf04d3a6bea6884cf avia-buttonrow-center  avia-builder-el-11  el_after_av_textblock  avia-builder-el-last '>\n\n<style type=\"text\/css\" data-created_by=\"avia_inline_auto\" id=\"style-css-av-l4fobvff-f7d7f8d4bb71b3239a796e9b1b8e9d04\">\n#top #wrap_all .avia-button.av-l4fobvff-f7d7f8d4bb71b3239a796e9b1b8e9d04{\nmargin-bottom:5px;\nmargin-right:3px;\nmargin-left:3px;\n}\n<\/style>\n<a href='https:\/\/saunagrow.com\/pl\/shop\/1-godzinne-spotkanie-poza-pakietem\/'  class='avia-button av-l4fobvff-f7d7f8d4bb71b3239a796e9b1b8e9d04 avia-icon_select-yes-left-icon avia-size-small avia-color-theme-color'  ><span class='avia_button_icon avia_button_icon_left ' aria-hidden='true' data-av_icon='\ue80b' data-av_iconfont='entypo-fontello'><\/span><span class='avia_iconbox_title' >wybierz mentora<\/span><\/a>\n<\/div><\/p><\/div>\n<div class='flex_column av-b5864w-c5a27b5a9b8e9c03fafe8d3986f9cbac av_one_fourth  avia-builder-el-12  el_after_av_one_fourth  el_before_av_one_fourth  flex_column_div column-top-margin'   ><p>\n<style type=\"text\/css\" data-created_by=\"avia_inline_auto\" id=\"style-css-av-l60iky9e-0a9d1d157d658ebdf32c447df85942f5\">\n.avia-image-container.av-l60iky9e-0a9d1d157d658ebdf32c447df85942f5 .av-image-caption-overlay-center{\ncolor:#ffffff;\n}\n<\/style>\n<div  class='avia-image-container av-l60iky9e-0a9d1d157d658ebdf32c447df85942f5 av-styling- avia-align-center  avia-builder-el-13  el_before_av_textblock  avia-builder-el-first '  itemprop=\"image\" itemscope=\"itemscope\" itemtype=\"https:\/\/schema.org\/ImageObject\" ><div class=\"avia-image-container-inner\"><div class=\"avia-image-overlay-wrap\"><a href=\"https:\/\/saunagrow.com\/pl\/shop\/regularne-wsparcie-mentorskie\/\" class='avia_image' ><img decoding=\"async\" width=\"1030\" height=\"1030\" class='wp-image-8897 avia-img-lazy-loading-not-8897 avia_image' src=\"https:\/\/saunagrow.com\/wp-content\/uploads\/2022\/12\/wsparcie-mentorskie-1030x1030.png\" alt='' title='wsparcie mentorskie'  itemprop=\"thumbnailUrl\" srcset=\"https:\/\/saunagrow.com\/wp-content\/uploads\/2022\/12\/wsparcie-mentorskie-1030x1030.png 1030w, https:\/\/saunagrow.com\/wp-content\/uploads\/2022\/12\/wsparcie-mentorskie-300x300.png 300w, https:\/\/saunagrow.com\/wp-content\/uploads\/2022\/12\/wsparcie-mentorskie-80x80.png 80w, https:\/\/saunagrow.com\/wp-content\/uploads\/2022\/12\/wsparcie-mentorskie-768x768.png 768w, https:\/\/saunagrow.com\/wp-content\/uploads\/2022\/12\/wsparcie-mentorskie-36x36.png 36w, https:\/\/saunagrow.com\/wp-content\/uploads\/2022\/12\/wsparcie-mentorskie-180x180.png 180w, https:\/\/saunagrow.com\/wp-content\/uploads\/2022\/12\/wsparcie-mentorskie-705x705.png 705w, https:\/\/saunagrow.com\/wp-content\/uploads\/2022\/12\/wsparcie-mentorskie-120x120.png 120w, https:\/\/saunagrow.com\/wp-content\/uploads\/2022\/12\/wsparcie-mentorskie-450x450.png 450w, https:\/\/saunagrow.com\/wp-content\/uploads\/2022\/12\/wsparcie-mentorskie-600x600.png 600w, https:\/\/saunagrow.com\/wp-content\/uploads\/2022\/12\/wsparcie-mentorskie-100x100.png 100w, https:\/\/saunagrow.com\/wp-content\/uploads\/2022\/12\/wsparcie-mentorskie.png 1200w\" sizes=\"(max-width: 1030px) 100vw, 1030px\" \/><\/a><\/div><\/div><\/div><br \/>\n<section  class='av_textblock_section av-lbb7ihw1-ea62761e3313f1801faad29dc379a428'  itemscope=\"itemscope\" itemtype=\"https:\/\/schema.org\/CreativeWork\" ><div class='avia_textblock'  itemprop=\"text\" ><h3 class=\"team-member-name \" style=\"text-align: center;\">MNIEJSZE PAKIETY<\/h3>\n<p style=\"text-align: center;\">660-781 z\u0142\/h<\/p>\n<\/div><\/section><br \/>\n<div  class='avia-buttonrow-wrap av-l4fojc58-d13ee57b5a4700a6d70b3352938182be avia-buttonrow-center  avia-builder-el-15  el_after_av_textblock  avia-builder-el-last '>\n\n<style type=\"text\/css\" data-created_by=\"avia_inline_auto\" id=\"style-css-av-l4fojao2-ba349771de11d51ed6e77e62747a488a\">\n#top #wrap_all .avia-button.av-l4fojao2-ba349771de11d51ed6e77e62747a488a{\nmargin-bottom:5px;\nmargin-right:3px;\nmargin-left:3px;\n}\n<\/style>\n<a href='https:\/\/saunagrow.com\/pl\/shop\/regularne-wsparcie-mentorskie\/'  class='avia-button av-l4fojao2-ba349771de11d51ed6e77e62747a488a avia-icon_select-yes-left-icon avia-size-small avia-color-theme-color'  ><span class='avia_button_icon avia_button_icon_left ' aria-hidden='true' data-av_icon='\ue810' data-av_iconfont='entypo-fontello'><\/span><span class='avia_iconbox_title' >wybierz pakiet<\/span><\/a>\n<\/div><\/p><\/div><div class='flex_column av-9eg0e8-45f8449c04811dba74d041897e1548d8 av_one_fourth  avia-builder-el-16  el_after_av_one_fourth  avia-builder-el-last  flex_column_div column-top-margin'   ><p>\n<style type=\"text\/css\" data-created_by=\"avia_inline_auto\" id=\"style-css-av-l60ilkp4-8da0d47a390061e605200cfe2fbe62cd\">\n.avia-image-container.av-l60ilkp4-8da0d47a390061e605200cfe2fbe62cd .av-image-caption-overlay-center{\ncolor:#ffffff;\n}\n<\/style>\n<div  class='avia-image-container av-l60ilkp4-8da0d47a390061e605200cfe2fbe62cd av-styling- avia-align-center  avia-builder-el-17  el_before_av_textblock  avia-builder-el-first '  itemprop=\"image\" itemscope=\"itemscope\" itemtype=\"https:\/\/schema.org\/ImageObject\" ><div class=\"avia-image-container-inner\"><div class=\"avia-image-overlay-wrap\"><a href=\"https:\/\/saunagrow.com\/pl\/shop\/regularne-wsparcie-operacyjne\/\" class='avia_image' ><img decoding=\"async\" width=\"1030\" height=\"1030\" class='wp-image-8899 avia-img-lazy-loading-not-8899 avia_image' src=\"https:\/\/saunagrow.com\/wp-content\/uploads\/2022\/12\/wsparcie-OPERACYJNE-1030x1030.png\" alt='' title='wsparcie OPERACYJNE'  itemprop=\"thumbnailUrl\" srcset=\"https:\/\/saunagrow.com\/wp-content\/uploads\/2022\/12\/wsparcie-OPERACYJNE-1030x1030.png 1030w, https:\/\/saunagrow.com\/wp-content\/uploads\/2022\/12\/wsparcie-OPERACYJNE-300x300.png 300w, https:\/\/saunagrow.com\/wp-content\/uploads\/2022\/12\/wsparcie-OPERACYJNE-80x80.png 80w, https:\/\/saunagrow.com\/wp-content\/uploads\/2022\/12\/wsparcie-OPERACYJNE-768x768.png 768w, https:\/\/saunagrow.com\/wp-content\/uploads\/2022\/12\/wsparcie-OPERACYJNE-36x36.png 36w, https:\/\/saunagrow.com\/wp-content\/uploads\/2022\/12\/wsparcie-OPERACYJNE-180x180.png 180w, https:\/\/saunagrow.com\/wp-content\/uploads\/2022\/12\/wsparcie-OPERACYJNE-705x705.png 705w, https:\/\/saunagrow.com\/wp-content\/uploads\/2022\/12\/wsparcie-OPERACYJNE-120x120.png 120w, https:\/\/saunagrow.com\/wp-content\/uploads\/2022\/12\/wsparcie-OPERACYJNE-450x450.png 450w, https:\/\/saunagrow.com\/wp-content\/uploads\/2022\/12\/wsparcie-OPERACYJNE-600x600.png 600w, https:\/\/saunagrow.com\/wp-content\/uploads\/2022\/12\/wsparcie-OPERACYJNE-100x100.png 100w, https:\/\/saunagrow.com\/wp-content\/uploads\/2022\/12\/wsparcie-OPERACYJNE.png 1200w\" sizes=\"(max-width: 1030px) 100vw, 1030px\" \/><\/a><\/div><\/div><\/div><br \/>\n<section  class='av_textblock_section av-lbb2786s-35bc8d9ff54c0bb8307a38c3ca20a53a'  itemscope=\"itemscope\" itemtype=\"https:\/\/schema.org\/CreativeWork\" ><div class='avia_textblock'  itemprop=\"text\" ><h3 class=\"team-member-name \" style=\"text-align: center;\">WI\u0118KSZE PAKIETY<\/h3>\n<p style=\"text-align: center;\">440-550 z\u0142\/h<\/p>\n<\/div><\/section><br \/>\n<div  class='avia-buttonrow-wrap av-l4fomur9-b04f6fb56eb23bf4c4338dfdddea96cc avia-buttonrow-center  avia-builder-el-19  el_after_av_textblock  avia-builder-el-last '>\n\n<style type=\"text\/css\" data-created_by=\"avia_inline_auto\" id=\"style-css-av-l4fomefj-2c7cb8a3f95bb47a02a1f59dc8c3eaa3\">\n#top #wrap_all .avia-button.av-l4fomefj-2c7cb8a3f95bb47a02a1f59dc8c3eaa3{\nmargin-bottom:5px;\nmargin-right:3px;\nmargin-left:3px;\n}\n<\/style>\n<a href='https:\/\/saunagrow.com\/pl\/shop\/regularne-wsparcie-operacyjne\/'  class='avia-button av-l4fomefj-2c7cb8a3f95bb47a02a1f59dc8c3eaa3 avia-icon_select-yes-left-icon avia-size-small avia-color-theme-color'  ><span class='avia_button_icon avia_button_icon_left ' aria-hidden='true' data-av_icon='\ue810' data-av_iconfont='entypo-fontello'><\/span><span class='avia_iconbox_title' >wybierz pakiet<\/span><\/a>\n<\/div><\/p><\/div><\/p>\n","protected":false},"excerpt":{"rendered":"","protected":false},"author":6,"featured_media":0,"parent":0,"menu_order":0,"comment_status":"open","ping_status":"open","template":"","meta":{"footnotes":""},"class_list":["post-7216","page","type-page","status-publish","hentry"],"yoast_head":"<!-- This site is optimized with the Yoast SEO plugin v27.4 - https:\/\/yoast.com\/product\/yoast-seo-wordpress\/ -->\n<title>Cennik - SaunaGrow.com<\/title>\n<meta name=\"robots\" content=\"index, follow, max-snippet:-1, max-image-preview:large, max-video-preview:-1\" \/>\n<link rel=\"canonical\" href=\"https:\/\/saunagrow.com\/pl\/cennik\/\" \/>\n<meta property=\"og:locale\" content=\"pl_PL\" \/>\n<meta property=\"og:type\" content=\"article\" \/>\n<meta property=\"og:title\" content=\"Cennik - SaunaGrow.com\" \/>\n<meta property=\"og:url\" content=\"https:\/\/saunagrow.com\/pl\/cennik\/\" \/>\n<meta property=\"og:site_name\" content=\"SaunaGrow.com\" \/>\n<meta property=\"article:modified_time\" content=\"2025-05-03T19:33:27+00:00\" \/>\n<meta property=\"og:image\" content=\"https:\/\/saunagrow.com\/wp-content\/uploads\/2019\/01\/fotografia_wnetrz_sauna_aqua_reda_czarna_zebra_male-2-1.jpg\" \/>\n\t<meta property=\"og:image:width\" content=\"1500\" \/>\n\t<meta property=\"og:image:height\" content=\"1000\" \/>\n\t<meta property=\"og:image:type\" content=\"image\/jpeg\" \/>\n<meta name=\"twitter:card\" content=\"summary_large_image\" \/>\n<meta name=\"twitter:label1\" content=\"Szacowany czas czytania\" \/>\n\t<meta name=\"twitter:data1\" content=\"6 minut\" \/>\n<script type=\"application\/ld+json\" class=\"yoast-schema-graph\">{\"@context\":\"https:\\\/\\\/schema.org\",\"@graph\":[{\"@type\":\"WebPage\",\"@id\":\"https:\\\/\\\/saunagrow.com\\\/pl\\\/cennik\\\/\",\"url\":\"https:\\\/\\\/saunagrow.com\\\/pl\\\/cennik\\\/\",\"name\":\"Cennik - SaunaGrow.com\",\"isPartOf\":{\"@id\":\"https:\\\/\\\/saunagrow.com\\\/pl\\\/#website\"},\"datePublished\":\"2022-06-15T14:54:17+00:00\",\"dateModified\":\"2025-05-03T19:33:27+00:00\",\"breadcrumb\":{\"@id\":\"https:\\\/\\\/saunagrow.com\\\/pl\\\/cennik\\\/#breadcrumb\"},\"inLanguage\":\"pl-PL\",\"potentialAction\":[{\"@type\":\"ReadAction\",\"target\":[\"https:\\\/\\\/saunagrow.com\\\/pl\\\/cennik\\\/\"]}]},{\"@type\":\"BreadcrumbList\",\"@id\":\"https:\\\/\\\/saunagrow.com\\\/pl\\\/cennik\\\/#breadcrumb\",\"itemListElement\":[{\"@type\":\"ListItem\",\"position\":1,\"name\":\"Home\",\"item\":\"https:\\\/\\\/saunagrow.com\\\/pl\\\/misja\\\/\"},{\"@type\":\"ListItem\",\"position\":2,\"name\":\"Cennik\"}]},{\"@type\":\"WebSite\",\"@id\":\"https:\\\/\\\/saunagrow.com\\\/pl\\\/#website\",\"url\":\"https:\\\/\\\/saunagrow.com\\\/pl\\\/\",\"name\":\"SaunaGrow.com\",\"description\":\"Meet in Sauna. Grow your Business. Support Charity\",\"potentialAction\":[{\"@type\":\"SearchAction\",\"target\":{\"@type\":\"EntryPoint\",\"urlTemplate\":\"https:\\\/\\\/saunagrow.com\\\/pl\\\/?s={search_term_string}\"},\"query-input\":{\"@type\":\"PropertyValueSpecification\",\"valueRequired\":true,\"valueName\":\"search_term_string\"}}],\"inLanguage\":\"pl-PL\"}]}<\/script>\n<!-- \/ Yoast SEO plugin. -->","yoast_head_json":{"title":"Cennik - SaunaGrow.com","robots":{"index":"index","follow":"follow","max-snippet":"max-snippet:-1","max-image-preview":"max-image-preview:large","max-video-preview":"max-video-preview:-1"},"canonical":"https:\/\/saunagrow.com\/pl\/cennik\/","og_locale":"pl_PL","og_type":"article","og_title":"Cennik - SaunaGrow.com","og_url":"https:\/\/saunagrow.com\/pl\/cennik\/","og_site_name":"SaunaGrow.com","article_modified_time":"2025-05-03T19:33:27+00:00","og_image":[{"width":1500,"height":1000,"url":"https:\/\/saunagrow.com\/wp-content\/uploads\/2019\/01\/fotografia_wnetrz_sauna_aqua_reda_czarna_zebra_male-2-1.jpg","type":"image\/jpeg"}],"twitter_card":"summary_large_image","twitter_misc":{"Szacowany czas czytania":"6 minut"},"schema":{"@context":"https:\/\/schema.org","@graph":[{"@type":"WebPage","@id":"https:\/\/saunagrow.com\/pl\/cennik\/","url":"https:\/\/saunagrow.com\/pl\/cennik\/","name":"Cennik - SaunaGrow.com","isPartOf":{"@id":"https:\/\/saunagrow.com\/pl\/#website"},"datePublished":"2022-06-15T14:54:17+00:00","dateModified":"2025-05-03T19:33:27+00:00","breadcrumb":{"@id":"https:\/\/saunagrow.com\/pl\/cennik\/#breadcrumb"},"inLanguage":"pl-PL","potentialAction":[{"@type":"ReadAction","target":["https:\/\/saunagrow.com\/pl\/cennik\/"]}]},{"@type":"BreadcrumbList","@id":"https:\/\/saunagrow.com\/pl\/cennik\/#breadcrumb","itemListElement":[{"@type":"ListItem","position":1,"name":"Home","item":"https:\/\/saunagrow.com\/pl\/misja\/"},{"@type":"ListItem","position":2,"name":"Cennik"}]},{"@type":"WebSite","@id":"https:\/\/saunagrow.com\/pl\/#website","url":"https:\/\/saunagrow.com\/pl\/","name":"SaunaGrow.com","description":"Meet in Sauna. Grow your Business. Support Charity","potentialAction":[{"@type":"SearchAction","target":{"@type":"EntryPoint","urlTemplate":"https:\/\/saunagrow.com\/pl\/?s={search_term_string}"},"query-input":{"@type":"PropertyValueSpecification","valueRequired":true,"valueName":"search_term_string"}}],"inLanguage":"pl-PL"}]}},"_links":{"self":[{"href":"https:\/\/saunagrow.com\/pl\/wp-json\/wp\/v2\/pages\/7216","targetHints":{"allow":["GET"]}}],"collection":[{"href":"https:\/\/saunagrow.com\/pl\/wp-json\/wp\/v2\/pages"}],"about":[{"href":"https:\/\/saunagrow.com\/pl\/wp-json\/wp\/v2\/types\/page"}],"author":[{"embeddable":true,"href":"https:\/\/saunagrow.com\/pl\/wp-json\/wp\/v2\/users\/6"}],"replies":[{"embeddable":true,"href":"https:\/\/saunagrow.com\/pl\/wp-json\/wp\/v2\/comments?post=7216"}],"version-history":[{"count":44,"href":"https:\/\/saunagrow.com\/pl\/wp-json\/wp\/v2\/pages\/7216\/revisions"}],"predecessor-version":[{"id":9831,"href":"https:\/\/saunagrow.com\/pl\/wp-json\/wp\/v2\/pages\/7216\/revisions\/9831"}],"wp:attachment":[{"href":"https:\/\/saunagrow.com\/pl\/wp-json\/wp\/v2\/media?parent=7216"}],"curies":[{"name":"wp","href":"https:\/\/api.w.org\/{rel}","templated":true}]}}