{"id":9092,"date":"2023-04-05T10:44:36","date_gmt":"2023-04-05T10:44:36","guid":{"rendered":"https:\/\/saunagrow.com\/?page_id=9092"},"modified":"2023-12-11T21:57:23","modified_gmt":"2023-12-11T21:57:23","slug":"rapid","status":"publish","type":"page","link":"https:\/\/saunagrow.com\/pl\/rapid\/","title":{"rendered":"Metoda R.A.P.I.D."},"content":{"rendered":"<div class='flex_column av-fkevlg-522f9aec7eda47a6219e929714b53fed av_one_full  avia-builder-el-0  el_before_av_one_full  avia-builder-el-first  first flex_column_div '   ><style type=\"text\/css\" data-created_by=\"avia_inline_auto\" id=\"style-css-av-lg547r1k-4d7855ee751ed8aa138ea846eaf57f19\">\n.avia-image-container.av-lg547r1k-4d7855ee751ed8aa138ea846eaf57f19 .av-image-caption-overlay-center{\ncolor:#ffffff;\n}\n<\/style>\n<div  class='avia-image-container av-lg547r1k-4d7855ee751ed8aa138ea846eaf57f19 av-styling- avia-align-center  avia-builder-el-1  avia-builder-el-no-sibling '  itemprop=\"image\" itemscope=\"itemscope\" itemtype=\"https:\/\/schema.org\/ImageObject\" ><div class=\"avia-image-container-inner\"><div class=\"avia-image-overlay-wrap\"><img decoding=\"async\" class='wp-image-9111 avia-img-lazy-loading-not-9111 avia_image' src=\"https:\/\/saunagrow.com\/wp-content\/uploads\/2023\/04\/Landing-Page-Metoda-R.A.P.I.D.-5.png\" alt='' title='Landing Page - Metoda R.A.P.I.D.'  height=\"162\" width=\"553\"  itemprop=\"thumbnailUrl\" srcset=\"https:\/\/saunagrow.com\/wp-content\/uploads\/2023\/04\/Landing-Page-Metoda-R.A.P.I.D.-5.png 553w, https:\/\/saunagrow.com\/wp-content\/uploads\/2023\/04\/Landing-Page-Metoda-R.A.P.I.D.-5-300x88.png 300w, https:\/\/saunagrow.com\/wp-content\/uploads\/2023\/04\/Landing-Page-Metoda-R.A.P.I.D.-5-450x132.png 450w\" sizes=\"(max-width: 553px) 100vw, 553px\" \/><\/div><\/div><\/div><\/div>\n<div class='flex_column av-bab938-3322037f83cf37c6356000fca6cde166 av_one_full  avia-builder-el-2  el_after_av_one_full  el_before_av_hr  first flex_column_div column-top-margin'   ><p><div  class='avia-video av-ln5px5m5-246a483bf201d562e8573d98e9ca3977 avia-video-16-9 av-lazyload-immediate av-lazyload-video-embed'  itemprop=\"video\" itemtype=\"https:\/\/schema.org\/VideoObject\"  data-original_url='https:\/\/youtu.be\/oqi5Xyl-iRs'><script type='text\/html' class='av-video-tmpl'><div class='avia-iframe-wrap'><iframe loading=\"lazy\" title=\"Metoda R.A.P.I.D. - kilka s\u0142\u00f3w wst\u0119pu\" width=\"1500\" height=\"844\" src=\"https:\/\/www.youtube.com\/embed\/oqi5Xyl-iRs?feature=oembed&autoplay=0&loop=0&controls=1&mute=0\" frameborder=\"0\" allow=\"accelerometer; autoplay; clipboard-write; encrypted-media; gyroscope; picture-in-picture; web-share\" allowfullscreen><\/iframe><\/div><\/script><div class='av-click-to-play-overlay'><div class=\"avia_playpause_icon\"><\/div><\/div><\/div><br \/>\n<section  class='av_textblock_section av-liuhgshs-64fadb34938450f5c7ec00ddbcc28420'  itemscope=\"itemscope\" itemtype=\"https:\/\/schema.org\/CreativeWork\" ><div class='avia_textblock'  itemprop=\"text\" ><h4 style=\"text-align: center;\">Boles\u0142aw Drapella<\/h4>\n<p style=\"text-align: center;\"><em>tw\u00f3rca kursu oraz za\u0142o\u017cyciel SaunaGrow.com<\/em><\/p>\n<\/div><\/section><\/p><\/div>\n<div  class='hr av-d6io5g-8e36a168020700b9a67d45e0b674c0a9 hr-default  avia-builder-el-5  el_after_av_one_full  el_before_av_one_half '><span class='hr-inner '><span class=\"hr-inner-style\"><\/span><\/span><\/div>\n<div class='flex_column av-e5atb8-747bd35c14f9d83d0481ff360621590c av_one_half  avia-builder-el-6  el_after_av_hr  el_before_av_one_half  first flex_column_div '   ><section  class='av_textblock_section av-lg3vg6mq-d7977e21678df082e2741f330fb303f0'  itemscope=\"itemscope\" itemtype=\"https:\/\/schema.org\/CreativeWork\" ><div class='avia_textblock'  itemprop=\"text\" ><h3 style=\"text-align: left;\"><span class=\"S1PPyQ\">Dla kogo jest ten kurs?<\/span><\/h3>\n<p style=\"text-align: left;\"><span class=\"S1PPyQ\">Dla w\u0142a\u015bcicieli oraz kadry zarz\u0105dzaj\u0105cej firmami, kt\u00f3re w ci\u0105gu kilkunastu miesi\u0119cy uros\u0142y przynajmniej dwukrotnie, a wielko\u015b\u0107 zespo\u0142u przekroczy\u0142a ju\u017c 50-100 os\u00f3b.<\/span><\/p>\n<p style=\"text-align: left;\"><span class=\"S1PPyQ\"><a href=\"https:\/\/saunagrow.com\/wp-content\/uploads\/2023\/04\/Ramowy-plan-kursu.pdf\"><strong>Metoda R.A.P.I.D.<\/strong><\/a> to pi\u0119cioelementowy proces \u015bwiadomej analizy i usprawnienia w\u0142asnego biznesu w kluczowych jego obszarach zwi\u0105zanych z dynamicznym wzrostem.<\/span><\/p>\n<\/div><\/section><br \/>\n<section  class='av_textblock_section av-9hrnec-3089506caaabab3437bd7033cfab5c0a'  itemscope=\"itemscope\" itemtype=\"https:\/\/schema.org\/CreativeWork\" ><div class='avia_textblock'  itemprop=\"text\" ><h3><span class=\"S1PPyQ\">Jak zbudowany jest kurs?<\/span><\/h3>\n<p><span class=\"S1PPyQ\">Kurs sk\u0142ada si\u0119 z 5 modu\u0142\u00f3w, \u0142\u0105cznie zawiera zestaw ponad 20 film\u00f3w, z kt\u00f3rych wiele uwzgl\u0119dnia dodatkowe \u0107wiczenia i zadania, kt\u00f3re pomog\u0105 w danym obszarze.<\/span><\/p>\n<\/div><\/section><br \/>\n<div  class='avia-button-wrap avia-button-center  avia-builder-el-9  el_after_av_textblock  el_before_av_textblock ' ><a href='https:\/\/saunagrow.com\/wp-content\/uploads\/2023\/04\/Ramowy-plan-kursu.pdf' class='avia-button av-7k6ahw-721ba972ac108008caa7d707a0ad05d2 avia-icon_select-no avia-size-large avia-position-center avia-color-theme-color' target=\"_blank\" rel=\"noopener noreferrer\"><span class='avia_iconbox_title' >RAMOWY PLAN KURSU<\/span><\/a><\/div><br \/>\n<section  class='av_textblock_section av-5n5amc-374524489505fb39971d1fde17705add'  itemscope=\"itemscope\" itemtype=\"https:\/\/schema.org\/CreativeWork\" ><div class='avia_textblock'  itemprop=\"text\" ><p><span class=\"S1PPyQ\">Wraz z uko\u0144czeniem kursu zyskujesz r\u00f3wnie\u017c mo\u017cliwo\u015b\u0107 <\/span><span class=\"S1PPyQ\">indywidualnej<\/span> <span class=\"S1PPyQ\">konsultacji z mentorami SaunaGrow w zakresie niezb\u0119dnego wsparcia wybranego obszaru dzia\u0142ania.<\/span><\/p>\n<\/div><\/section><\/p><\/div>\n<div class='flex_column av-a5x7es-f45cb021735a68113b09b1235a57cb8d av_one_half  avia-builder-el-11  el_after_av_one_half  el_before_av_one_fifth  flex_column_div '   ><section  class='av_textblock_section av-lnx06y61-dfe8170bf3ef1e050d67ea91ea892374'  itemscope=\"itemscope\" itemtype=\"https:\/\/schema.org\/CreativeWork\" ><div class='avia_textblock'  itemprop=\"text\" ><h3 style=\"text-align: left;\"><span class=\"S1PPyQ\">Kiedy nie kupowa\u0107 kursu?<\/span><\/h3>\n<ul>\n<li style=\"text-align: left;\">Je\u015bli masz tendencj\u0119 do kupowania kurs\u00f3w\/ksi\u0105\u017cek\/wiedzy, kt\u00f3re potem odk\u0142adasz na p\u00f3\u0142k\u0119 bez 'konsumpcji&#8217;.<\/li>\n<li style=\"text-align: left;\">Je\u015bli nie jeste\u015b gotowy na to, aby zmieni\u0107 co\u015b w swoim post\u0119powaniu w firmie.<\/li>\n<li style=\"text-align: left;\">Je\u015bli osoba, kt\u00f3rej chcesz kupi\u0107 ten kurs jako prezent najpewniej odstawi ten prezent na p\u00f3\u0142k\u0119.<\/li>\n<\/ul>\n<p>Ten kurs da warto\u015b\u0107 tylko w momencie skorzystania z jego zawarto\u015bci. Cho\u0107 to brzmi trywialnie, tak w\u0142a\u015bnie to dzia\u0142a. Po co p\u0142aci\u0107 za co\u015b, z czego nie skorzystasz?<\/p>\n<\/div><\/section><br \/>\n<section  class='av_textblock_section av-lnx0e7dc-4649d3e7d6bf2b57330c9fa6e4255f0e'  itemscope=\"itemscope\" itemtype=\"https:\/\/schema.org\/CreativeWork\" ><div class='avia_textblock'  itemprop=\"text\" ><h3 style=\"text-align: left;\"><span class=\"S1PPyQ\">Gwarancja satysfakcji<\/span><\/h3>\n<p style=\"text-align: left;\">Gdyby po zakupie okaza\u0142o si\u0119, \u017ce ten kurs jednak nie jest dla Ciebie, to mo\u017cesz go zwr\u00f3ci\u0107 w ci\u0105gu 14 dni od zakupu. Po prostu. Naszym celem jest dostarczenie Tobie realnie przydatnej wiedzy. Je\u015bli uznasz, \u017ce kurs nie wni\u00f3s\u0142 w Twoje \u017cycie \u017cadnej pozytywnej warto\u015bci, daj zna\u0107, zwr\u00f3cimy pieni\u0105dze.<\/p>\n<\/div><\/section><\/p><\/div>\n<div class='flex_column av-6lx0ck-120f84dba6883494102a220c5a7333dc av_one_fifth  avia-builder-el-14  el_after_av_one_half  el_before_av_three_fifth  first flex_column_div column-top-margin'   ><\/div>\n<div class='flex_column av-4oxxx0-06e0de0133f5dae546ca67494d3aed75 av_three_fifth  avia-builder-el-15  el_after_av_one_fifth  el_before_av_one_fifth  flex_column_div column-top-margin'   ><\/div>\n<div class='flex_column av-2gds1w-59b92ca9383d8087fe3f6e083fc44504 av_one_fifth  avia-builder-el-17  el_after_av_three_fifth  el_before_av_hr  flex_column_div column-top-margin'   ><\/div>\n<div  class='hr av-av_hr-91d7ccd583a503147498e120fee2ff9b hr-default  avia-builder-el-18  el_after_av_one_fifth  el_before_av_one_full '><span class='hr-inner '><span class=\"hr-inner-style\"><\/span><\/span><\/div>\n<div class='flex_column av-4fmias-304674df9748cb6a27ba2760e76caba0 av_one_full  avia-builder-el-19  el_after_av_hr  el_before_av_one_full  first flex_column_div '   ><section  class='av_textblock_section av-lj2lxnq5-354f747f9c4ca7f0e5364ca02bf19a6e'  itemscope=\"itemscope\" itemtype=\"https:\/\/schema.org\/CreativeWork\" ><div class='avia_textblock'  itemprop=\"text\" ><h3 style=\"text-align: center;\"><span class=\"S1PPyQ\">Jeste\u015b gotowy, gotowa?<\/span><\/h3>\n<\/div><\/section><br \/>\n<div  class='avia-button-wrap avia-button-center  avia-builder-el-21  el_after_av_textblock  avia-builder-el-last ' ><a href='https:\/\/saunagrow.com\/pl\/?add-to-cart=9061'  class='avia-button av-32311w-294a63d842111b767c17e841be6b384b avia-icon_select-no avia-size-large avia-position-center avia-color-theme-color' ><span class='avia_iconbox_title' >KUP KURS za 2799 z\u0142<\/span><\/a><\/div><\/p><\/div>\n<div class='flex_column av-2nwp50-e10f0df8c922099f5483ec5a7d5d0802 av_one_full  avia-builder-el-22  el_after_av_one_full  avia-builder-el-last  first flex_column_div column-top-margin'   ><section  class='av_textblock_section av-lnx1225x-b0d1edbd00eb29578ae850176308b98a'  itemscope=\"itemscope\" itemtype=\"https:\/\/schema.org\/CreativeWork\" ><div class='avia_textblock'  itemprop=\"text\" ><h3 style=\"text-align: left;\"><span class=\"S1PPyQ\">Zakup dla wi\u0119kszej liczby os\u00f3b?<\/span><\/h3>\n<p style=\"text-align: left;\">Kupuj\u0105c kurs nabywasz prawo do korzystania ze zgromadzonej w nim wiedzy przez jedn\u0105 osob\u0119 w jednej organizacji. Je\u015bli chcesz udost\u0119pni\u0107 kurs innym osobom, np. managerom w Twojej firmie, napisz na rapid@saunagrow.com, a dostosujemy dla Was pakiet hurtowego dost\u0119pu do kursu i metody R.A.P.I.D..<\/p>\n<\/div><\/section><\/div>\n","protected":false},"excerpt":{"rendered":"","protected":false},"author":7,"featured_media":0,"parent":0,"menu_order":0,"comment_status":"closed","ping_status":"closed","template":"","meta":{"footnotes":""},"class_list":["post-9092","page","type-page","status-publish","hentry"],"yoast_head":"<!-- This site is optimized with the Yoast SEO plugin v27.5 - https:\/\/yoast.com\/product\/yoast-seo-wordpress\/ -->\n<title>Metoda R.A.P.I.D. - SaunaGrow.com<\/title>\n<meta name=\"robots\" content=\"index, follow, max-snippet:-1, max-image-preview:large, max-video-preview:-1\" \/>\n<link rel=\"canonical\" href=\"https:\/\/saunagrow.com\/pl\/rapid\/\" \/>\n<meta property=\"og:locale\" content=\"pl_PL\" \/>\n<meta property=\"og:type\" content=\"article\" \/>\n<meta property=\"og:title\" content=\"Metoda R.A.P.I.D. - gdy Twoja firma ro\u015bnie szybko\" \/>\n<meta property=\"og:description\" content=\"Metoda R.A.P.I.D. to pi\u0119cioelementowy proces \u015bwiadomej analizy i usprawnienia w\u0142asnego biznesu w kluczowych jego obszarach zwi\u0105zanych z dynamicznym wzrostem.\" \/>\n<meta property=\"og:url\" content=\"https:\/\/saunagrow.com\/pl\/rapid\/\" \/>\n<meta property=\"og:site_name\" content=\"SaunaGrow.com\" \/>\n<meta property=\"article:modified_time\" content=\"2023-12-11T21:57:23+00:00\" \/>\n<meta property=\"og:image\" content=\"https:\/\/saunagrow.com\/wp-content\/uploads\/2023\/04\/Rapid-social.png\" \/>\n\t<meta property=\"og:image:width\" content=\"1120\" \/>\n\t<meta property=\"og:image:height\" content=\"580\" \/>\n\t<meta property=\"og:image:type\" content=\"image\/png\" \/>\n<meta name=\"twitter:card\" content=\"summary_large_image\" \/>\n<meta name=\"twitter:label1\" content=\"Szacowany czas czytania\" \/>\n\t<meta name=\"twitter:data1\" content=\"8 minut\" \/>\n<script type=\"application\/ld+json\" class=\"yoast-schema-graph\">{\"@context\":\"https:\\\/\\\/schema.org\",\"@graph\":[{\"@type\":\"WebPage\",\"@id\":\"https:\\\/\\\/saunagrow.com\\\/pl\\\/rapid\\\/\",\"url\":\"https:\\\/\\\/saunagrow.com\\\/pl\\\/rapid\\\/\",\"name\":\"Metoda R.A.P.I.D. - SaunaGrow.com\",\"isPartOf\":{\"@id\":\"https:\\\/\\\/saunagrow.com\\\/pl\\\/#website\"},\"datePublished\":\"2023-04-05T10:44:36+00:00\",\"dateModified\":\"2023-12-11T21:57:23+00:00\",\"breadcrumb\":{\"@id\":\"https:\\\/\\\/saunagrow.com\\\/pl\\\/rapid\\\/#breadcrumb\"},\"inLanguage\":\"pl-PL\",\"potentialAction\":[{\"@type\":\"ReadAction\",\"target\":[\"https:\\\/\\\/saunagrow.com\\\/pl\\\/rapid\\\/\"]}]},{\"@type\":\"BreadcrumbList\",\"@id\":\"https:\\\/\\\/saunagrow.com\\\/pl\\\/rapid\\\/#breadcrumb\",\"itemListElement\":[{\"@type\":\"ListItem\",\"position\":1,\"name\":\"Home\",\"item\":\"https:\\\/\\\/saunagrow.com\\\/pl\\\/misja\\\/\"},{\"@type\":\"ListItem\",\"position\":2,\"name\":\"Metoda R.A.P.I.D.\"}]},{\"@type\":\"WebSite\",\"@id\":\"https:\\\/\\\/saunagrow.com\\\/pl\\\/#website\",\"url\":\"https:\\\/\\\/saunagrow.com\\\/pl\\\/\",\"name\":\"SaunaGrow.com\",\"description\":\"Meet in Sauna. Grow your Business. Support Charity\",\"potentialAction\":[{\"@type\":\"SearchAction\",\"target\":{\"@type\":\"EntryPoint\",\"urlTemplate\":\"https:\\\/\\\/saunagrow.com\\\/pl\\\/?s={search_term_string}\"},\"query-input\":{\"@type\":\"PropertyValueSpecification\",\"valueRequired\":true,\"valueName\":\"search_term_string\"}}],\"inLanguage\":\"pl-PL\"}]}<\/script>\n<!-- \/ Yoast SEO plugin. -->","yoast_head_json":{"title":"Metoda R.A.P.I.D. - SaunaGrow.com","robots":{"index":"index","follow":"follow","max-snippet":"max-snippet:-1","max-image-preview":"max-image-preview:large","max-video-preview":"max-video-preview:-1"},"canonical":"https:\/\/saunagrow.com\/pl\/rapid\/","og_locale":"pl_PL","og_type":"article","og_title":"Metoda R.A.P.I.D. - gdy Twoja firma ro\u015bnie szybko","og_description":"Metoda R.A.P.I.D. to pi\u0119cioelementowy proces \u015bwiadomej analizy i usprawnienia w\u0142asnego biznesu w kluczowych jego obszarach zwi\u0105zanych z dynamicznym wzrostem.","og_url":"https:\/\/saunagrow.com\/pl\/rapid\/","og_site_name":"SaunaGrow.com","article_modified_time":"2023-12-11T21:57:23+00:00","og_image":[{"width":1120,"height":580,"url":"https:\/\/saunagrow.com\/wp-content\/uploads\/2023\/04\/Rapid-social.png","type":"image\/png"}],"twitter_card":"summary_large_image","twitter_misc":{"Szacowany czas czytania":"8 minut"},"schema":{"@context":"https:\/\/schema.org","@graph":[{"@type":"WebPage","@id":"https:\/\/saunagrow.com\/pl\/rapid\/","url":"https:\/\/saunagrow.com\/pl\/rapid\/","name":"Metoda R.A.P.I.D. - SaunaGrow.com","isPartOf":{"@id":"https:\/\/saunagrow.com\/pl\/#website"},"datePublished":"2023-04-05T10:44:36+00:00","dateModified":"2023-12-11T21:57:23+00:00","breadcrumb":{"@id":"https:\/\/saunagrow.com\/pl\/rapid\/#breadcrumb"},"inLanguage":"pl-PL","potentialAction":[{"@type":"ReadAction","target":["https:\/\/saunagrow.com\/pl\/rapid\/"]}]},{"@type":"BreadcrumbList","@id":"https:\/\/saunagrow.com\/pl\/rapid\/#breadcrumb","itemListElement":[{"@type":"ListItem","position":1,"name":"Home","item":"https:\/\/saunagrow.com\/pl\/misja\/"},{"@type":"ListItem","position":2,"name":"Metoda R.A.P.I.D."}]},{"@type":"WebSite","@id":"https:\/\/saunagrow.com\/pl\/#website","url":"https:\/\/saunagrow.com\/pl\/","name":"SaunaGrow.com","description":"Meet in Sauna. Grow your Business. Support Charity","potentialAction":[{"@type":"SearchAction","target":{"@type":"EntryPoint","urlTemplate":"https:\/\/saunagrow.com\/pl\/?s={search_term_string}"},"query-input":{"@type":"PropertyValueSpecification","valueRequired":true,"valueName":"search_term_string"}}],"inLanguage":"pl-PL"}]}},"_links":{"self":[{"href":"https:\/\/saunagrow.com\/pl\/wp-json\/wp\/v2\/pages\/9092","targetHints":{"allow":["GET"]}}],"collection":[{"href":"https:\/\/saunagrow.com\/pl\/wp-json\/wp\/v2\/pages"}],"about":[{"href":"https:\/\/saunagrow.com\/pl\/wp-json\/wp\/v2\/types\/page"}],"author":[{"embeddable":true,"href":"https:\/\/saunagrow.com\/pl\/wp-json\/wp\/v2\/users\/7"}],"replies":[{"embeddable":true,"href":"https:\/\/saunagrow.com\/pl\/wp-json\/wp\/v2\/comments?post=9092"}],"version-history":[{"count":35,"href":"https:\/\/saunagrow.com\/pl\/wp-json\/wp\/v2\/pages\/9092\/revisions"}],"predecessor-version":[{"id":9579,"href":"https:\/\/saunagrow.com\/pl\/wp-json\/wp\/v2\/pages\/9092\/revisions\/9579"}],"wp:attachment":[{"href":"https:\/\/saunagrow.com\/pl\/wp-json\/wp\/v2\/media?parent=9092"}],"curies":[{"name":"wp","href":"https:\/\/api.w.org\/{rel}","templated":true}]}}