{"id":9483,"date":"2023-09-28T15:07:47","date_gmt":"2023-09-28T15:07:47","guid":{"rendered":"https:\/\/saunagrow.com\/?page_id=9483"},"modified":"2023-09-28T15:07:47","modified_gmt":"2023-09-28T15:07:47","slug":"kursy-rapid-ma","status":"publish","type":"page","link":"https:\/\/saunagrow.com\/pl\/kursy-rapid-ma\/","title":{"rendered":"Kurs: Metoda R.A.P.I.D. &#8211; gdy Twoja firma ro\u015bnie szybko"},"content":{"rendered":"","protected":true},"excerpt":{"rendered":"","protected":true},"author":6,"featured_media":0,"parent":0,"menu_order":0,"comment_status":"closed","ping_status":"closed","template":"","meta":{"footnotes":""},"class_list":["post-9483","page","type-page","status-publish","post-password-required","hentry"],"yoast_head":"<!-- This site is optimized with the Yoast SEO plugin v27.4 - https:\/\/yoast.com\/product\/yoast-seo-wordpress\/ -->\n<title>Kurs: Metoda R.A.P.I.D. - gdy Twoja firma ro\u015bnie szybko - SaunaGrow.com<\/title>\n<meta name=\"robots\" content=\"index, follow, max-snippet:-1, max-image-preview:large, max-video-preview:-1\" \/>\n<link rel=\"canonical\" href=\"https:\/\/saunagrow.com\/pl\/kursy-rapid-ma\/\" \/>\n<meta property=\"og:locale\" content=\"pl_PL\" \/>\n<meta property=\"og:type\" content=\"article\" \/>\n<meta property=\"og:title\" content=\"Kurs: Metoda R.A.P.I.D. - gdy Twoja firma ro\u015bnie szybko - SaunaGrow.com\" \/>\n<meta property=\"og:description\" content=\"Brak zajawki, poniewa\u017c wpis jest zabezpieczony has\u0142em.\" \/>\n<meta property=\"og:url\" content=\"https:\/\/saunagrow.com\/pl\/kursy-rapid-ma\/\" \/>\n<meta property=\"og:site_name\" content=\"SaunaGrow.com\" \/>\n<meta name=\"twitter:card\" content=\"summary_large_image\" \/>\n<meta name=\"twitter:label1\" content=\"Szacowany czas czytania\" \/>\n\t<meta name=\"twitter:data1\" content=\"10 minut\" \/>\n<script type=\"application\/ld+json\" class=\"yoast-schema-graph\">{\"@context\":\"https:\\\/\\\/schema.org\",\"@graph\":[{\"@type\":\"WebPage\",\"@id\":\"https:\\\/\\\/saunagrow.com\\\/pl\\\/kursy-rapid-ma\\\/\",\"url\":\"https:\\\/\\\/saunagrow.com\\\/pl\\\/kursy-rapid-ma\\\/\",\"name\":\"Kurs: Metoda R.A.P.I.D. - gdy Twoja firma ro\u015bnie szybko - SaunaGrow.com\",\"isPartOf\":{\"@id\":\"https:\\\/\\\/saunagrow.com\\\/pl\\\/#website\"},\"datePublished\":\"2023-09-28T15:07:47+00:00\",\"breadcrumb\":{\"@id\":\"https:\\\/\\\/saunagrow.com\\\/pl\\\/kursy-rapid-ma\\\/#breadcrumb\"},\"inLanguage\":\"pl-PL\"},{\"@type\":\"WebSite\",\"@id\":\"https:\\\/\\\/saunagrow.com\\\/pl\\\/#website\",\"url\":\"https:\\\/\\\/saunagrow.com\\\/pl\\\/\",\"name\":\"SaunaGrow.com\",\"description\":\"Meet in Sauna. Grow your Business. Support Charity\",\"potentialAction\":[{\"@type\":\"SearchAction\",\"target\":{\"@type\":\"EntryPoint\",\"urlTemplate\":\"https:\\\/\\\/saunagrow.com\\\/pl\\\/?s={search_term_string}\"},\"query-input\":{\"@type\":\"PropertyValueSpecification\",\"valueRequired\":true,\"valueName\":\"search_term_string\"}}],\"inLanguage\":\"pl-PL\"}]}<\/script>\n<!-- \/ Yoast SEO plugin. -->","yoast_head_json":{"title":"Kurs: Metoda R.A.P.I.D. - gdy Twoja firma ro\u015bnie szybko - SaunaGrow.com","robots":{"index":"index","follow":"follow","max-snippet":"max-snippet:-1","max-image-preview":"max-image-preview:large","max-video-preview":"max-video-preview:-1"},"canonical":"https:\/\/saunagrow.com\/pl\/kursy-rapid-ma\/","og_locale":"pl_PL","og_type":"article","og_title":"Kurs: Metoda R.A.P.I.D. - gdy Twoja firma ro\u015bnie szybko - SaunaGrow.com","og_description":"Brak zajawki, poniewa\u017c wpis jest zabezpieczony has\u0142em.","og_url":"https:\/\/saunagrow.com\/pl\/kursy-rapid-ma\/","og_site_name":"SaunaGrow.com","twitter_card":"summary_large_image","twitter_misc":{"Szacowany czas czytania":"10 minut"},"schema":{"@context":"https:\/\/schema.org","@graph":[{"@type":"WebPage","@id":"https:\/\/saunagrow.com\/pl\/kursy-rapid-ma\/","url":"https:\/\/saunagrow.com\/pl\/kursy-rapid-ma\/","name":"Kurs: Metoda R.A.P.I.D. - gdy Twoja firma ro\u015bnie szybko - SaunaGrow.com","isPartOf":{"@id":"https:\/\/saunagrow.com\/pl\/#website"},"datePublished":"2023-09-28T15:07:47+00:00","breadcrumb":{"@id":"https:\/\/saunagrow.com\/pl\/kursy-rapid-ma\/#breadcrumb"},"inLanguage":"pl-PL"},{"@type":"WebSite","@id":"https:\/\/saunagrow.com\/pl\/#website","url":"https:\/\/saunagrow.com\/pl\/","name":"SaunaGrow.com","description":"Meet in Sauna. Grow your Business. Support Charity","potentialAction":[{"@type":"SearchAction","target":{"@type":"EntryPoint","urlTemplate":"https:\/\/saunagrow.com\/pl\/?s={search_term_string}"},"query-input":{"@type":"PropertyValueSpecification","valueRequired":true,"valueName":"search_term_string"}}],"inLanguage":"pl-PL"}]}},"_links":{"self":[{"href":"https:\/\/saunagrow.com\/pl\/wp-json\/wp\/v2\/pages\/9483","targetHints":{"allow":["GET"]}}],"collection":[{"href":"https:\/\/saunagrow.com\/pl\/wp-json\/wp\/v2\/pages"}],"about":[{"href":"https:\/\/saunagrow.com\/pl\/wp-json\/wp\/v2\/types\/page"}],"author":[{"embeddable":true,"href":"https:\/\/saunagrow.com\/pl\/wp-json\/wp\/v2\/users\/6"}],"replies":[{"embeddable":true,"href":"https:\/\/saunagrow.com\/pl\/wp-json\/wp\/v2\/comments?post=9483"}],"version-history":[{"count":2,"href":"https:\/\/saunagrow.com\/pl\/wp-json\/wp\/v2\/pages\/9483\/revisions"}],"predecessor-version":[{"id":9486,"href":"https:\/\/saunagrow.com\/pl\/wp-json\/wp\/v2\/pages\/9483\/revisions\/9486"}],"wp:attachment":[{"href":"https:\/\/saunagrow.com\/pl\/wp-json\/wp\/v2\/media?parent=9483"}],"curies":[{"name":"wp","href":"https:\/\/api.w.org\/{rel}","templated":true}]}}