{"id":4122,"date":"2021-03-11T21:21:32","date_gmt":"2021-03-11T21:21:32","guid":{"rendered":"https:\/\/saunagrow.com\/product\/1-godzinne-spotkanie\/"},"modified":"2025-04-16T19:16:03","modified_gmt":"2025-04-16T19:16:03","slug":"1-godzinne-spotkanie-poza-pakietem","status":"publish","type":"product","link":"https:\/\/saunagrow.com\/pl\/shop\/1-godzinne-spotkanie-poza-pakietem\/","title":{"rendered":"POROZMAWIAJMY JESZCZE! 1 godzinne spotkanie\/poza pakietem"},"content":{"rendered":"<blockquote><p>Wykorzysta\u0142e\u015b ca\u0142y pakiet?<\/p><\/blockquote>\n<p><strong>Skorzystaj z dodatkowego wsparcia podczas godzinnego spotkania z wybranym <a href=\"https:\/\/saunagrow.com\/pl\/mentorzy\/\">Mentorem<\/a> SaunaGrow.<\/strong><\/p>\n<p>&nbsp;<\/p>\n<p><em>Produkt dost\u0119pny jest dla obecnych klient\u00f3w SaunaGrow, z aktywnym pakietem <a href=\"https:\/\/saunagrow.com\/pl\/kategoria-produktu\/mentoring-biznesowy\/\">Regularne Wsparcie Mentorskie<\/a> lub wykupionym produktem <a href=\"https:\/\/saunagrow.com\/pl\/kategoria-produktu\/biznesowy-bilans\/\">Biznesowy Bilans Zdrowotny.<\/a><\/em><\/p>\n<p>&nbsp;<\/p>\n","protected":false},"excerpt":{"rendered":"<p>Nasi Mentorzy maj\u0105 r\u00f3\u017cne umiej\u0119tno\u015bci i do\u015bwiadczenie. G\u0142\u00f3wny fokus skierowany jest na <strong>skalowanie organizacji<\/strong> od etapu osi\u0105gania przychodu a\u017c do ekspansji mi\u0119dzynarodowej. Mo\u017cemy r\u00f3wnie\u017c pom\u00f3c w aspektach zwi\u0105zanych z<strong> rozwojem i motywacj\u0105<\/strong> zespo\u0142u jak r\u00f3wnie\u017c w kwestiach <strong>prawnych<\/strong> prowadzenia rosn\u0105cego biznesu. Cz\u0119sto zaspokajan\u0105 potrzeb\u0105 jest tak\u017ce wsparcie w zakresie <strong>technologicznym<\/strong> (procesy, d\u0142ug technologiczny, rozw\u00f3j aplikacji).<\/p>\n<p><strong>Jakiekolwiek s\u0105 potrzeby Twojego rosn\u0105cego biznesu, nasi Mentorzy b\u0119d\u0105 w stanie pom\u00f3c samodzielnie lub wskaza\u0107 w\u0142a\u015bciwe osoby ze swojej bogatej sieci kontakt\u00f3w.<\/strong><\/p>\n","protected":false},"featured_media":4124,"comment_status":"open","ping_status":"closed","template":"","meta":[],"product_brand":[],"product_cat":[56],"product_tag":[],"class_list":{"0":"post-4122","1":"product","2":"type-product","3":"status-publish","4":"has-post-thumbnail","6":"product_cat-porozmawiajmy-jeszcze","8":"first","9":"instock","10":"taxable","11":"shipping-taxable","12":"purchasable","13":"product-type-variable"},"yoast_head":"<!-- This site is optimized with the Yoast SEO plugin v27.4 - https:\/\/yoast.com\/product\/yoast-seo-wordpress\/ -->\n<title>POROZMAWIAJMY JESZCZE! 1 godzinne spotkanie\/poza pakietem - SaunaGrow.com<\/title>\n<meta name=\"description\" content=\"Wykorzysta\u0142e\u015b ca\u0142y pakiet? Skorzystaj z dodatkowego wsparcia mentorskiego podczas godzinnego spotkania z wybranym Mentorem SaunaGrow.\" \/>\n<meta name=\"robots\" content=\"index, follow, max-snippet:-1, max-image-preview:large, max-video-preview:-1\" \/>\n<link rel=\"canonical\" href=\"https:\/\/saunagrow.com\/pl\/shop\/1-godzinne-spotkanie-poza-pakietem\/\" \/>\n<meta property=\"og:locale\" content=\"pl_PL\" \/>\n<meta property=\"og:type\" content=\"article\" \/>\n<meta property=\"og:title\" content=\"POROZMAWIAJMY JESZCZE! 1 godzinne spotkanie\/poza pakietem\" \/>\n<meta property=\"og:description\" content=\"Wykorzysta\u0142e\u015b ca\u0142y pakiet? Skorzystaj z dodatkowego wsparcia mentorskiego podczas godzinnego spotkania z wybranym Mentorem SaunaGrow.\" \/>\n<meta property=\"og:url\" content=\"https:\/\/saunagrow.com\/pl\/shop\/1-godzinne-spotkanie-poza-pakietem\/\" \/>\n<meta property=\"og:site_name\" content=\"SaunaGrow.com\" \/>\n<meta property=\"article:modified_time\" content=\"2025-04-16T19:16:03+00:00\" \/>\n<meta property=\"og:image\" content=\"https:\/\/saunagrow.com\/wp-content\/uploads\/2021\/03\/sauna_grow_woocommerce_1200x1200_PL_RBM_M.png\" \/>\n\t<meta property=\"og:image:width\" content=\"1200\" \/>\n\t<meta property=\"og:image:height\" content=\"1200\" \/>\n\t<meta property=\"og:image:type\" content=\"image\/png\" \/>\n<meta name=\"twitter:card\" content=\"summary_large_image\" \/>\n<meta name=\"twitter:label1\" content=\"Szacowany czas czytania\" \/>\n\t<meta name=\"twitter:data1\" content=\"1 minuta\" \/>\n<script type=\"application\/ld+json\" class=\"yoast-schema-graph\">{\"@context\":\"https:\\\/\\\/schema.org\",\"@graph\":[{\"@type\":\"WebPage\",\"@id\":\"https:\\\/\\\/saunagrow.com\\\/pl\\\/shop\\\/1-godzinne-spotkanie-poza-pakietem\\\/\",\"url\":\"https:\\\/\\\/saunagrow.com\\\/pl\\\/shop\\\/1-godzinne-spotkanie-poza-pakietem\\\/\",\"name\":\"POROZMAWIAJMY JESZCZE! 1 godzinne spotkanie\\\/poza pakietem - SaunaGrow.com\",\"isPartOf\":{\"@id\":\"https:\\\/\\\/saunagrow.com\\\/pl\\\/#website\"},\"primaryImageOfPage\":{\"@id\":\"https:\\\/\\\/saunagrow.com\\\/pl\\\/shop\\\/1-godzinne-spotkanie-poza-pakietem\\\/#primaryimage\"},\"image\":{\"@id\":\"https:\\\/\\\/saunagrow.com\\\/pl\\\/shop\\\/1-godzinne-spotkanie-poza-pakietem\\\/#primaryimage\"},\"thumbnailUrl\":\"https:\\\/\\\/saunagrow.com\\\/wp-content\\\/uploads\\\/2021\\\/03\\\/sauna_grow_woocommerce_1200x1200_PL_RBM_M.png\",\"datePublished\":\"2021-03-11T21:21:32+00:00\",\"dateModified\":\"2025-04-16T19:16:03+00:00\",\"description\":\"Wykorzysta\u0142e\u015b ca\u0142y pakiet? Skorzystaj z dodatkowego wsparcia mentorskiego podczas godzinnego spotkania z wybranym Mentorem SaunaGrow.\",\"breadcrumb\":{\"@id\":\"https:\\\/\\\/saunagrow.com\\\/pl\\\/shop\\\/1-godzinne-spotkanie-poza-pakietem\\\/#breadcrumb\"},\"inLanguage\":\"pl-PL\",\"potentialAction\":[{\"@type\":\"ReadAction\",\"target\":[\"https:\\\/\\\/saunagrow.com\\\/pl\\\/shop\\\/1-godzinne-spotkanie-poza-pakietem\\\/\"]}]},{\"@type\":\"ImageObject\",\"inLanguage\":\"pl-PL\",\"@id\":\"https:\\\/\\\/saunagrow.com\\\/pl\\\/shop\\\/1-godzinne-spotkanie-poza-pakietem\\\/#primaryimage\",\"url\":\"https:\\\/\\\/saunagrow.com\\\/wp-content\\\/uploads\\\/2021\\\/03\\\/sauna_grow_woocommerce_1200x1200_PL_RBM_M.png\",\"contentUrl\":\"https:\\\/\\\/saunagrow.com\\\/wp-content\\\/uploads\\\/2021\\\/03\\\/sauna_grow_woocommerce_1200x1200_PL_RBM_M.png\",\"width\":1200,\"height\":1200},{\"@type\":\"BreadcrumbList\",\"@id\":\"https:\\\/\\\/saunagrow.com\\\/pl\\\/shop\\\/1-godzinne-spotkanie-poza-pakietem\\\/#breadcrumb\",\"itemListElement\":[{\"@type\":\"ListItem\",\"position\":1,\"name\":\"Home\",\"item\":\"https:\\\/\\\/saunagrow.com\\\/pl\\\/misja\\\/\"},{\"@type\":\"ListItem\",\"position\":2,\"name\":\"Produkty\",\"item\":\"https:\\\/\\\/saunagrow.com\\\/pl\\\/sklep\\\/\"},{\"@type\":\"ListItem\",\"position\":3,\"name\":\"POROZMAWIAJMY JESZCZE! 1 godzinne spotkanie\\\/poza pakietem\"}]},{\"@type\":\"WebSite\",\"@id\":\"https:\\\/\\\/saunagrow.com\\\/pl\\\/#website\",\"url\":\"https:\\\/\\\/saunagrow.com\\\/pl\\\/\",\"name\":\"SaunaGrow.com\",\"description\":\"Meet in Sauna. Grow your Business. Support Charity\",\"potentialAction\":[{\"@type\":\"SearchAction\",\"target\":{\"@type\":\"EntryPoint\",\"urlTemplate\":\"https:\\\/\\\/saunagrow.com\\\/pl\\\/?s={search_term_string}\"},\"query-input\":{\"@type\":\"PropertyValueSpecification\",\"valueRequired\":true,\"valueName\":\"search_term_string\"}}],\"inLanguage\":\"pl-PL\"}]}<\/script>\n<!-- \/ Yoast SEO plugin. -->","yoast_head_json":{"title":"POROZMAWIAJMY JESZCZE! 1 godzinne spotkanie\/poza pakietem - SaunaGrow.com","description":"Wykorzysta\u0142e\u015b ca\u0142y pakiet? Skorzystaj z dodatkowego wsparcia mentorskiego podczas godzinnego spotkania z wybranym Mentorem SaunaGrow.","robots":{"index":"index","follow":"follow","max-snippet":"max-snippet:-1","max-image-preview":"max-image-preview:large","max-video-preview":"max-video-preview:-1"},"canonical":"https:\/\/saunagrow.com\/pl\/shop\/1-godzinne-spotkanie-poza-pakietem\/","og_locale":"pl_PL","og_type":"article","og_title":"POROZMAWIAJMY JESZCZE! 1 godzinne spotkanie\/poza pakietem","og_description":"Wykorzysta\u0142e\u015b ca\u0142y pakiet? Skorzystaj z dodatkowego wsparcia mentorskiego podczas godzinnego spotkania z wybranym Mentorem SaunaGrow.","og_url":"https:\/\/saunagrow.com\/pl\/shop\/1-godzinne-spotkanie-poza-pakietem\/","og_site_name":"SaunaGrow.com","article_modified_time":"2025-04-16T19:16:03+00:00","og_image":[{"width":1200,"height":1200,"url":"https:\/\/saunagrow.com\/wp-content\/uploads\/2021\/03\/sauna_grow_woocommerce_1200x1200_PL_RBM_M.png","type":"image\/png"}],"twitter_card":"summary_large_image","twitter_misc":{"Szacowany czas czytania":"1 minuta"},"schema":{"@context":"https:\/\/schema.org","@graph":[{"@type":"WebPage","@id":"https:\/\/saunagrow.com\/pl\/shop\/1-godzinne-spotkanie-poza-pakietem\/","url":"https:\/\/saunagrow.com\/pl\/shop\/1-godzinne-spotkanie-poza-pakietem\/","name":"POROZMAWIAJMY JESZCZE! 1 godzinne spotkanie\/poza pakietem - SaunaGrow.com","isPartOf":{"@id":"https:\/\/saunagrow.com\/pl\/#website"},"primaryImageOfPage":{"@id":"https:\/\/saunagrow.com\/pl\/shop\/1-godzinne-spotkanie-poza-pakietem\/#primaryimage"},"image":{"@id":"https:\/\/saunagrow.com\/pl\/shop\/1-godzinne-spotkanie-poza-pakietem\/#primaryimage"},"thumbnailUrl":"https:\/\/saunagrow.com\/wp-content\/uploads\/2021\/03\/sauna_grow_woocommerce_1200x1200_PL_RBM_M.png","datePublished":"2021-03-11T21:21:32+00:00","dateModified":"2025-04-16T19:16:03+00:00","description":"Wykorzysta\u0142e\u015b ca\u0142y pakiet? Skorzystaj z dodatkowego wsparcia mentorskiego podczas godzinnego spotkania z wybranym Mentorem SaunaGrow.","breadcrumb":{"@id":"https:\/\/saunagrow.com\/pl\/shop\/1-godzinne-spotkanie-poza-pakietem\/#breadcrumb"},"inLanguage":"pl-PL","potentialAction":[{"@type":"ReadAction","target":["https:\/\/saunagrow.com\/pl\/shop\/1-godzinne-spotkanie-poza-pakietem\/"]}]},{"@type":"ImageObject","inLanguage":"pl-PL","@id":"https:\/\/saunagrow.com\/pl\/shop\/1-godzinne-spotkanie-poza-pakietem\/#primaryimage","url":"https:\/\/saunagrow.com\/wp-content\/uploads\/2021\/03\/sauna_grow_woocommerce_1200x1200_PL_RBM_M.png","contentUrl":"https:\/\/saunagrow.com\/wp-content\/uploads\/2021\/03\/sauna_grow_woocommerce_1200x1200_PL_RBM_M.png","width":1200,"height":1200},{"@type":"BreadcrumbList","@id":"https:\/\/saunagrow.com\/pl\/shop\/1-godzinne-spotkanie-poza-pakietem\/#breadcrumb","itemListElement":[{"@type":"ListItem","position":1,"name":"Home","item":"https:\/\/saunagrow.com\/pl\/misja\/"},{"@type":"ListItem","position":2,"name":"Produkty","item":"https:\/\/saunagrow.com\/pl\/sklep\/"},{"@type":"ListItem","position":3,"name":"POROZMAWIAJMY JESZCZE! 1 godzinne spotkanie\/poza pakietem"}]},{"@type":"WebSite","@id":"https:\/\/saunagrow.com\/pl\/#website","url":"https:\/\/saunagrow.com\/pl\/","name":"SaunaGrow.com","description":"Meet in Sauna. Grow your Business. Support Charity","potentialAction":[{"@type":"SearchAction","target":{"@type":"EntryPoint","urlTemplate":"https:\/\/saunagrow.com\/pl\/?s={search_term_string}"},"query-input":{"@type":"PropertyValueSpecification","valueRequired":true,"valueName":"search_term_string"}}],"inLanguage":"pl-PL"}]}},"_links":{"self":[{"href":"https:\/\/saunagrow.com\/pl\/wp-json\/wp\/v2\/product\/4122","targetHints":{"allow":["GET"]}}],"collection":[{"href":"https:\/\/saunagrow.com\/pl\/wp-json\/wp\/v2\/product"}],"about":[{"href":"https:\/\/saunagrow.com\/pl\/wp-json\/wp\/v2\/types\/product"}],"replies":[{"embeddable":true,"href":"https:\/\/saunagrow.com\/pl\/wp-json\/wp\/v2\/comments?post=4122"}],"wp:featuredmedia":[{"embeddable":true,"href":"https:\/\/saunagrow.com\/pl\/wp-json\/wp\/v2\/media\/4124"}],"wp:attachment":[{"href":"https:\/\/saunagrow.com\/pl\/wp-json\/wp\/v2\/media?parent=4122"}],"wp:term":[{"taxonomy":"product_brand","embeddable":true,"href":"https:\/\/saunagrow.com\/pl\/wp-json\/wp\/v2\/product_brand?post=4122"},{"taxonomy":"product_cat","embeddable":true,"href":"https:\/\/saunagrow.com\/pl\/wp-json\/wp\/v2\/product_cat?post=4122"},{"taxonomy":"product_tag","embeddable":true,"href":"https:\/\/saunagrow.com\/pl\/wp-json\/wp\/v2\/product_tag?post=4122"}],"curies":[{"name":"wp","href":"https:\/\/api.w.org\/{rel}","templated":true}]}}