{"id":6940,"date":"2022-05-28T14:05:33","date_gmt":"2022-05-28T14:05:33","guid":{"rendered":"https:\/\/saunagrow.com\/?post_type=product&#038;p=6940"},"modified":"2025-04-16T19:17:15","modified_gmt":"2025-04-16T19:17:15","slug":"poznajmy-sie-1-godzinne-spotkanie-dostepne-tylko-jeden-raz","status":"publish","type":"product","link":"https:\/\/saunagrow.com\/pl\/shop\/poznajmy-sie-1-godzinne-spotkanie-dostepne-tylko-jeden-raz\/","title":{"rendered":"POZNAJMY SI\u0118! 1 godzinne spotkanie\/dost\u0119pne tylko jeden raz"},"content":{"rendered":"","protected":false},"excerpt":{"rendered":"<p>Nasi Mentorzy maj\u0105 r\u00f3\u017cne umiej\u0119tno\u015bci i do\u015bwiadczenie. G\u0142\u00f3wny fokus skierowany jest na\u00a0<strong>skalowanie organizacji<\/strong>\u00a0od etapu osi\u0105gania przychodu a\u017c do ekspansji mi\u0119dzynarodowej. Mo\u017cemy r\u00f3wnie\u017c pom\u00f3c w aspektach zwi\u0105zanych z\u00a0<strong>rozwojem i motywacj\u0105 zespo\u0142u<\/strong>\u00a0jak r\u00f3wnie\u017c w kwestiach\u00a0<strong>prawnych<\/strong>\u00a0prowadzenia rosn\u0105cego biznesu. Cz\u0119sto zaspokajan\u0105 potrzeb\u0105 jest tak\u017ce wsparcie w zakresie\u00a0<strong>technologicznym<\/strong>\u00a0(procesy, d\u0142ug technologiczny, rozw\u00f3j aplikacji).<\/p>\n<p><strong>Jakiekolwiek s\u0105 potrzeby Twojego rosn\u0105cego Biznesu, nasi Mentorzy b\u0119d\u0105 w stanie pom\u00f3c samodzielnie, lub wskaza\u0107 w\u0142a\u015bciwe osoby ze swojej bogatej sieci kontakt\u00f3w.<\/strong><\/p>\n","protected":false},"featured_media":7672,"comment_status":"closed","ping_status":"closed","template":"","meta":[],"product_brand":[],"product_cat":[55],"product_tag":[],"class_list":{"0":"post-6940","1":"product","2":"type-product","3":"status-publish","4":"has-post-thumbnail","6":"product_cat-poznajmy-sie","8":"first","9":"instock","10":"taxable","11":"shipping-taxable","12":"purchasable","13":"product-type-variable"},"yoast_head":"<!-- This site is optimized with the Yoast SEO plugin v27.4 - https:\/\/yoast.com\/product\/yoast-seo-wordpress\/ -->\n<title>POZNAJMY SI\u0118! 1 godzinne spotkanie\/dost\u0119pne tylko jeden raz - SaunaGrow.com<\/title>\n<meta name=\"robots\" content=\"index, follow, max-snippet:-1, max-image-preview:large, max-video-preview:-1\" \/>\n<link rel=\"canonical\" href=\"https:\/\/saunagrow.com\/pl\/shop\/poznajmy-sie-1-godzinne-spotkanie-dostepne-tylko-jeden-raz\/\" \/>\n<meta property=\"og:locale\" content=\"pl_PL\" \/>\n<meta property=\"og:type\" content=\"article\" \/>\n<meta property=\"og:title\" content=\"POZNAJMY SI\u0118! 1 godzinne spotkanie\/dost\u0119pne tylko jeden raz - SaunaGrow.com\" \/>\n<meta property=\"og:description\" content=\"Nasi Mentorzy maj\u0105 r\u00f3\u017cne umiej\u0119tno\u015bci i do\u015bwiadczenie. G\u0142\u00f3wny fokus skierowany jest na\u00a0skalowanie organizacji\u00a0od etapu osi\u0105gania przychodu a\u017c do ekspansji mi\u0119dzynarodowej. Mo\u017cemy r\u00f3wnie\u017c pom\u00f3c w aspektach zwi\u0105zanych z\u00a0rozwojem i motywacj\u0105 zespo\u0142u\u00a0jak r\u00f3wnie\u017c w kwestiach\u00a0prawnych\u00a0prowadzenia rosn\u0105cego biznesu. Cz\u0119sto zaspokajan\u0105 potrzeb\u0105 jest tak\u017ce wsparcie w zakresie\u00a0technologicznym\u00a0(procesy, d\u0142ug technologiczny, rozw\u00f3j aplikacji).  Jakiekolwiek s\u0105 potrzeby Twojego rosn\u0105cego Biznesu, nasi Mentorzy b\u0119d\u0105 w stanie pom\u00f3c samodzielnie, lub wskaza\u0107 w\u0142a\u015bciwe osoby ze swojej bogatej sieci kontakt\u00f3w.\" \/>\n<meta property=\"og:url\" content=\"https:\/\/saunagrow.com\/pl\/shop\/poznajmy-sie-1-godzinne-spotkanie-dostepne-tylko-jeden-raz\/\" \/>\n<meta property=\"og:site_name\" content=\"SaunaGrow.com\" \/>\n<meta property=\"article:modified_time\" content=\"2025-04-16T19:17:15+00:00\" \/>\n<meta property=\"og:image\" content=\"https:\/\/saunagrow.com\/wp-content\/uploads\/2022\/07\/RBM_1-1030x1030.png\" \/>\n\t<meta property=\"og:image:width\" content=\"1030\" \/>\n\t<meta property=\"og:image:height\" content=\"1030\" \/>\n\t<meta property=\"og:image:type\" content=\"image\/png\" \/>\n<meta name=\"twitter:card\" content=\"summary_large_image\" \/>\n<meta name=\"twitter:label1\" content=\"Szacowany czas czytania\" \/>\n\t<meta name=\"twitter:data1\" content=\"1 minuta\" \/>\n<script type=\"application\/ld+json\" class=\"yoast-schema-graph\">{\"@context\":\"https:\\\/\\\/schema.org\",\"@graph\":[{\"@type\":\"WebPage\",\"@id\":\"https:\\\/\\\/saunagrow.com\\\/pl\\\/shop\\\/poznajmy-sie-1-godzinne-spotkanie-dostepne-tylko-jeden-raz\\\/\",\"url\":\"https:\\\/\\\/saunagrow.com\\\/pl\\\/shop\\\/poznajmy-sie-1-godzinne-spotkanie-dostepne-tylko-jeden-raz\\\/\",\"name\":\"POZNAJMY SI\u0118! 1 godzinne spotkanie\\\/dost\u0119pne tylko jeden raz - SaunaGrow.com\",\"isPartOf\":{\"@id\":\"https:\\\/\\\/saunagrow.com\\\/pl\\\/#website\"},\"primaryImageOfPage\":{\"@id\":\"https:\\\/\\\/saunagrow.com\\\/pl\\\/shop\\\/poznajmy-sie-1-godzinne-spotkanie-dostepne-tylko-jeden-raz\\\/#primaryimage\"},\"image\":{\"@id\":\"https:\\\/\\\/saunagrow.com\\\/pl\\\/shop\\\/poznajmy-sie-1-godzinne-spotkanie-dostepne-tylko-jeden-raz\\\/#primaryimage\"},\"thumbnailUrl\":\"https:\\\/\\\/saunagrow.com\\\/wp-content\\\/uploads\\\/2022\\\/07\\\/RBM_1.png\",\"datePublished\":\"2022-05-28T14:05:33+00:00\",\"dateModified\":\"2025-04-16T19:17:15+00:00\",\"breadcrumb\":{\"@id\":\"https:\\\/\\\/saunagrow.com\\\/pl\\\/shop\\\/poznajmy-sie-1-godzinne-spotkanie-dostepne-tylko-jeden-raz\\\/#breadcrumb\"},\"inLanguage\":\"pl-PL\",\"potentialAction\":[{\"@type\":\"ReadAction\",\"target\":[\"https:\\\/\\\/saunagrow.com\\\/pl\\\/shop\\\/poznajmy-sie-1-godzinne-spotkanie-dostepne-tylko-jeden-raz\\\/\"]}]},{\"@type\":\"ImageObject\",\"inLanguage\":\"pl-PL\",\"@id\":\"https:\\\/\\\/saunagrow.com\\\/pl\\\/shop\\\/poznajmy-sie-1-godzinne-spotkanie-dostepne-tylko-jeden-raz\\\/#primaryimage\",\"url\":\"https:\\\/\\\/saunagrow.com\\\/wp-content\\\/uploads\\\/2022\\\/07\\\/RBM_1.png\",\"contentUrl\":\"https:\\\/\\\/saunagrow.com\\\/wp-content\\\/uploads\\\/2022\\\/07\\\/RBM_1.png\",\"width\":1200,\"height\":1200},{\"@type\":\"BreadcrumbList\",\"@id\":\"https:\\\/\\\/saunagrow.com\\\/pl\\\/shop\\\/poznajmy-sie-1-godzinne-spotkanie-dostepne-tylko-jeden-raz\\\/#breadcrumb\",\"itemListElement\":[{\"@type\":\"ListItem\",\"position\":1,\"name\":\"Home\",\"item\":\"https:\\\/\\\/saunagrow.com\\\/pl\\\/misja\\\/\"},{\"@type\":\"ListItem\",\"position\":2,\"name\":\"Produkty\",\"item\":\"https:\\\/\\\/saunagrow.com\\\/pl\\\/sklep\\\/\"},{\"@type\":\"ListItem\",\"position\":3,\"name\":\"POZNAJMY SI\u0118! 1 godzinne spotkanie\\\/dost\u0119pne tylko jeden raz\"}]},{\"@type\":\"WebSite\",\"@id\":\"https:\\\/\\\/saunagrow.com\\\/pl\\\/#website\",\"url\":\"https:\\\/\\\/saunagrow.com\\\/pl\\\/\",\"name\":\"SaunaGrow.com\",\"description\":\"Meet in Sauna. Grow your Business. Support Charity\",\"potentialAction\":[{\"@type\":\"SearchAction\",\"target\":{\"@type\":\"EntryPoint\",\"urlTemplate\":\"https:\\\/\\\/saunagrow.com\\\/pl\\\/?s={search_term_string}\"},\"query-input\":{\"@type\":\"PropertyValueSpecification\",\"valueRequired\":true,\"valueName\":\"search_term_string\"}}],\"inLanguage\":\"pl-PL\"}]}<\/script>\n<!-- \/ Yoast SEO plugin. -->","yoast_head_json":{"title":"POZNAJMY SI\u0118! 1 godzinne spotkanie\/dost\u0119pne tylko jeden raz - SaunaGrow.com","robots":{"index":"index","follow":"follow","max-snippet":"max-snippet:-1","max-image-preview":"max-image-preview:large","max-video-preview":"max-video-preview:-1"},"canonical":"https:\/\/saunagrow.com\/pl\/shop\/poznajmy-sie-1-godzinne-spotkanie-dostepne-tylko-jeden-raz\/","og_locale":"pl_PL","og_type":"article","og_title":"POZNAJMY SI\u0118! 1 godzinne spotkanie\/dost\u0119pne tylko jeden raz - SaunaGrow.com","og_description":"Nasi Mentorzy maj\u0105 r\u00f3\u017cne umiej\u0119tno\u015bci i do\u015bwiadczenie. G\u0142\u00f3wny fokus skierowany jest na\u00a0skalowanie organizacji\u00a0od etapu osi\u0105gania przychodu a\u017c do ekspansji mi\u0119dzynarodowej. Mo\u017cemy r\u00f3wnie\u017c pom\u00f3c w aspektach zwi\u0105zanych z\u00a0rozwojem i motywacj\u0105 zespo\u0142u\u00a0jak r\u00f3wnie\u017c w kwestiach\u00a0prawnych\u00a0prowadzenia rosn\u0105cego biznesu. Cz\u0119sto zaspokajan\u0105 potrzeb\u0105 jest tak\u017ce wsparcie w zakresie\u00a0technologicznym\u00a0(procesy, d\u0142ug technologiczny, rozw\u00f3j aplikacji).  Jakiekolwiek s\u0105 potrzeby Twojego rosn\u0105cego Biznesu, nasi Mentorzy b\u0119d\u0105 w stanie pom\u00f3c samodzielnie, lub wskaza\u0107 w\u0142a\u015bciwe osoby ze swojej bogatej sieci kontakt\u00f3w.","og_url":"https:\/\/saunagrow.com\/pl\/shop\/poznajmy-sie-1-godzinne-spotkanie-dostepne-tylko-jeden-raz\/","og_site_name":"SaunaGrow.com","article_modified_time":"2025-04-16T19:17:15+00:00","og_image":[{"width":1030,"height":1030,"url":"https:\/\/saunagrow.com\/wp-content\/uploads\/2022\/07\/RBM_1-1030x1030.png","type":"image\/png"}],"twitter_card":"summary_large_image","twitter_misc":{"Szacowany czas czytania":"1 minuta"},"schema":{"@context":"https:\/\/schema.org","@graph":[{"@type":"WebPage","@id":"https:\/\/saunagrow.com\/pl\/shop\/poznajmy-sie-1-godzinne-spotkanie-dostepne-tylko-jeden-raz\/","url":"https:\/\/saunagrow.com\/pl\/shop\/poznajmy-sie-1-godzinne-spotkanie-dostepne-tylko-jeden-raz\/","name":"POZNAJMY SI\u0118! 1 godzinne spotkanie\/dost\u0119pne tylko jeden raz - SaunaGrow.com","isPartOf":{"@id":"https:\/\/saunagrow.com\/pl\/#website"},"primaryImageOfPage":{"@id":"https:\/\/saunagrow.com\/pl\/shop\/poznajmy-sie-1-godzinne-spotkanie-dostepne-tylko-jeden-raz\/#primaryimage"},"image":{"@id":"https:\/\/saunagrow.com\/pl\/shop\/poznajmy-sie-1-godzinne-spotkanie-dostepne-tylko-jeden-raz\/#primaryimage"},"thumbnailUrl":"https:\/\/saunagrow.com\/wp-content\/uploads\/2022\/07\/RBM_1.png","datePublished":"2022-05-28T14:05:33+00:00","dateModified":"2025-04-16T19:17:15+00:00","breadcrumb":{"@id":"https:\/\/saunagrow.com\/pl\/shop\/poznajmy-sie-1-godzinne-spotkanie-dostepne-tylko-jeden-raz\/#breadcrumb"},"inLanguage":"pl-PL","potentialAction":[{"@type":"ReadAction","target":["https:\/\/saunagrow.com\/pl\/shop\/poznajmy-sie-1-godzinne-spotkanie-dostepne-tylko-jeden-raz\/"]}]},{"@type":"ImageObject","inLanguage":"pl-PL","@id":"https:\/\/saunagrow.com\/pl\/shop\/poznajmy-sie-1-godzinne-spotkanie-dostepne-tylko-jeden-raz\/#primaryimage","url":"https:\/\/saunagrow.com\/wp-content\/uploads\/2022\/07\/RBM_1.png","contentUrl":"https:\/\/saunagrow.com\/wp-content\/uploads\/2022\/07\/RBM_1.png","width":1200,"height":1200},{"@type":"BreadcrumbList","@id":"https:\/\/saunagrow.com\/pl\/shop\/poznajmy-sie-1-godzinne-spotkanie-dostepne-tylko-jeden-raz\/#breadcrumb","itemListElement":[{"@type":"ListItem","position":1,"name":"Home","item":"https:\/\/saunagrow.com\/pl\/misja\/"},{"@type":"ListItem","position":2,"name":"Produkty","item":"https:\/\/saunagrow.com\/pl\/sklep\/"},{"@type":"ListItem","position":3,"name":"POZNAJMY SI\u0118! 1 godzinne spotkanie\/dost\u0119pne tylko jeden raz"}]},{"@type":"WebSite","@id":"https:\/\/saunagrow.com\/pl\/#website","url":"https:\/\/saunagrow.com\/pl\/","name":"SaunaGrow.com","description":"Meet in Sauna. Grow your Business. Support Charity","potentialAction":[{"@type":"SearchAction","target":{"@type":"EntryPoint","urlTemplate":"https:\/\/saunagrow.com\/pl\/?s={search_term_string}"},"query-input":{"@type":"PropertyValueSpecification","valueRequired":true,"valueName":"search_term_string"}}],"inLanguage":"pl-PL"}]}},"_links":{"self":[{"href":"https:\/\/saunagrow.com\/pl\/wp-json\/wp\/v2\/product\/6940","targetHints":{"allow":["GET"]}}],"collection":[{"href":"https:\/\/saunagrow.com\/pl\/wp-json\/wp\/v2\/product"}],"about":[{"href":"https:\/\/saunagrow.com\/pl\/wp-json\/wp\/v2\/types\/product"}],"replies":[{"embeddable":true,"href":"https:\/\/saunagrow.com\/pl\/wp-json\/wp\/v2\/comments?post=6940"}],"wp:featuredmedia":[{"embeddable":true,"href":"https:\/\/saunagrow.com\/pl\/wp-json\/wp\/v2\/media\/7672"}],"wp:attachment":[{"href":"https:\/\/saunagrow.com\/pl\/wp-json\/wp\/v2\/media?parent=6940"}],"wp:term":[{"taxonomy":"product_brand","embeddable":true,"href":"https:\/\/saunagrow.com\/pl\/wp-json\/wp\/v2\/product_brand?post=6940"},{"taxonomy":"product_cat","embeddable":true,"href":"https:\/\/saunagrow.com\/pl\/wp-json\/wp\/v2\/product_cat?post=6940"},{"taxonomy":"product_tag","embeddable":true,"href":"https:\/\/saunagrow.com\/pl\/wp-json\/wp\/v2\/product_tag?post=6940"}],"curies":[{"name":"wp","href":"https:\/\/api.w.org\/{rel}","templated":true}]}}