{"id":7321,"date":"2022-06-21T12:58:44","date_gmt":"2022-06-21T12:58:44","guid":{"rendered":"https:\/\/saunagrow.com\/?post_type=product&#038;p=7321"},"modified":"2022-11-26T20:08:18","modified_gmt":"2022-11-26T20:08:18","slug":"biznesowy-bilans-zdrowotny","status":"publish","type":"product","link":"https:\/\/saunagrow.com\/pl\/shop\/biznesowy-bilans-zdrowotny\/","title":{"rendered":"Biznesowy Bilans Zdrowotny"},"content":{"rendered":"<h3>Pakiet KULTURA ORGANIZACYJNA &amp; ROZW\u00d3J<\/h3>\n<blockquote>\n<p class=\"_04xlpA direction-ltr align-center para-style-body\"><span class=\"JsGRdQ\">Wyzwanie przypomina nieco konstrukcj\u0119 budowy pieca saunowego.\u00a0<\/span><span class=\"JsGRdQ\">Co z tego, \u017ce jest \u2018struktura\u2019 pieca, je\u015bli nie ma jego serca, czyli kamieni?\u00a0<\/span><span class=\"JsGRdQ\">Kultura lub jej brak rozgrzewa do czerwono\u015bci emocje w Zespole.\u00a0<\/span><span class=\"JsGRdQ\">To musi dzia\u0142a\u0107, aby \u017car mia\u0142 dobroczynny efekt, a nie powodowa\u0142 zab\u00f3jczego wypalenia.<\/span><\/p>\n<\/blockquote>\n<p><strong><span class=\"JsGRdQ\">Do\u015bwiadczeni Mentorzy SaunaGrow zbadaj\u0105 poziom kultury organizacyjnej Twojego Biznesu oraz okre\u015bl\u0105 Twoje najbli\u017csze wyzwania w zakresie rozwoju.<\/span><\/strong><\/p>\n<p><a href=\"https:\/\/saunagrow.com\/wp-content\/uploads\/2022\/11\/Kultura-Organizacyjna-i-Rozwoj.pdf\">Sprawd\u017a szczeg\u00f3\u0142y oferty.<\/a><\/p>\n<p>&nbsp;<\/p>\n<h3>Pakiet MARKETING<\/h3>\n<blockquote>\n<p class=\"_04xlpA direction-ltr align-center para-style-body\">Marketing to zestaw wielu element\u00f3w, nie tylko poprawnie u\u0142o\u017conych w \u0142adnie prezentuj\u0105cym si\u0119 pude\u0142ku, ale r\u00f3wnie\u017c zgranych ze sob\u0105. Aby to zadzia\u0142a\u0142o, trzeba zakasa\u0107 r\u0119kawy i czasem ubrudzi\u0107 sobie r\u0119ce.<\/p>\n<\/blockquote>\n<p><strong>Do\u015bwiadczeni Mentorzy SaunaGrow dokonaj\u0105 przegl\u0105du Twojego Biznesu, pod k\u0105tem podejmowanych dzia\u0142a\u0144 <\/strong><strong>marketingowych oraz okre\u015bl\u0105 poziom ich efektywno\u015bci w budowaniu wizerunku marki.<\/strong><\/p>\n<p><a href=\"https:\/\/saunagrow.com\/wp-content\/uploads\/2022\/11\/Marketing.pdf\">Sprawd\u017a szczeg\u00f3\u0142y oferty.<\/a><\/p>\n<p>&nbsp;<\/p>\n<h3>Pakiet MODEL BIZNESOWY &amp; SKALOWANIE PREMIUM<\/h3>\n<blockquote>\n<p class=\"_04xlpA direction-ltr align-center para-style-body\"><span class=\"JsGRdQ\">W biznesie, w\u0142a\u015bciwie dobrana \u2018pojemno\u015b\u0107\u2019 organizacji jest kluczowa dla zdrowego wzrostu. Biznes nie zadzia\u0142a je\u015bli b\u0119dzie pusty lub dziurawy.\u00a0<\/span><span class=\"JsGRdQ\">Warto regularnie sprawdza\u0107, czy pojemno\u015b\u0107 si\u0119 zgadza i czy jeste\u015bmy gotowi na kolejny krok!<\/span><\/p>\n<\/blockquote>\n<p class=\"_04xlpA direction-ltr align-center para-style-body\"><strong><span class=\"JsGRdQ\">Do\u015bwiadczeni Mentorzy SaunaGrow dokonaj\u0105 przegl\u0105du\u00a0<\/span><span class=\"JsGRdQ\">Twojego Biznesu i oceni\u0105 jego potencja\u0142 w zakresie w\u0142a\u015bciwego doboru docelowego modelu biznesowego oraz wespr\u0105 Ciebie w przygotowaniu do dynamicznego wzrostu firmy.<\/span><\/strong><\/p>\n<p><a href=\"https:\/\/saunagrow.com\/wp-content\/uploads\/2022\/11\/Model-Biznesowy-Skalowanie.pdf\">Sprawd\u017a szczeg\u00f3\u0142y oferty.<\/a><\/p>\n<p>&nbsp;<\/p>\n<h3>Pakiet PRAWO<\/h3>\n<blockquote>\n<p class=\"_04xlpA direction-ltr align-center para-style-body\">Kwestie prawne bywaj\u0105 gor\u0105cym tematem w biznesie. Aby temperatura nie osi\u0105gn\u0119\u0142a punktu wrzenia, warto kontrolowa\u0107 stan prawny naszej firmy, zanim b\u0119dzie za p\u00f3\u017ano<\/p>\n<\/blockquote>\n<p class=\"_04xlpA direction-ltr align-center para-style-body\"><strong>Do\u015bwiadczeni Mentorzy SaunaGrow, dokonaj\u0105 przegl\u0105du Twojego Biznesu pod k\u0105tem zgodno\u015bci z prawem (compliance), w zakresie przyj\u0119tych praktyk, procedur i innych wewn\u0119trznych dokument\u00f3w oraz proces\u00f3w.<\/strong><\/p>\n<p><a href=\"https:\/\/saunagrow.com\/wp-content\/uploads\/2022\/11\/Prawo-1.pdf\">Sprawd\u017a szczeg\u00f3\u0142y oferty.<\/a><\/p>\n<p>&nbsp;<\/p>\n<h3>Pakiet PROCESY OPERACYJNE<\/h3>\n<blockquote>\n<p class=\"_04xlpA direction-ltr align-center para-style-body\"><span class=\"JsGRdQ\">Ca\u0142y proces przypomina nieco zabieg witkami brzozowymi w saunie.\u00a0<\/span><span class=\"JsGRdQ\">Pobudzi, otrze\u017awi, czasem zaboli, ale zdecydowanie pomo\u017ce.<\/span><\/p>\n<\/blockquote>\n<p class=\"_04xlpA direction-ltr align-center para-style-body\"><strong><span class=\"JsGRdQ\">Do\u015bwiadczeni Mentorzy SaunaGrow dokonaj\u0105 przegl\u0105du\u00a0<\/span><span class=\"JsGRdQ\">Twojego Biznesu oraz okre\u015bl\u0105 poziom jego efektywno\u015bci\u00a0<\/span><span class=\"JsGRdQ\">i funkcjonowania w okre\u015blonym obszarze.<\/span><\/strong><\/p>\n<p><a href=\"https:\/\/saunagrow.com\/wp-content\/uploads\/2022\/11\/Procesy-Operacyjne.pdf\">Sprawd\u017a szczeg\u00f3\u0142y oferty.<\/a><\/p>\n<p>&nbsp;<\/p>\n<h3>Pakiet TECHNOLOGIA<\/h3>\n<blockquote>\n<p class=\"_04xlpA direction-ltr align-center para-style-body\"><span class=\"JsGRdQ\">Ca\u0142y proces wymaga czasu na m\u0105dr\u0105 i dok\u0142adn\u0105 analiz\u0119, st\u0105d klepsydra jako symbol refleksji nad tym,\u00a0<\/span><span class=\"JsGRdQ\">co robimy, r\u00f3wnie\u017c w sferze zaawansowanych technologii.<\/span><\/p>\n<\/blockquote>\n<p class=\"_04xlpA direction-ltr align-center para-style-body\"><strong><span class=\"JsGRdQ\">Do\u015bwiadczeni Mentorzy SaunaGrow dokonaj\u0105 przegl\u0105du\u00a0<\/span><span class=\"JsGRdQ\">Twojego Biznesu i okre\u015bl\u0105 jego potencja\u0142 oraz potrzeby\u00a0<\/span><span class=\"JsGRdQ\">techniczne i organizacyjne w obszarze IT, a tak\u017ce mo\u017cliwo\u015bci\u00a0<\/span><span class=\"JsGRdQ\">i potrzeby w zakresie rozwoju oferowanych produkt\u00f3w lub us\u0142ug.<\/span><\/strong><\/p>\n<p><a href=\"https:\/\/saunagrow.com\/wp-content\/uploads\/2022\/11\/Technologia.pdf\">Sprawd\u017a szczeg\u00f3\u0142y oferty.<\/a><\/p>\n","protected":false},"excerpt":{"rendered":"<p><strong>Us\u0142uga jednorazowa<\/strong><\/p>\n<p>W naszych dedykowanych audytach i rekomendacjach koncentrujemy si\u0119 na kluczowych obszarach dzia\u0142alno\u015bci. S\u0105 to optymalizacje proces\u00f3w w operacjach, marketingu, a tak\u017ce usprawnienia w zakresie skalowania organizacji, rozwoju biznesu, prawa oraz technologii\/IT.<\/p>\n<p><strong>Zaanga\u017cowanie dedykowanego eksperta w wybranym obszarze wynosi ok. 60h.<\/strong><\/p>\n<p>Jako\u00a0<strong>wynik<\/strong>\u00a0otrzymaj\u0105 Pa\u0144stwo raport z naszymi ustaleniami. Audyt b\u0119dzie zawiera\u0142 wi\u0119cej ni\u017c tylko stwierdzenie \u201cczy\u201d zadania s\u0105 realizowane \u201cdobrze czy nie\u201d, ale r\u00f3wnie\u017c zalecenia dotycz\u0105ce ulepsze\u0144.<\/p>\n<p>Wdro\u017cenie tylko pocz\u0105tkowych szybkich rekomendacji, tzw. \u2018low hanging fruits\u2019 pozwoli pokry\u0107 koszt raportu. Jest to bardzo wa\u017cne przy rozwa\u017caniu zwrotu z inwestycji.<\/p>\n<h5><strong>Szczeg\u00f3\u0142owy opis ka\u017cdego obszaru znajduje si\u0119 w opisie na dole strony.<\/strong><\/h5>\n<p>&nbsp;<\/p>\n","protected":false},"featured_media":7537,"comment_status":"open","ping_status":"closed","template":"","meta":[],"product_brand":[],"product_cat":[57],"product_tag":[],"class_list":{"0":"post-7321","1":"product","2":"type-product","3":"status-publish","4":"has-post-thumbnail","6":"product_cat-pakiety","8":"first","9":"instock","10":"taxable","11":"shipping-taxable","12":"purchasable","13":"product-type-variable"},"yoast_head":"<!-- This site is optimized with the Yoast SEO plugin v27.4 - https:\/\/yoast.com\/product\/yoast-seo-wordpress\/ -->\n<title>Biznesowy Bilans Zdrowotny - SaunaGrow.com<\/title>\n<meta name=\"robots\" content=\"index, follow, max-snippet:-1, max-image-preview:large, max-video-preview:-1\" \/>\n<link rel=\"canonical\" href=\"https:\/\/saunagrow.com\/pl\/shop\/biznesowy-bilans-zdrowotny\/\" \/>\n<meta property=\"og:locale\" content=\"pl_PL\" \/>\n<meta property=\"og:type\" content=\"article\" \/>\n<meta property=\"og:title\" content=\"Biznesowy Bilans Zdrowotny - SaunaGrow.com\" \/>\n<meta property=\"og:description\" content=\"Us\u0142uga jednorazowa  W naszych dedykowanych audytach i rekomendacjach koncentrujemy si\u0119 na kluczowych obszarach dzia\u0142alno\u015bci. S\u0105 to optymalizacje proces\u00f3w w operacjach, marketingu, a tak\u017ce usprawnienia w zakresie skalowania organizacji, rozwoju biznesu, prawa oraz technologii\/IT.  Zaanga\u017cowanie dedykowanego eksperta w wybranym obszarze wynosi ok. 60h.  Jako\u00a0wynik\u00a0otrzymaj\u0105 Pa\u0144stwo raport z naszymi ustaleniami. Audyt b\u0119dzie zawiera\u0142 wi\u0119cej ni\u017c tylko stwierdzenie \u201cczy\u201d zadania s\u0105 realizowane \u201cdobrze czy nie\u201d, ale r\u00f3wnie\u017c zalecenia dotycz\u0105ce ulepsze\u0144.  Wdro\u017cenie tylko pocz\u0105tkowych szybkich rekomendacji, tzw. \u2018low hanging fruits\u2019 pozwoli pokry\u0107 koszt raportu. Jest to bardzo wa\u017cne przy rozwa\u017caniu zwrotu z inwestycji. Szczeg\u00f3\u0142owy opis ka\u017cdego obszaru znajduje si\u0119 w opisie na dole strony. &nbsp;\" \/>\n<meta property=\"og:url\" content=\"https:\/\/saunagrow.com\/pl\/shop\/biznesowy-bilans-zdrowotny\/\" \/>\n<meta property=\"og:site_name\" content=\"SaunaGrow.com\" \/>\n<meta property=\"article:modified_time\" content=\"2022-11-26T20:08:18+00:00\" \/>\n<meta property=\"og:image\" content=\"https:\/\/saunagrow.com\/wp-content\/uploads\/2022\/06\/BBZ_Model_Scaling-premium-1030x1030.png\" \/>\n\t<meta property=\"og:image:width\" content=\"1030\" \/>\n\t<meta property=\"og:image:height\" content=\"1030\" \/>\n\t<meta property=\"og:image:type\" content=\"image\/png\" \/>\n<meta name=\"twitter:card\" content=\"summary_large_image\" \/>\n<meta name=\"twitter:label1\" content=\"Szacowany czas czytania\" \/>\n\t<meta name=\"twitter:data1\" content=\"2 minuty\" \/>\n<script type=\"application\/ld+json\" class=\"yoast-schema-graph\">{\"@context\":\"https:\\\/\\\/schema.org\",\"@graph\":[{\"@type\":\"WebPage\",\"@id\":\"https:\\\/\\\/saunagrow.com\\\/pl\\\/shop\\\/biznesowy-bilans-zdrowotny\\\/\",\"url\":\"https:\\\/\\\/saunagrow.com\\\/pl\\\/shop\\\/biznesowy-bilans-zdrowotny\\\/\",\"name\":\"Biznesowy Bilans Zdrowotny - SaunaGrow.com\",\"isPartOf\":{\"@id\":\"https:\\\/\\\/saunagrow.com\\\/pl\\\/#website\"},\"primaryImageOfPage\":{\"@id\":\"https:\\\/\\\/saunagrow.com\\\/pl\\\/shop\\\/biznesowy-bilans-zdrowotny\\\/#primaryimage\"},\"image\":{\"@id\":\"https:\\\/\\\/saunagrow.com\\\/pl\\\/shop\\\/biznesowy-bilans-zdrowotny\\\/#primaryimage\"},\"thumbnailUrl\":\"https:\\\/\\\/saunagrow.com\\\/wp-content\\\/uploads\\\/2022\\\/06\\\/BBZ_Model_Scaling-premium.png\",\"datePublished\":\"2022-06-21T12:58:44+00:00\",\"dateModified\":\"2022-11-26T20:08:18+00:00\",\"breadcrumb\":{\"@id\":\"https:\\\/\\\/saunagrow.com\\\/pl\\\/shop\\\/biznesowy-bilans-zdrowotny\\\/#breadcrumb\"},\"inLanguage\":\"pl-PL\",\"potentialAction\":[{\"@type\":\"ReadAction\",\"target\":[\"https:\\\/\\\/saunagrow.com\\\/pl\\\/shop\\\/biznesowy-bilans-zdrowotny\\\/\"]}]},{\"@type\":\"ImageObject\",\"inLanguage\":\"pl-PL\",\"@id\":\"https:\\\/\\\/saunagrow.com\\\/pl\\\/shop\\\/biznesowy-bilans-zdrowotny\\\/#primaryimage\",\"url\":\"https:\\\/\\\/saunagrow.com\\\/wp-content\\\/uploads\\\/2022\\\/06\\\/BBZ_Model_Scaling-premium.png\",\"contentUrl\":\"https:\\\/\\\/saunagrow.com\\\/wp-content\\\/uploads\\\/2022\\\/06\\\/BBZ_Model_Scaling-premium.png\",\"width\":1200,\"height\":1200},{\"@type\":\"BreadcrumbList\",\"@id\":\"https:\\\/\\\/saunagrow.com\\\/pl\\\/shop\\\/biznesowy-bilans-zdrowotny\\\/#breadcrumb\",\"itemListElement\":[{\"@type\":\"ListItem\",\"position\":1,\"name\":\"Home\",\"item\":\"https:\\\/\\\/saunagrow.com\\\/pl\\\/misja\\\/\"},{\"@type\":\"ListItem\",\"position\":2,\"name\":\"Produkty\",\"item\":\"https:\\\/\\\/saunagrow.com\\\/pl\\\/sklep\\\/\"},{\"@type\":\"ListItem\",\"position\":3,\"name\":\"Biznesowy Bilans Zdrowotny\"}]},{\"@type\":\"WebSite\",\"@id\":\"https:\\\/\\\/saunagrow.com\\\/pl\\\/#website\",\"url\":\"https:\\\/\\\/saunagrow.com\\\/pl\\\/\",\"name\":\"SaunaGrow.com\",\"description\":\"Meet in Sauna. Grow your Business. Support Charity\",\"potentialAction\":[{\"@type\":\"SearchAction\",\"target\":{\"@type\":\"EntryPoint\",\"urlTemplate\":\"https:\\\/\\\/saunagrow.com\\\/pl\\\/?s={search_term_string}\"},\"query-input\":{\"@type\":\"PropertyValueSpecification\",\"valueRequired\":true,\"valueName\":\"search_term_string\"}}],\"inLanguage\":\"pl-PL\"}]}<\/script>\n<!-- \/ Yoast SEO plugin. -->","yoast_head_json":{"title":"Biznesowy Bilans Zdrowotny - SaunaGrow.com","robots":{"index":"index","follow":"follow","max-snippet":"max-snippet:-1","max-image-preview":"max-image-preview:large","max-video-preview":"max-video-preview:-1"},"canonical":"https:\/\/saunagrow.com\/pl\/shop\/biznesowy-bilans-zdrowotny\/","og_locale":"pl_PL","og_type":"article","og_title":"Biznesowy Bilans Zdrowotny - SaunaGrow.com","og_description":"Us\u0142uga jednorazowa  W naszych dedykowanych audytach i rekomendacjach koncentrujemy si\u0119 na kluczowych obszarach dzia\u0142alno\u015bci. S\u0105 to optymalizacje proces\u00f3w w operacjach, marketingu, a tak\u017ce usprawnienia w zakresie skalowania organizacji, rozwoju biznesu, prawa oraz technologii\/IT.  Zaanga\u017cowanie dedykowanego eksperta w wybranym obszarze wynosi ok. 60h.  Jako\u00a0wynik\u00a0otrzymaj\u0105 Pa\u0144stwo raport z naszymi ustaleniami. Audyt b\u0119dzie zawiera\u0142 wi\u0119cej ni\u017c tylko stwierdzenie \u201cczy\u201d zadania s\u0105 realizowane \u201cdobrze czy nie\u201d, ale r\u00f3wnie\u017c zalecenia dotycz\u0105ce ulepsze\u0144.  Wdro\u017cenie tylko pocz\u0105tkowych szybkich rekomendacji, tzw. \u2018low hanging fruits\u2019 pozwoli pokry\u0107 koszt raportu. Jest to bardzo wa\u017cne przy rozwa\u017caniu zwrotu z inwestycji. Szczeg\u00f3\u0142owy opis ka\u017cdego obszaru znajduje si\u0119 w opisie na dole strony. &nbsp;","og_url":"https:\/\/saunagrow.com\/pl\/shop\/biznesowy-bilans-zdrowotny\/","og_site_name":"SaunaGrow.com","article_modified_time":"2022-11-26T20:08:18+00:00","og_image":[{"width":1030,"height":1030,"url":"https:\/\/saunagrow.com\/wp-content\/uploads\/2022\/06\/BBZ_Model_Scaling-premium-1030x1030.png","type":"image\/png"}],"twitter_card":"summary_large_image","twitter_misc":{"Szacowany czas czytania":"2 minuty"},"schema":{"@context":"https:\/\/schema.org","@graph":[{"@type":"WebPage","@id":"https:\/\/saunagrow.com\/pl\/shop\/biznesowy-bilans-zdrowotny\/","url":"https:\/\/saunagrow.com\/pl\/shop\/biznesowy-bilans-zdrowotny\/","name":"Biznesowy Bilans Zdrowotny - SaunaGrow.com","isPartOf":{"@id":"https:\/\/saunagrow.com\/pl\/#website"},"primaryImageOfPage":{"@id":"https:\/\/saunagrow.com\/pl\/shop\/biznesowy-bilans-zdrowotny\/#primaryimage"},"image":{"@id":"https:\/\/saunagrow.com\/pl\/shop\/biznesowy-bilans-zdrowotny\/#primaryimage"},"thumbnailUrl":"https:\/\/saunagrow.com\/wp-content\/uploads\/2022\/06\/BBZ_Model_Scaling-premium.png","datePublished":"2022-06-21T12:58:44+00:00","dateModified":"2022-11-26T20:08:18+00:00","breadcrumb":{"@id":"https:\/\/saunagrow.com\/pl\/shop\/biznesowy-bilans-zdrowotny\/#breadcrumb"},"inLanguage":"pl-PL","potentialAction":[{"@type":"ReadAction","target":["https:\/\/saunagrow.com\/pl\/shop\/biznesowy-bilans-zdrowotny\/"]}]},{"@type":"ImageObject","inLanguage":"pl-PL","@id":"https:\/\/saunagrow.com\/pl\/shop\/biznesowy-bilans-zdrowotny\/#primaryimage","url":"https:\/\/saunagrow.com\/wp-content\/uploads\/2022\/06\/BBZ_Model_Scaling-premium.png","contentUrl":"https:\/\/saunagrow.com\/wp-content\/uploads\/2022\/06\/BBZ_Model_Scaling-premium.png","width":1200,"height":1200},{"@type":"BreadcrumbList","@id":"https:\/\/saunagrow.com\/pl\/shop\/biznesowy-bilans-zdrowotny\/#breadcrumb","itemListElement":[{"@type":"ListItem","position":1,"name":"Home","item":"https:\/\/saunagrow.com\/pl\/misja\/"},{"@type":"ListItem","position":2,"name":"Produkty","item":"https:\/\/saunagrow.com\/pl\/sklep\/"},{"@type":"ListItem","position":3,"name":"Biznesowy Bilans Zdrowotny"}]},{"@type":"WebSite","@id":"https:\/\/saunagrow.com\/pl\/#website","url":"https:\/\/saunagrow.com\/pl\/","name":"SaunaGrow.com","description":"Meet in Sauna. Grow your Business. Support Charity","potentialAction":[{"@type":"SearchAction","target":{"@type":"EntryPoint","urlTemplate":"https:\/\/saunagrow.com\/pl\/?s={search_term_string}"},"query-input":{"@type":"PropertyValueSpecification","valueRequired":true,"valueName":"search_term_string"}}],"inLanguage":"pl-PL"}]}},"_links":{"self":[{"href":"https:\/\/saunagrow.com\/pl\/wp-json\/wp\/v2\/product\/7321","targetHints":{"allow":["GET"]}}],"collection":[{"href":"https:\/\/saunagrow.com\/pl\/wp-json\/wp\/v2\/product"}],"about":[{"href":"https:\/\/saunagrow.com\/pl\/wp-json\/wp\/v2\/types\/product"}],"replies":[{"embeddable":true,"href":"https:\/\/saunagrow.com\/pl\/wp-json\/wp\/v2\/comments?post=7321"}],"wp:featuredmedia":[{"embeddable":true,"href":"https:\/\/saunagrow.com\/pl\/wp-json\/wp\/v2\/media\/7537"}],"wp:attachment":[{"href":"https:\/\/saunagrow.com\/pl\/wp-json\/wp\/v2\/media?parent=7321"}],"wp:term":[{"taxonomy":"product_brand","embeddable":true,"href":"https:\/\/saunagrow.com\/pl\/wp-json\/wp\/v2\/product_brand?post=7321"},{"taxonomy":"product_cat","embeddable":true,"href":"https:\/\/saunagrow.com\/pl\/wp-json\/wp\/v2\/product_cat?post=7321"},{"taxonomy":"product_tag","embeddable":true,"href":"https:\/\/saunagrow.com\/pl\/wp-json\/wp\/v2\/product_tag?post=7321"}],"curies":[{"name":"wp","href":"https:\/\/api.w.org\/{rel}","templated":true}]}}