{"id":9061,"date":"2023-03-22T14:48:20","date_gmt":"2023-03-22T14:48:20","guid":{"rendered":"https:\/\/saunagrow.com\/?post_type=product&#038;p=9061"},"modified":"2023-09-07T18:48:57","modified_gmt":"2023-09-07T18:48:57","slug":"rapid","status":"publish","type":"product","link":"https:\/\/saunagrow.com\/pl\/shop\/rapid\/","title":{"rendered":"Kurs: Metoda R.A.P.I.D. &#8211; gdy Twoja firma ro\u015bnie szybko"},"content":{"rendered":"<p><strong>W czym ten kurs Tobie pomo\u017ce?<\/strong><\/p>\n<ul>\n<li style=\"font-weight: 400;\" aria-level=\"1\"><span style=\"font-weight: 400;\">w ogarni\u0119ciu kilkunastu najistotniejszych obszar\u00f3w szybko rosn\u0105cej firmy<\/span><\/li>\n<li style=\"font-weight: 400;\" aria-level=\"1\"><span style=\"font-weight: 400;\">w upewnieniu si\u0119, czy patrzysz na w\u0142a\u015bciwe i krytyczne elementy<\/span><\/li>\n<li style=\"font-weight: 400;\" aria-level=\"1\"><span style=\"font-weight: 400;\">w podj\u0119ciu decyzji o adekwatnym rozwoju struktury Twojej organizacji<\/span><\/li>\n<li style=\"font-weight: 400;\" aria-level=\"1\"><span style=\"font-weight: 400;\">w sprawdzeniu, czy Twoje dzia\u0142ania s\u0105 w\u0142a\u015bciwie zaplanowane, wynikaj\u0105 ze strategii, a ta z wizji i misji<\/span><\/li>\n<li style=\"font-weight: 400;\" aria-level=\"1\"><span style=\"font-weight: 400;\">w budowaniu organizacji opartej na danych i kieruj\u0105cej si\u0119 mierzalnymi celami<\/span><\/li>\n<li style=\"font-weight: 400;\" aria-level=\"1\"><span style=\"font-weight: 400;\">w lepszej komunikacji wewn\u0119trznej, w tym tej ze wsp\u00f3\u0142pracownikami<\/span><\/li>\n<li style=\"font-weight: 400;\" aria-level=\"1\"><span style=\"font-weight: 400;\">w zaplanowaniu krok\u00f3w dalszego rozwoju na kolejne miesi\u0105ce &amp; lata<\/span><\/li>\n<li style=\"font-weight: 400;\" aria-level=\"1\"><span style=\"font-weight: 400;\">w doborze kluczowych rezultat\u00f3w i zdrowych metryk biznesu, na kt\u00f3re warto patrze\u0107 z za\u0142o\u017con\u0105 regularno\u015bci\u0105<\/span><\/li>\n<li style=\"font-weight: 400;\" aria-level=\"1\"><span style=\"font-weight: 400;\">w osi\u0105gni\u0119ciu wi\u0119kszego spokoju w chaosie prowadzenia firmy, spokoju wynikaj\u0105cego z planu, a nie z zaprzestania wzrostu<\/span><\/li>\n<\/ul>\n<p><strong>Chcesz, aby Twoja firma ros\u0142a m\u0105drze? Skorzystaj ze wsparcia os\u00f3b, kt\u00f3re ju\u017c kilkakrotnie by\u0142y tam, gdzie Ty chcesz dotrze\u0107 w najbli\u017cszym czasie.<\/strong><\/p>\n","protected":false},"excerpt":{"rendered":"<p><span style=\"font-weight: 400;\"><strong>Metoda R.A.P.I.D.<\/strong> to pi\u0119cioelementowy proces \u015bwiadomej analizy i usprawnienia w\u0142asnego biznesu w kluczowych jego obszarach zwi\u0105zanych z dynamicznym wzrostem.<\/span><\/p>\n<p>&nbsp;<\/p>\n<p><strong>Dla kogo jest ten kurs?<\/strong><\/p>\n<p><span style=\"font-weight: 400;\">Dla w\u0142a\u015bcicieli oraz kadry zarz\u0105dzaj\u0105cej firmami, kt\u00f3re w ci\u0105gu kilkunastu miesi\u0119cy uros\u0142y przynajmniej dwukrotnie, a wielko\u015b\u0107 zespo\u0142u przekroczy\u0142a ju\u017c 50 os\u00f3b.<\/span><\/p>\n<p><span class=\"S1PPyQ\">Kurs sk\u0142ada si\u0119 z 5 modu\u0142\u00f3w, a ka\u017cdy z nich zawiera zestaw ponad 20 film\u00f3w, z kt\u00f3rych wiele zawiera dodatkowe \u0107wiczenia i zadania, kt\u00f3re pomog\u0105 w danym obszarze. <\/span><\/p>\n<p>&nbsp;<\/p>\n<p>Ramowy plan kursu znajduje si\u0119 <a href=\"https:\/\/saunagrow.com\/wp-content\/uploads\/2023\/04\/Ramowy-plan-kursu.pdf\" target=\"_blank\" rel=\"noopener\">TUTAJ<\/a>.<\/p>\n","protected":false},"featured_media":9062,"comment_status":"closed","ping_status":"closed","template":"","meta":[],"product_brand":[],"product_cat":[53],"product_tag":[],"class_list":{"0":"post-9061","1":"product","2":"type-product","3":"status-publish","4":"has-post-thumbnail","6":"product_cat-inne","8":"first","9":"instock","10":"virtual","11":"taxable","12":"purchasable","13":"product-type-simple"},"yoast_head":"<!-- This site is optimized with the Yoast SEO plugin v27.4 - https:\/\/yoast.com\/product\/yoast-seo-wordpress\/ -->\n<title>Kurs: Metoda R.A.P.I.D. - gdy Twoja firma ro\u015bnie szybko - SaunaGrow.com<\/title>\n<meta name=\"description\" content=\"Chcesz, aby Twoja firma ros\u0142a m\u0105drze? Skorzystaj ze wsparcia os\u00f3b, kt\u00f3re ju\u017c kilkakrotnie by\u0142y tam, gdzie Ty chcesz dotrze\u0107 w najbli\u017cszym czasie.\" \/>\n<meta name=\"robots\" content=\"index, follow, max-snippet:-1, max-image-preview:large, max-video-preview:-1\" \/>\n<link rel=\"canonical\" href=\"https:\/\/saunagrow.com\/pl\/shop\/rapid\/\" \/>\n<meta property=\"og:locale\" content=\"pl_PL\" \/>\n<meta property=\"og:type\" content=\"article\" \/>\n<meta property=\"og:title\" content=\"Kurs: Metoda R.A.P.I.D. - gdy Twoja firma ro\u015bnie szybko - SaunaGrow.com\" \/>\n<meta property=\"og:description\" content=\"Chcesz, aby Twoja firma ros\u0142a m\u0105drze? Skorzystaj ze wsparcia os\u00f3b, kt\u00f3re ju\u017c kilkakrotnie by\u0142y tam, gdzie Ty chcesz dotrze\u0107 w najbli\u017cszym czasie.\" \/>\n<meta property=\"og:url\" content=\"https:\/\/saunagrow.com\/pl\/shop\/rapid\/\" \/>\n<meta property=\"og:site_name\" content=\"SaunaGrow.com\" \/>\n<meta property=\"article:modified_time\" content=\"2023-09-07T18:48:57+00:00\" \/>\n<meta property=\"og:image\" content=\"https:\/\/saunagrow.com\/wp-content\/uploads\/2023\/03\/metoda-R.A.P.I.D.-1.png\" \/>\n\t<meta property=\"og:image:width\" content=\"1080\" \/>\n\t<meta property=\"og:image:height\" content=\"1080\" \/>\n\t<meta property=\"og:image:type\" content=\"image\/png\" \/>\n<meta name=\"twitter:card\" content=\"summary_large_image\" \/>\n<meta name=\"twitter:label1\" content=\"Szacowany czas czytania\" \/>\n\t<meta name=\"twitter:data1\" content=\"1 minuta\" \/>\n<script type=\"application\/ld+json\" class=\"yoast-schema-graph\">{\"@context\":\"https:\\\/\\\/schema.org\",\"@graph\":[{\"@type\":\"WebPage\",\"@id\":\"https:\\\/\\\/saunagrow.com\\\/pl\\\/shop\\\/rapid\\\/\",\"url\":\"https:\\\/\\\/saunagrow.com\\\/pl\\\/shop\\\/rapid\\\/\",\"name\":\"Kurs: Metoda R.A.P.I.D. - gdy Twoja firma ro\u015bnie szybko - SaunaGrow.com\",\"isPartOf\":{\"@id\":\"https:\\\/\\\/saunagrow.com\\\/pl\\\/#website\"},\"primaryImageOfPage\":{\"@id\":\"https:\\\/\\\/saunagrow.com\\\/pl\\\/shop\\\/rapid\\\/#primaryimage\"},\"image\":{\"@id\":\"https:\\\/\\\/saunagrow.com\\\/pl\\\/shop\\\/rapid\\\/#primaryimage\"},\"thumbnailUrl\":\"https:\\\/\\\/saunagrow.com\\\/wp-content\\\/uploads\\\/2023\\\/03\\\/metoda-R.A.P.I.D.-1.png\",\"datePublished\":\"2023-03-22T14:48:20+00:00\",\"dateModified\":\"2023-09-07T18:48:57+00:00\",\"description\":\"Chcesz, aby Twoja firma ros\u0142a m\u0105drze? Skorzystaj ze wsparcia os\u00f3b, kt\u00f3re ju\u017c kilkakrotnie by\u0142y tam, gdzie Ty chcesz dotrze\u0107 w najbli\u017cszym czasie.\",\"breadcrumb\":{\"@id\":\"https:\\\/\\\/saunagrow.com\\\/pl\\\/shop\\\/rapid\\\/#breadcrumb\"},\"inLanguage\":\"pl-PL\",\"potentialAction\":[{\"@type\":\"ReadAction\",\"target\":[\"https:\\\/\\\/saunagrow.com\\\/pl\\\/shop\\\/rapid\\\/\"]}]},{\"@type\":\"ImageObject\",\"inLanguage\":\"pl-PL\",\"@id\":\"https:\\\/\\\/saunagrow.com\\\/pl\\\/shop\\\/rapid\\\/#primaryimage\",\"url\":\"https:\\\/\\\/saunagrow.com\\\/wp-content\\\/uploads\\\/2023\\\/03\\\/metoda-R.A.P.I.D.-1.png\",\"contentUrl\":\"https:\\\/\\\/saunagrow.com\\\/wp-content\\\/uploads\\\/2023\\\/03\\\/metoda-R.A.P.I.D.-1.png\",\"width\":1080,\"height\":1080},{\"@type\":\"BreadcrumbList\",\"@id\":\"https:\\\/\\\/saunagrow.com\\\/pl\\\/shop\\\/rapid\\\/#breadcrumb\",\"itemListElement\":[{\"@type\":\"ListItem\",\"position\":1,\"name\":\"Home\",\"item\":\"https:\\\/\\\/saunagrow.com\\\/pl\\\/misja\\\/\"},{\"@type\":\"ListItem\",\"position\":2,\"name\":\"Produkty\",\"item\":\"https:\\\/\\\/saunagrow.com\\\/pl\\\/sklep\\\/\"},{\"@type\":\"ListItem\",\"position\":3,\"name\":\"Kurs: Metoda R.A.P.I.D. &#8211; gdy Twoja firma ro\u015bnie szybko\"}]},{\"@type\":\"WebSite\",\"@id\":\"https:\\\/\\\/saunagrow.com\\\/pl\\\/#website\",\"url\":\"https:\\\/\\\/saunagrow.com\\\/pl\\\/\",\"name\":\"SaunaGrow.com\",\"description\":\"Meet in Sauna. Grow your Business. Support Charity\",\"potentialAction\":[{\"@type\":\"SearchAction\",\"target\":{\"@type\":\"EntryPoint\",\"urlTemplate\":\"https:\\\/\\\/saunagrow.com\\\/pl\\\/?s={search_term_string}\"},\"query-input\":{\"@type\":\"PropertyValueSpecification\",\"valueRequired\":true,\"valueName\":\"search_term_string\"}}],\"inLanguage\":\"pl-PL\"}]}<\/script>\n<!-- \/ Yoast SEO plugin. -->","yoast_head_json":{"title":"Kurs: Metoda R.A.P.I.D. - gdy Twoja firma ro\u015bnie szybko - SaunaGrow.com","description":"Chcesz, aby Twoja firma ros\u0142a m\u0105drze? Skorzystaj ze wsparcia os\u00f3b, kt\u00f3re ju\u017c kilkakrotnie by\u0142y tam, gdzie Ty chcesz dotrze\u0107 w najbli\u017cszym czasie.","robots":{"index":"index","follow":"follow","max-snippet":"max-snippet:-1","max-image-preview":"max-image-preview:large","max-video-preview":"max-video-preview:-1"},"canonical":"https:\/\/saunagrow.com\/pl\/shop\/rapid\/","og_locale":"pl_PL","og_type":"article","og_title":"Kurs: Metoda R.A.P.I.D. - gdy Twoja firma ro\u015bnie szybko - SaunaGrow.com","og_description":"Chcesz, aby Twoja firma ros\u0142a m\u0105drze? Skorzystaj ze wsparcia os\u00f3b, kt\u00f3re ju\u017c kilkakrotnie by\u0142y tam, gdzie Ty chcesz dotrze\u0107 w najbli\u017cszym czasie.","og_url":"https:\/\/saunagrow.com\/pl\/shop\/rapid\/","og_site_name":"SaunaGrow.com","article_modified_time":"2023-09-07T18:48:57+00:00","og_image":[{"width":1080,"height":1080,"url":"https:\/\/saunagrow.com\/wp-content\/uploads\/2023\/03\/metoda-R.A.P.I.D.-1.png","type":"image\/png"}],"twitter_card":"summary_large_image","twitter_misc":{"Szacowany czas czytania":"1 minuta"},"schema":{"@context":"https:\/\/schema.org","@graph":[{"@type":"WebPage","@id":"https:\/\/saunagrow.com\/pl\/shop\/rapid\/","url":"https:\/\/saunagrow.com\/pl\/shop\/rapid\/","name":"Kurs: Metoda R.A.P.I.D. - gdy Twoja firma ro\u015bnie szybko - SaunaGrow.com","isPartOf":{"@id":"https:\/\/saunagrow.com\/pl\/#website"},"primaryImageOfPage":{"@id":"https:\/\/saunagrow.com\/pl\/shop\/rapid\/#primaryimage"},"image":{"@id":"https:\/\/saunagrow.com\/pl\/shop\/rapid\/#primaryimage"},"thumbnailUrl":"https:\/\/saunagrow.com\/wp-content\/uploads\/2023\/03\/metoda-R.A.P.I.D.-1.png","datePublished":"2023-03-22T14:48:20+00:00","dateModified":"2023-09-07T18:48:57+00:00","description":"Chcesz, aby Twoja firma ros\u0142a m\u0105drze? Skorzystaj ze wsparcia os\u00f3b, kt\u00f3re ju\u017c kilkakrotnie by\u0142y tam, gdzie Ty chcesz dotrze\u0107 w najbli\u017cszym czasie.","breadcrumb":{"@id":"https:\/\/saunagrow.com\/pl\/shop\/rapid\/#breadcrumb"},"inLanguage":"pl-PL","potentialAction":[{"@type":"ReadAction","target":["https:\/\/saunagrow.com\/pl\/shop\/rapid\/"]}]},{"@type":"ImageObject","inLanguage":"pl-PL","@id":"https:\/\/saunagrow.com\/pl\/shop\/rapid\/#primaryimage","url":"https:\/\/saunagrow.com\/wp-content\/uploads\/2023\/03\/metoda-R.A.P.I.D.-1.png","contentUrl":"https:\/\/saunagrow.com\/wp-content\/uploads\/2023\/03\/metoda-R.A.P.I.D.-1.png","width":1080,"height":1080},{"@type":"BreadcrumbList","@id":"https:\/\/saunagrow.com\/pl\/shop\/rapid\/#breadcrumb","itemListElement":[{"@type":"ListItem","position":1,"name":"Home","item":"https:\/\/saunagrow.com\/pl\/misja\/"},{"@type":"ListItem","position":2,"name":"Produkty","item":"https:\/\/saunagrow.com\/pl\/sklep\/"},{"@type":"ListItem","position":3,"name":"Kurs: Metoda R.A.P.I.D. &#8211; gdy Twoja firma ro\u015bnie szybko"}]},{"@type":"WebSite","@id":"https:\/\/saunagrow.com\/pl\/#website","url":"https:\/\/saunagrow.com\/pl\/","name":"SaunaGrow.com","description":"Meet in Sauna. Grow your Business. Support Charity","potentialAction":[{"@type":"SearchAction","target":{"@type":"EntryPoint","urlTemplate":"https:\/\/saunagrow.com\/pl\/?s={search_term_string}"},"query-input":{"@type":"PropertyValueSpecification","valueRequired":true,"valueName":"search_term_string"}}],"inLanguage":"pl-PL"}]}},"_links":{"self":[{"href":"https:\/\/saunagrow.com\/pl\/wp-json\/wp\/v2\/product\/9061","targetHints":{"allow":["GET"]}}],"collection":[{"href":"https:\/\/saunagrow.com\/pl\/wp-json\/wp\/v2\/product"}],"about":[{"href":"https:\/\/saunagrow.com\/pl\/wp-json\/wp\/v2\/types\/product"}],"replies":[{"embeddable":true,"href":"https:\/\/saunagrow.com\/pl\/wp-json\/wp\/v2\/comments?post=9061"}],"wp:featuredmedia":[{"embeddable":true,"href":"https:\/\/saunagrow.com\/pl\/wp-json\/wp\/v2\/media\/9062"}],"wp:attachment":[{"href":"https:\/\/saunagrow.com\/pl\/wp-json\/wp\/v2\/media?parent=9061"}],"wp:term":[{"taxonomy":"product_brand","embeddable":true,"href":"https:\/\/saunagrow.com\/pl\/wp-json\/wp\/v2\/product_brand?post=9061"},{"taxonomy":"product_cat","embeddable":true,"href":"https:\/\/saunagrow.com\/pl\/wp-json\/wp\/v2\/product_cat?post=9061"},{"taxonomy":"product_tag","embeddable":true,"href":"https:\/\/saunagrow.com\/pl\/wp-json\/wp\/v2\/product_tag?post=9061"}],"curies":[{"name":"wp","href":"https:\/\/api.w.org\/{rel}","templated":true}]}}